{"id":10485,"date":"2026-04-16T07:29:51","date_gmt":"2026-04-16T06:29:51","guid":{"rendered":"https:\/\/els-solutions.com\/cms\/termos-de-uso\/"},"modified":"2026-04-16T07:48:39","modified_gmt":"2026-04-16T06:48:39","slug":"terms-of-use","status":"publish","type":"page","link":"https:\/\/els-solutions.com\/en\/terms-of-use\/","title":{"rendered":"Terms of Use"},"content":{"rendered":"\t\t<div data-elementor-type=\"wp-page\" data-elementor-id=\"10485\" class=\"elementor elementor-10485\" data-elementor-post-type=\"page\">\n\t\t\t\t<div class=\"elementor-element elementor-element-4f46a4b5 e-flex e-con-boxed e-con e-parent\" data-id=\"4f46a4b5\" data-element_type=\"container\" data-e-type=\"container\" data-settings=\"{&quot;background_background&quot;:&quot;classic&quot;}\">\n\t\t\t\t\t<div class=\"e-con-inner\">\n\t\t<div class=\"elementor-element elementor-element-1bc36867 e-con-full e-flex e-con e-child\" data-id=\"1bc36867\" data-element_type=\"container\" data-e-type=\"container\">\n\t\t\t\t<div class=\"elementor-element elementor-element-6a235676 elementor-widget__width-inherit elementor-widget elementor-widget-heading\" data-id=\"6a235676\" data-element_type=\"widget\" data-e-type=\"widget\" data-widget_type=\"heading.default\">\n\t\t\t\t\t<h1 class=\"elementor-heading-title elementor-size-default\">Terms and Conditions<\/h1>\t\t\t\t<\/div>\n\t\t\t\t<\/div>\n\t\t\t\t\t<\/div>\n\t\t\t\t<\/div>\n\t\t<div class=\"elementor-element elementor-element-65011643 e-flex e-con-boxed e-con e-parent\" data-id=\"65011643\" data-element_type=\"container\" data-e-type=\"container\">\n\t\t\t\t\t<div class=\"e-con-inner\">\n\t\t\t\t<div class=\"elementor-element elementor-element-49a03075 elementor-widget__width-inherit elementor-widget elementor-widget-text-editor\" data-id=\"49a03075\" data-element_type=\"widget\" data-e-type=\"widget\" data-widget_type=\"text-editor.default\">\n\t\t\t\t\t\t\t\t\t<p>These terms and conditions govern the use of the ELS SOLUTIONS GDIA \u2013 UNIPESSOAL LDA website (https:\/\/www.els-solutions.com\/).<br \/>Access to and use of this website implies acceptance of all clauses contained in these terms and conditions, which may be unilaterally changed at any time by ELS SOLUTIONS GDIA \u2013 UNIPESSOAL LDA. It is the responsibility of the user or anyone accessing the website to carefully and fully read the terms and conditions in force each time they access or use the website.<\/p>\t\t\t\t\t\t\t\t<\/div>\n\t\t\t\t<div class=\"elementor-element elementor-element-2319e754 elementor-widget__width-inherit elementor-widget-tablet__width-inherit elementor-widget elementor-widget-heading\" data-id=\"2319e754\" data-element_type=\"widget\" data-e-type=\"widget\" data-widget_type=\"heading.default\">\n\t\t\t\t\t<h2 class=\"elementor-heading-title elementor-size-default\">1. General Information<\/h2>\t\t\t\t<\/div>\n\t\t\t\t<div class=\"elementor-element elementor-element-72147fe0 elementor-widget__width-inherit elementor-widget elementor-widget-text-editor\" data-id=\"72147fe0\" data-element_type=\"widget\" data-e-type=\"widget\" data-widget_type=\"text-editor.default\">\n\t\t\t\t\t\t\t\t\t<p>ELS SOLUTIONS GDIA \u2013 UNIPESSOAL LDA, a single-member limited liability company, with its registered office at Rua de S\u00e3o Jos\u00e9, N\u00ba 35 \u2013 3\u00ba A, Edif\u00edcio Libersil, Torre B L 1150-321 Lisboa, Portugal, with a share capital of \u20ac50,000.00 (fifty thousand Euros), registered at the Lisbon Commercial Registry under number 513185470 (hereinafter referred to as \u201cELS Solutions\u201d).<\/p>\t\t\t\t\t\t\t\t<\/div>\n\t\t\t\t<div class=\"elementor-element elementor-element-70345f5a elementor-widget__width-inherit elementor-widget-tablet__width-inherit elementor-widget elementor-widget-heading\" data-id=\"70345f5a\" data-element_type=\"widget\" data-e-type=\"widget\" data-widget_type=\"heading.default\">\n\t\t\t\t\t<h2 class=\"elementor-heading-title elementor-size-default\">2. Prior Concepts<\/h2>\t\t\t\t<\/div>\n\t\t\t\t<div class=\"elementor-element elementor-element-3d989f26 elementor-widget__width-inherit elementor-widget elementor-widget-text-editor\" data-id=\"3d989f26\" data-element_type=\"widget\" data-e-type=\"widget\" data-widget_type=\"text-editor.default\">\n\t\t\t\t\t\t\t\t\t<p>i. Content \u2013 \u200b\u200bAll information available to the user on the website, in any format (text, images, videos, audio, among others).<br \/>ii. Website \u2013 collection of web pages, in HTML format, owned and registered in the name of ELS SOLUTIONS GDIA \u2013 UNIPESSOAL LDA, accessible via computer, mobile phone, tablet, or any other electronic means.<br \/>iii. User \u2013 the individual(s) or company(ies) that access(es) and\/or use the ELS Solutions website (https:\/\/www.els-solutions.com\/) via computer, mobile phone, tablet, or any other electronic means.<\/p>\t\t\t\t\t\t\t\t<\/div>\n\t\t\t\t<div class=\"elementor-element elementor-element-1aacafdf elementor-widget__width-inherit elementor-widget-tablet__width-inherit elementor-widget elementor-widget-heading\" data-id=\"1aacafdf\" data-element_type=\"widget\" data-e-type=\"widget\" data-widget_type=\"heading.default\">\n\t\t\t\t\t<h2 class=\"elementor-heading-title elementor-size-default\">3. General terms of use<\/h2>\t\t\t\t<\/div>\n\t\t\t\t<div class=\"elementor-element elementor-element-c078230 elementor-widget__width-inherit elementor-widget elementor-widget-text-editor\" data-id=\"c078230\" data-element_type=\"widget\" data-e-type=\"widget\" data-widget_type=\"text-editor.default\">\n\t\t\t\t\t\t\t\t\t<p>The use of the ELS Solutions website must comply with the content of these Terms and Conditions, applicable laws, and always be guided by good faith and good customs.<br \/>Unless previously and expressly authorized by ELS Solutions, users may not perform any act that, directly or indirectly, involves the commercial exploitation of the site.<br \/>Users, when accessing and using the website, must refrain from committing acts considered illegal under current law. They will be held responsible for behaviors or acts that, in any way, may be considered illegal or harmful to the rights and interests of third parties, which may, in particular, prevent or limit the use of the website by third parties. Users will also be held responsible for any damages suffered by ELS Solutions as a result of the user&#8217;s direct or indirect actions that are not in accordance with applicable regulations and the terms and conditions of this website. ELS Solutions has the right to deny access to and use of the website to the user in case of non-compliance with the rules set forth herein, without any prior notice.<\/p>\t\t\t\t\t\t\t\t<\/div>\n\t\t\t\t<div class=\"elementor-element elementor-element-31adf3c9 elementor-widget__width-inherit elementor-widget-tablet__width-inherit elementor-widget elementor-widget-heading\" data-id=\"31adf3c9\" data-element_type=\"widget\" data-e-type=\"widget\" data-widget_type=\"heading.default\">\n\t\t\t\t\t<h2 class=\"elementor-heading-title elementor-size-default\">4. Intellectual Property<\/h2>\t\t\t\t<\/div>\n\t\t\t\t<div class=\"elementor-element elementor-element-550294f0 elementor-widget__width-inherit elementor-widget elementor-widget-text-editor\" data-id=\"550294f0\" data-element_type=\"widget\" data-e-type=\"widget\" data-widget_type=\"text-editor.default\">\n\t\t\t\t\t\t\t\t\t<p>The use of the website, as well as the use of its content, does not imply or confer on the user any licenses or intellectual property rights over the website&#8217;s content. These terms of use do not grant the right to use the trademarks or logos used on the website. The user must not remove, conceal, or alter any legal notice displayed on the website.<br \/>The property rights to all content on the website belong exclusively to ELS SOLUTIONS GDIA \u2013 UNIPESSOAL LDA. The total or partial reproduction and\/or publication of the website, its computer processing, its distribution, its public communication, or its modification or transformation, without the prior written authorization of ELS Solutions, is strictly prohibited and may lead to the exercise of any legal means or actions by ELS Solutions in defense of its rights.<\/p>\t\t\t\t\t\t\t\t<\/div>\n\t\t\t\t<div class=\"elementor-element elementor-element-7e7535af elementor-widget__width-inherit elementor-widget-tablet__width-inherit elementor-widget elementor-widget-heading\" data-id=\"7e7535af\" data-element_type=\"widget\" data-e-type=\"widget\" data-widget_type=\"heading.default\">\n\t\t\t\t\t<h2 class=\"elementor-heading-title elementor-size-default\">5. Interruption or suspension of access<\/h2>\t\t\t\t<\/div>\n\t\t\t\t<div class=\"elementor-element elementor-element-70181fe3 elementor-widget__width-inherit elementor-widget elementor-widget-text-editor\" data-id=\"70181fe3\" data-element_type=\"widget\" data-e-type=\"widget\" data-widget_type=\"text-editor.default\">\n\t\t\t\t\t\t\t\t\t<p>Users of the site declare and guarantee that they will not misuse the site. As examples of this duty, the user must not interfere with its content, nor must they access the site through methods other than the interface and instructions provided. The use of the site must be guided only by the terms permitted by law.<\/p><p>ELS Solutions has the right to interrupt access to its site for the period it deems necessary (whether temporary or permanent), for any technical, administrative, force majeure or other reasons that may arise and are not contemplated here.<\/p><p>ELS Solutions cannot be held liable for any suspension or interruption of access that may occur as a result of something that is not attributable to it or that is attributable to mere negligence.<\/p>\t\t\t\t\t\t\t\t<\/div>\n\t\t\t\t<div class=\"elementor-element elementor-element-21bef75a elementor-widget__width-inherit elementor-widget-tablet__width-inherit elementor-widget elementor-widget-heading\" data-id=\"21bef75a\" data-element_type=\"widget\" data-e-type=\"widget\" data-widget_type=\"heading.default\">\n\t\t\t\t\t<h2 class=\"elementor-heading-title elementor-size-default\">6. Links to third-party websites<\/h2>\t\t\t\t<\/div>\n\t\t\t\t<div class=\"elementor-element elementor-element-ff57769 elementor-widget__width-inherit elementor-widget elementor-widget-text-editor\" data-id=\"ff57769\" data-element_type=\"widget\" data-e-type=\"widget\" data-widget_type=\"text-editor.default\">\n\t\t\t\t\t\t\t\t\t<p>The website uses hyperlinks and cookies to improve navigation. When the website links to external content \u2013 \u200b\u200bi.e., when the website sends the user to third-party websites not belonging to ELS Solutions \u2013 the content of those websites is the sole responsibility of the entity that provides them.<\/p>\t\t\t\t\t\t\t\t<\/div>\n\t\t\t\t<div class=\"elementor-element elementor-element-1a05cffa elementor-widget__width-inherit elementor-widget-tablet__width-inherit elementor-widget elementor-widget-heading\" data-id=\"1a05cffa\" data-element_type=\"widget\" data-e-type=\"widget\" data-widget_type=\"heading.default\">\n\t\t\t\t\t<h2 class=\"elementor-heading-title elementor-size-default\">7. Modification and Termination of Services<\/h2>\t\t\t\t<\/div>\n\t\t\t\t<div class=\"elementor-element elementor-element-44ae196a elementor-widget__width-inherit elementor-widget elementor-widget-text-editor\" data-id=\"44ae196a\" data-element_type=\"widget\" data-e-type=\"widget\" data-widget_type=\"text-editor.default\">\n\t\t\t\t\t\t\t\t\t<p>The content of the website may be changed at any time. ELS Solutions may add content, as well as remove it, and may also suspend or completely stop the operation of the website. ELS Solutions may also add or create new limits to access or use of the website.<\/p>\t\t\t\t\t\t\t\t<\/div>\n\t\t\t\t<div class=\"elementor-element elementor-element-673eb1c4 elementor-widget__width-inherit elementor-widget-tablet__width-inherit elementor-widget elementor-widget-heading\" data-id=\"673eb1c4\" data-element_type=\"widget\" data-e-type=\"widget\" data-widget_type=\"heading.default\">\n\t\t\t\t\t<h2 class=\"elementor-heading-title elementor-size-default\">8. Responsibility<\/h2>\t\t\t\t<\/div>\n\t\t\t\t<div class=\"elementor-element elementor-element-d03979f elementor-widget__width-inherit elementor-widget elementor-widget-text-editor\" data-id=\"d03979f\" data-element_type=\"widget\" data-e-type=\"widget\" data-widget_type=\"text-editor.default\">\n\t\t\t\t\t\t\t\t\t<p>ELS Solutions is not responsible for the misuse of the site&#8217;s content. Both access to and use of the site are the sole responsibility of the user. ELS Solutions is not responsible for the consequences, losses, or damages that the user may suffer from accessing or using the site.<\/p><p>ELS Solutions does not guarantee the functionality of the site. However, when feasible or foreseeable, users will be notified of possible interruptions to the site&#8217;s functionality.<br \/>The user is solely responsible for the decisions they make based on the site&#8217;s content. ELS Solutions does not guarantee the usefulness, accuracy, and updating of its site&#8217;s content, and therefore will not be liable for the consequences, losses, or damages that the user may suffer as a result of the decisions and actions they have taken in relation to the site&#8217;s content.<\/p><p>ELS Solutions does not guarantee the absence of viruses or any other harmful elements introduced into the site by other users or third parties that may cause alterations or problems of any kind in users&#8217; computer systems (software and hardware) or in electronic documents and files stored on the computer.<\/p>\t\t\t\t\t\t\t\t<\/div>\n\t\t\t\t<div class=\"elementor-element elementor-element-46a66f3f elementor-widget__width-inherit elementor-widget-tablet__width-inherit elementor-widget elementor-widget-heading\" data-id=\"46a66f3f\" data-element_type=\"widget\" data-e-type=\"widget\" data-widget_type=\"heading.default\">\n\t\t\t\t\t<h2 class=\"elementor-heading-title elementor-size-default\">9. Data protection<\/h2>\t\t\t\t<\/div>\n\t\t\t\t<div class=\"elementor-element elementor-element-44fa7573 elementor-widget__width-inherit elementor-widget elementor-widget-text-editor\" data-id=\"44fa7573\" data-element_type=\"widget\" data-e-type=\"widget\" data-widget_type=\"text-editor.default\">\n\t\t\t\t\t\t\t\t\t<p>You can view our privacy policy here.<\/p>\t\t\t\t\t\t\t\t<\/div>\n\t\t\t\t<div class=\"elementor-element elementor-element-1563dae7 elementor-widget__width-inherit elementor-widget-tablet__width-inherit elementor-widget elementor-widget-heading\" data-id=\"1563dae7\" data-element_type=\"widget\" data-e-type=\"widget\" data-widget_type=\"heading.default\">\n\t\t\t\t\t<h2 class=\"elementor-heading-title elementor-size-default\">10. Contact<\/h2>\t\t\t\t<\/div>\n\t\t\t\t<div class=\"elementor-element elementor-element-7dc34a0a elementor-widget__width-inherit elementor-widget elementor-widget-text-editor\" data-id=\"7dc34a0a\" data-element_type=\"widget\" data-e-type=\"widget\" data-widget_type=\"text-editor.default\">\n\t\t\t\t\t\t\t\t\t<p>For clarification of any questions related to these terms and conditions of use of the ELS Solutions website, the user should contact ELS SOLUTIONS GDIA \u2013 UNIPESSOAL LDA at the following address:<br \/>\u2022 Rua de S\u00e3o Jos\u00e9, 35 \u2013 3A, Torre B \u2013 Edif\u00edcio Libersil, 1150-321, Lisbon \u2013 Portugal<br \/>\u2022 Or by email: info@elssolutions.pt<\/p>\t\t\t\t\t\t\t\t<\/div>\n\t\t\t\t<div class=\"elementor-element elementor-element-fb65aff elementor-widget__width-inherit elementor-widget-tablet__width-inherit elementor-widget elementor-widget-heading\" data-id=\"fb65aff\" data-element_type=\"widget\" data-e-type=\"widget\" data-widget_type=\"heading.default\">\n\t\t\t\t\t<h2 class=\"elementor-heading-title elementor-size-default\">11. Conflict and Jurisdiction<\/h2>\t\t\t\t<\/div>\n\t\t\t\t<div class=\"elementor-element elementor-element-24844039 elementor-widget__width-inherit elementor-widget elementor-widget-text-editor\" data-id=\"24844039\" data-element_type=\"widget\" data-e-type=\"widget\" data-widget_type=\"text-editor.default\">\n\t\t\t\t\t\t\t\t\t<p>In case of conflict between these terms and conditions and any corresponding amendments, the latter shall prevail over the former.<br \/>In the event that any term or condition is deemed null, ineffective or void, this shall not affect the validity or effectiveness of the remaining clauses, which shall remain in force.<br \/>In the event of a breach of these Terms and Conditions by the user, and if ELS Solutions does not immediately take action in relation to such breach, this shall not imply a waiver by ELS Solutions of any rights it may have.<br \/>These Terms and Conditions are governed by Portuguese law. Any dispute arising from access to and use of the website shall be submitted to the jurisdiction of the Lisbon District Court, with express waiver of any other jurisdiction.<\/p>\t\t\t\t\t\t\t\t<\/div>\n\t\t\t\t\t<\/div>\n\t\t\t\t<\/div>\n\t\t\t\t<\/div>\n\t\t","protected":false},"excerpt":{"rendered":"<p>Terms and Conditions These terms and conditions govern the use of the ELS SOLUTIONS GDIA \u2013 UNIPESSOAL LDA website (https:\/\/www.els-solutions.com\/).Access to and use of this website implies acceptance of all clauses contained in these terms and conditions, which may be unilaterally changed at any time by ELS SOLUTIONS GDIA \u2013 UNIPESSOAL LDA. It is the [&hellip;]<\/p>\n","protected":false},"author":11,"featured_media":0,"parent":0,"menu_order":0,"comment_status":"closed","ping_status":"closed","template":"","meta":{"footnotes":""},"class_list":["post-10485","page","type-page","status-publish","hentry"],"yoast_head":"<!-- This site is optimized with the Yoast SEO plugin v23.4 - https:\/\/yoast.com\/wordpress\/plugins\/seo\/ -->\n<title>Terms of Use - ELS Group - Accelerating Innovation<\/title>\n<meta name=\"robots\" content=\"noindex, follow, max-snippet:-1, max-image-preview:large, max-video-preview:-1\" \/>\n<meta property=\"og:locale\" content=\"en_US\" \/>\n<meta property=\"og:type\" content=\"article\" \/>\n<meta property=\"og:title\" content=\"Terms of Use - ELS Group - Accelerating Innovation\" \/>\n<meta property=\"og:description\" content=\"Terms and Conditions These terms and conditions govern the use of the ELS SOLUTIONS GDIA \u2013 UNIPESSOAL LDA website (https:\/\/www.els-solutions.com\/).Access to and use of this website implies acceptance of all clauses contained in these terms and conditions, which may be unilaterally changed at any time by ELS SOLUTIONS GDIA \u2013 UNIPESSOAL LDA. It is the [&hellip;]\" \/>\n<meta property=\"og:url\" content=\"https:\/\/els-solutions.com\/en\/terms-of-use\/\" \/>\n<meta property=\"og:site_name\" content=\"ELS Group - Accelerating Innovation\" \/>\n<meta property=\"article:publisher\" content=\"https:\/\/www.facebook.com\/els.solutions\/\" \/>\n<meta property=\"article:modified_time\" content=\"2026-04-16T06:48:39+00:00\" \/>\n<meta name=\"twitter:card\" content=\"summary_large_image\" \/>\n<script type=\"application\/ld+json\" class=\"yoast-schema-graph\">{\"@context\":\"https:\/\/schema.org\",\"@graph\":[{\"@type\":\"WebPage\",\"@id\":\"https:\/\/els-solutions.com\/en\/terms-of-use\/\",\"url\":\"https:\/\/els-solutions.com\/en\/terms-of-use\/\",\"name\":\"Terms of Use - ELS Group - Accelerating Innovation\",\"isPartOf\":{\"@id\":\"https:\/\/els-solutions.com\/en\/#website\"},\"datePublished\":\"2026-04-16T06:29:51+00:00\",\"dateModified\":\"2026-04-16T06:48:39+00:00\",\"breadcrumb\":{\"@id\":\"https:\/\/els-solutions.com\/en\/terms-of-use\/#breadcrumb\"},\"inLanguage\":\"en-US\",\"potentialAction\":[{\"@type\":\"ReadAction\",\"target\":[\"https:\/\/els-solutions.com\/en\/terms-of-use\/\"]}]},{\"@type\":\"BreadcrumbList\",\"@id\":\"https:\/\/els-solutions.com\/en\/terms-of-use\/#breadcrumb\",\"itemListElement\":[{\"@type\":\"ListItem\",\"position\":1,\"name\":\"In\u00edcio\",\"item\":\"https:\/\/els-solutions.com\/en\/\"},{\"@type\":\"ListItem\",\"position\":2,\"name\":\"Terms of Use\"}]},{\"@type\":\"WebSite\",\"@id\":\"https:\/\/els-solutions.com\/en\/#website\",\"url\":\"https:\/\/els-solutions.com\/en\/\",\"name\":\"ELS Group - Accelerating Innovation\",\"description\":\"Assessoria estrat\u00e9gia para a Ind\u00fastria Farmac\u00eautica\",\"publisher\":{\"@id\":\"https:\/\/els-solutions.com\/en\/#organization\"},\"potentialAction\":[{\"@type\":\"SearchAction\",\"target\":{\"@type\":\"EntryPoint\",\"urlTemplate\":\"https:\/\/els-solutions.com\/en\/?s={search_term_string}\"},\"query-input\":{\"@type\":\"PropertyValueSpecification\",\"valueRequired\":true,\"valueName\":\"search_term_string\"}}],\"inLanguage\":\"en-US\"},{\"@type\":\"Organization\",\"@id\":\"https:\/\/els-solutions.com\/en\/#organization\",\"name\":\"ELS Group - Accelerating Innovation\",\"url\":\"https:\/\/els-solutions.com\/en\/\",\"logo\":{\"@type\":\"ImageObject\",\"inLanguage\":\"en-US\",\"@id\":\"https:\/\/els-solutions.com\/en\/#\/schema\/logo\/image\/\",\"url\":\"https:\/\/els-solutions.com\/cms\/wp-content\/uploads\/2023\/08\/ELS-NewLogo-ColorBlack-1-e1691153715735.png\",\"contentUrl\":\"https:\/\/els-solutions.com\/cms\/wp-content\/uploads\/2023\/08\/ELS-NewLogo-ColorBlack-1-e1691153715735.png\",\"width\":2226,\"height\":1080,\"caption\":\"ELS Group - Accelerating Innovation\"},\"image\":{\"@id\":\"https:\/\/els-solutions.com\/en\/#\/schema\/logo\/image\/\"},\"sameAs\":[\"https:\/\/www.facebook.com\/els.solutions\/\"]}]}<\/script>\n<!-- \/ Yoast SEO plugin. -->","yoast_head_json":{"title":"Terms of Use - ELS Group - Accelerating Innovation","robots":{"index":"noindex","follow":"follow","max-snippet":"max-snippet:-1","max-image-preview":"max-image-preview:large","max-video-preview":"max-video-preview:-1"},"og_locale":"en_US","og_type":"article","og_title":"Terms of Use - ELS Group - Accelerating Innovation","og_description":"Terms and Conditions These terms and conditions govern the use of the ELS SOLUTIONS GDIA \u2013 UNIPESSOAL LDA website (https:\/\/www.els-solutions.com\/).Access to and use of this website implies acceptance of all clauses contained in these terms and conditions, which may be unilaterally changed at any time by ELS SOLUTIONS GDIA \u2013 UNIPESSOAL LDA. It is the [&hellip;]","og_url":"https:\/\/els-solutions.com\/en\/terms-of-use\/","og_site_name":"ELS Group - Accelerating Innovation","article_publisher":"https:\/\/www.facebook.com\/els.solutions\/","article_modified_time":"2026-04-16T06:48:39+00:00","twitter_card":"summary_large_image","schema":{"@context":"https:\/\/schema.org","@graph":[{"@type":"WebPage","@id":"https:\/\/els-solutions.com\/en\/terms-of-use\/","url":"https:\/\/els-solutions.com\/en\/terms-of-use\/","name":"Terms of Use - ELS Group - Accelerating Innovation","isPartOf":{"@id":"https:\/\/els-solutions.com\/en\/#website"},"datePublished":"2026-04-16T06:29:51+00:00","dateModified":"2026-04-16T06:48:39+00:00","breadcrumb":{"@id":"https:\/\/els-solutions.com\/en\/terms-of-use\/#breadcrumb"},"inLanguage":"en-US","potentialAction":[{"@type":"ReadAction","target":["https:\/\/els-solutions.com\/en\/terms-of-use\/"]}]},{"@type":"BreadcrumbList","@id":"https:\/\/els-solutions.com\/en\/terms-of-use\/#breadcrumb","itemListElement":[{"@type":"ListItem","position":1,"name":"In\u00edcio","item":"https:\/\/els-solutions.com\/en\/"},{"@type":"ListItem","position":2,"name":"Terms of Use"}]},{"@type":"WebSite","@id":"https:\/\/els-solutions.com\/en\/#website","url":"https:\/\/els-solutions.com\/en\/","name":"ELS Group - Accelerating Innovation","description":"Assessoria estrat\u00e9gia para a Ind\u00fastria Farmac\u00eautica","publisher":{"@id":"https:\/\/els-solutions.com\/en\/#organization"},"potentialAction":[{"@type":"SearchAction","target":{"@type":"EntryPoint","urlTemplate":"https:\/\/els-solutions.com\/en\/?s={search_term_string}"},"query-input":{"@type":"PropertyValueSpecification","valueRequired":true,"valueName":"search_term_string"}}],"inLanguage":"en-US"},{"@type":"Organization","@id":"https:\/\/els-solutions.com\/en\/#organization","name":"ELS Group - Accelerating Innovation","url":"https:\/\/els-solutions.com\/en\/","logo":{"@type":"ImageObject","inLanguage":"en-US","@id":"https:\/\/els-solutions.com\/en\/#\/schema\/logo\/image\/","url":"https:\/\/els-solutions.com\/cms\/wp-content\/uploads\/2023\/08\/ELS-NewLogo-ColorBlack-1-e1691153715735.png","contentUrl":"https:\/\/els-solutions.com\/cms\/wp-content\/uploads\/2023\/08\/ELS-NewLogo-ColorBlack-1-e1691153715735.png","width":2226,"height":1080,"caption":"ELS Group - Accelerating Innovation"},"image":{"@id":"https:\/\/els-solutions.com\/en\/#\/schema\/logo\/image\/"},"sameAs":["https:\/\/www.facebook.com\/els.solutions\/"]}]}},"_links":{"self":[{"href":"https:\/\/els-solutions.com\/en\/wp-json\/wp\/v2\/pages\/10485","targetHints":{"allow":["GET"]}}],"collection":[{"href":"https:\/\/els-solutions.com\/en\/wp-json\/wp\/v2\/pages"}],"about":[{"href":"https:\/\/els-solutions.com\/en\/wp-json\/wp\/v2\/types\/page"}],"author":[{"embeddable":true,"href":"https:\/\/els-solutions.com\/en\/wp-json\/wp\/v2\/users\/11"}],"replies":[{"embeddable":true,"href":"https:\/\/els-solutions.com\/en\/wp-json\/wp\/v2\/comments?post=10485"}],"version-history":[{"count":4,"href":"https:\/\/els-solutions.com\/en\/wp-json\/wp\/v2\/pages\/10485\/revisions"}],"predecessor-version":[{"id":10499,"href":"https:\/\/els-solutions.com\/en\/wp-json\/wp\/v2\/pages\/10485\/revisions\/10499"}],"wp:attachment":[{"href":"https:\/\/els-solutions.com\/en\/wp-json\/wp\/v2\/media?parent=10485"}],"curies":[{"name":"wp","href":"https:\/\/api.w.org\/{rel}","templated":true}]}}