{"id":3780,"date":"2020-08-20T18:08:41","date_gmt":"2020-08-20T17:08:41","guid":{"rendered":"https:\/\/els-solutions.com\/cms\/dev\/?page_id=3780"},"modified":"2023-12-15T01:15:43","modified_gmt":"2023-12-15T01:15:43","slug":"news","status":"publish","type":"page","link":"https:\/\/els-solutions.com\/en\/news\/","title":{"rendered":"News"},"content":{"rendered":"[fusion_blog number_posts=&#8221;-1&#8243; post_status=&#8221;&#8221; offset=&#8221;0&#8243; pull_by=&#8221;category&#8221; cat_slug=&#8221;general&#8221; exclude_cats=&#8221;&#8221; tag_slug=&#8221;&#8221; exclude_tags=&#8221;&#8221; orderby=&#8221;date&#8221; order=&#8221;DESC&#8221; thumbnail=&#8221;yes&#8221; title=&#8221;yes&#8221; excerpt=&#8221;&#8221; excerpt_length=&#8221;&#8221; strip_html=&#8221;yes&#8221; meta_all=&#8221;yes&#8221; meta_author=&#8221;no&#8221; meta_categories=&#8221;no&#8221; meta_comments=&#8221;no&#8221; meta_date=&#8221;no&#8221; meta_link=&#8221;no&#8221; meta_tags=&#8221;no&#8221; hide_on_mobile=&#8221;small-visibility,medium-visibility,large-visibility&#8221; class=&#8221;&#8221; id=&#8221;&#8221; layout=&#8221;grid&#8221; blog_grid_columns=&#8221;2&#8243; blog_grid_column_spacing=&#8221;60&#8243; blog_masonry_grid_ratio=&#8221;&#8221; blog_masonry_width_double=&#8221;&#8221; equal_heights=&#8221;yes&#8221; title_size=&#8221;3&#8243; fusion_font_family_title_font=&#8221;&#8221; fusion_font_variant_title_font=&#8221;&#8221; title_font_size=&#8221;48&#8243; title_line_height=&#8221;1.2&#8243; title_letter_spacing=&#8221;-0.03em&#8221; title_text_transform=&#8221;&#8221; timeline_title_size=&#8221;3&#8243; fusion_font_family_timeline_title_font=&#8221;&#8221; fusion_font_variant_timeline_title_font=&#8221;&#8221; timeline_title_font_size=&#8221;&#8221; timeline_title_line_height=&#8221;&#8221; timeline_title_letter_spacing=&#8221;&#8221; timeline_title_text_transform=&#8221;&#8221; title_link=&#8221;yes&#8221; content_alignment=&#8221;center&#8221; scrolling=&#8221;no&#8221; grid_box_color=&#8221;&#8221; hue=&#8221;&#8221; saturation=&#8221;&#8221; lightness=&#8221;&#8221; alpha=&#8221;&#8221; grid_element_color=&#8221;&#8221; grid_separator_style_type=&#8221;&#8221; grid_separator_color=&#8221;&#8221; padding_top=&#8221;&#8221; padding_right=&#8221;&#8221; padding_bottom=&#8221;&#8221; padding_left=&#8221;&#8221; margin_top=&#8221;&#8221; margin_right=&#8221;&#8221; margin_bottom=&#8221;&#8221; margin_left=&#8221;&#8221; \/]\n","protected":false},"excerpt":{"rendered":"","protected":false},"author":9,"featured_media":0,"parent":0,"menu_order":0,"comment_status":"closed","ping_status":"closed","template":"100-width.php","meta":{"_joinchat":[],"footnotes":""},"class_list":["post-3780","page","type-page","status-publish","hentry"],"yoast_head":"<!-- This site is optimized with the Yoast SEO plugin v23.4 - https:\/\/yoast.com\/wordpress\/plugins\/seo\/ -->\n<title>ELS Solutions - News - Pharmaceutical and Health<\/title>\n<meta name=\"description\" content=\"Read our published news articles and stay up to date on the latest pharmaceutical and health industry developments. Learn more!\" \/>\n<meta name=\"robots\" content=\"index, follow, max-snippet:-1, max-image-preview:large, max-video-preview:-1\" \/>\n<link rel=\"canonical\" href=\"https:\/\/els-solutions.com\/en\/news\/\" \/>\n<meta property=\"og:locale\" content=\"en_US\" \/>\n<meta property=\"og:type\" content=\"article\" \/>\n<meta property=\"og:title\" content=\"ELS Solutions - News - Pharmaceutical and Health\" \/>\n<meta property=\"og:description\" content=\"Read our published news articles and stay up to date on the latest pharmaceutical and health industry developments. Learn more!\" \/>\n<meta property=\"og:url\" content=\"https:\/\/els-solutions.com\/en\/news\/\" \/>\n<meta property=\"og:site_name\" content=\"ELS Group - Accelerating Innovation\" \/>\n<meta property=\"article:publisher\" content=\"https:\/\/www.facebook.com\/els.solutions\/\" \/>\n<meta property=\"article:modified_time\" content=\"2023-12-15T01:15:43+00:00\" \/>\n<meta name=\"twitter:card\" content=\"summary_large_image\" \/>\n<meta name=\"twitter:label1\" content=\"Est. reading time\" \/>\n\t<meta name=\"twitter:data1\" content=\"2 minutes\" \/>\n<script type=\"application\/ld+json\" class=\"yoast-schema-graph\">{\"@context\":\"https:\/\/schema.org\",\"@graph\":[{\"@type\":\"WebPage\",\"@id\":\"https:\/\/els-solutions.com\/en\/news\/\",\"url\":\"https:\/\/els-solutions.com\/en\/news\/\",\"name\":\"ELS Solutions - News - Pharmaceutical and Health\",\"isPartOf\":{\"@id\":\"https:\/\/els-solutions.com\/en\/#website\"},\"datePublished\":\"2020-08-20T17:08:41+00:00\",\"dateModified\":\"2023-12-15T01:15:43+00:00\",\"description\":\"Read our published news articles and stay up to date on the latest pharmaceutical and health industry developments. Learn more!\",\"breadcrumb\":{\"@id\":\"https:\/\/els-solutions.com\/en\/news\/#breadcrumb\"},\"inLanguage\":\"en-US\",\"potentialAction\":[{\"@type\":\"ReadAction\",\"target\":[\"https:\/\/els-solutions.com\/en\/news\/\"]}]},{\"@type\":\"BreadcrumbList\",\"@id\":\"https:\/\/els-solutions.com\/en\/news\/#breadcrumb\",\"itemListElement\":[{\"@type\":\"ListItem\",\"position\":1,\"name\":\"In\u00edcio\",\"item\":\"https:\/\/els-solutions.com\/en\/\"},{\"@type\":\"ListItem\",\"position\":2,\"name\":\"News\"}]},{\"@type\":\"WebSite\",\"@id\":\"https:\/\/els-solutions.com\/en\/#website\",\"url\":\"https:\/\/els-solutions.com\/en\/\",\"name\":\"ELS Group - Accelerating Innovation\",\"description\":\"Assessoria estrat\u00e9gia para a Ind\u00fastria Farmac\u00eautica\",\"publisher\":{\"@id\":\"https:\/\/els-solutions.com\/en\/#organization\"},\"potentialAction\":[{\"@type\":\"SearchAction\",\"target\":{\"@type\":\"EntryPoint\",\"urlTemplate\":\"https:\/\/els-solutions.com\/en\/?s={search_term_string}\"},\"query-input\":{\"@type\":\"PropertyValueSpecification\",\"valueRequired\":true,\"valueName\":\"search_term_string\"}}],\"inLanguage\":\"en-US\"},{\"@type\":\"Organization\",\"@id\":\"https:\/\/els-solutions.com\/en\/#organization\",\"name\":\"ELS Group - Accelerating Innovation\",\"url\":\"https:\/\/els-solutions.com\/en\/\",\"logo\":{\"@type\":\"ImageObject\",\"inLanguage\":\"en-US\",\"@id\":\"https:\/\/els-solutions.com\/en\/#\/schema\/logo\/image\/\",\"url\":\"https:\/\/els-solutions.com\/cms\/wp-content\/uploads\/2023\/08\/ELS-NewLogo-ColorBlack-1-e1691153715735.png\",\"contentUrl\":\"https:\/\/els-solutions.com\/cms\/wp-content\/uploads\/2023\/08\/ELS-NewLogo-ColorBlack-1-e1691153715735.png\",\"width\":2226,\"height\":1080,\"caption\":\"ELS Group - Accelerating Innovation\"},\"image\":{\"@id\":\"https:\/\/els-solutions.com\/en\/#\/schema\/logo\/image\/\"},\"sameAs\":[\"https:\/\/www.facebook.com\/els.solutions\/\"]}]}<\/script>\n<!-- \/ Yoast SEO plugin. -->","yoast_head_json":{"title":"ELS Solutions - News - Pharmaceutical and Health","description":"Read our published news articles and stay up to date on the latest pharmaceutical and health industry developments. Learn more!","robots":{"index":"index","follow":"follow","max-snippet":"max-snippet:-1","max-image-preview":"max-image-preview:large","max-video-preview":"max-video-preview:-1"},"canonical":"https:\/\/els-solutions.com\/en\/news\/","og_locale":"en_US","og_type":"article","og_title":"ELS Solutions - News - Pharmaceutical and Health","og_description":"Read our published news articles and stay up to date on the latest pharmaceutical and health industry developments. Learn more!","og_url":"https:\/\/els-solutions.com\/en\/news\/","og_site_name":"ELS Group - Accelerating Innovation","article_publisher":"https:\/\/www.facebook.com\/els.solutions\/","article_modified_time":"2023-12-15T01:15:43+00:00","twitter_card":"summary_large_image","twitter_misc":{"Est. reading time":"2 minutes"},"schema":{"@context":"https:\/\/schema.org","@graph":[{"@type":"WebPage","@id":"https:\/\/els-solutions.com\/en\/news\/","url":"https:\/\/els-solutions.com\/en\/news\/","name":"ELS Solutions - News - Pharmaceutical and Health","isPartOf":{"@id":"https:\/\/els-solutions.com\/en\/#website"},"datePublished":"2020-08-20T17:08:41+00:00","dateModified":"2023-12-15T01:15:43+00:00","description":"Read our published news articles and stay up to date on the latest pharmaceutical and health industry developments. Learn more!","breadcrumb":{"@id":"https:\/\/els-solutions.com\/en\/news\/#breadcrumb"},"inLanguage":"en-US","potentialAction":[{"@type":"ReadAction","target":["https:\/\/els-solutions.com\/en\/news\/"]}]},{"@type":"BreadcrumbList","@id":"https:\/\/els-solutions.com\/en\/news\/#breadcrumb","itemListElement":[{"@type":"ListItem","position":1,"name":"In\u00edcio","item":"https:\/\/els-solutions.com\/en\/"},{"@type":"ListItem","position":2,"name":"News"}]},{"@type":"WebSite","@id":"https:\/\/els-solutions.com\/en\/#website","url":"https:\/\/els-solutions.com\/en\/","name":"ELS Group - Accelerating Innovation","description":"Assessoria estrat\u00e9gia para a Ind\u00fastria Farmac\u00eautica","publisher":{"@id":"https:\/\/els-solutions.com\/en\/#organization"},"potentialAction":[{"@type":"SearchAction","target":{"@type":"EntryPoint","urlTemplate":"https:\/\/els-solutions.com\/en\/?s={search_term_string}"},"query-input":{"@type":"PropertyValueSpecification","valueRequired":true,"valueName":"search_term_string"}}],"inLanguage":"en-US"},{"@type":"Organization","@id":"https:\/\/els-solutions.com\/en\/#organization","name":"ELS Group - Accelerating Innovation","url":"https:\/\/els-solutions.com\/en\/","logo":{"@type":"ImageObject","inLanguage":"en-US","@id":"https:\/\/els-solutions.com\/en\/#\/schema\/logo\/image\/","url":"https:\/\/els-solutions.com\/cms\/wp-content\/uploads\/2023\/08\/ELS-NewLogo-ColorBlack-1-e1691153715735.png","contentUrl":"https:\/\/els-solutions.com\/cms\/wp-content\/uploads\/2023\/08\/ELS-NewLogo-ColorBlack-1-e1691153715735.png","width":2226,"height":1080,"caption":"ELS Group - Accelerating Innovation"},"image":{"@id":"https:\/\/els-solutions.com\/en\/#\/schema\/logo\/image\/"},"sameAs":["https:\/\/www.facebook.com\/els.solutions\/"]}]}},"_links":{"self":[{"href":"https:\/\/els-solutions.com\/en\/wp-json\/wp\/v2\/pages\/3780","targetHints":{"allow":["GET"]}}],"collection":[{"href":"https:\/\/els-solutions.com\/en\/wp-json\/wp\/v2\/pages"}],"about":[{"href":"https:\/\/els-solutions.com\/en\/wp-json\/wp\/v2\/types\/page"}],"author":[{"embeddable":true,"href":"https:\/\/els-solutions.com\/en\/wp-json\/wp\/v2\/users\/9"}],"replies":[{"embeddable":true,"href":"https:\/\/els-solutions.com\/en\/wp-json\/wp\/v2\/comments?post=3780"}],"version-history":[{"count":2,"href":"https:\/\/els-solutions.com\/en\/wp-json\/wp\/v2\/pages\/3780\/revisions"}],"predecessor-version":[{"id":6086,"href":"https:\/\/els-solutions.com\/en\/wp-json\/wp\/v2\/pages\/3780\/revisions\/6086"}],"wp:attachment":[{"href":"https:\/\/els-solutions.com\/en\/wp-json\/wp\/v2\/media?parent=3780"}],"curies":[{"name":"wp","href":"https:\/\/api.w.org\/{rel}","templated":true}]}}