{"id":3783,"date":"2020-08-20T22:28:07","date_gmt":"2020-08-20T21:28:07","guid":{"rendered":"https:\/\/els-solutions.com\/cms\/dev\/onde-estamos\/"},"modified":"2025-11-07T17:31:24","modified_gmt":"2025-11-07T17:31:24","slug":"where-are-we","status":"publish","type":"page","link":"https:\/\/els-solutions.com\/en\/where-are-we\/","title":{"rendered":"Contact us"},"content":{"rendered":"<p>[fusion_form form_post_id=&#8221;3768&#8243; hide_on_mobile=&#8221;small-visibility,medium-visibility,large-visibility&#8221; \/][fusion_title title_type=&#8221;text&#8221; marquee_direction=&#8221;left&#8221; marquee_speed=&#8221;15000&#8243; rotation_effect=&#8221;bounceIn&#8221; display_time=&#8221;1200&#8243; highlight_effect=&#8221;circle&#8221; loop_animation=&#8221;off&#8221; highlight_width=&#8221;9&#8243; highlight_top_margin=&#8221;0&#8243; title_link=&#8221;off&#8221; link_target=&#8221;_self&#8221; hide_on_mobile=&#8221;small-visibility,medium-visibility,large-visibility&#8221; sticky_display=&#8221;normal,sticky&#8221; content_align=&#8221;center&#8221; size=&#8221;3&#8243; fusion_font_family_title_font=&#8221;Manrope&#8221; fusion_font_variant_title_font=&#8221;400&#8243; font_size=&#8221;48&#8243; line_height=&#8221;1.2&#8243; letter_spacing=&#8221;-0.03em&#8221; text_shadow=&#8221;no&#8221; text_shadow_blur=&#8221;0&#8243; text_stroke=&#8221;no&#8221; text_stroke_size=&#8221;1&#8243; text_overflow=&#8221;none&#8221; gradient_font=&#8221;no&#8221; gradient_start_position=&#8221;0&#8243; gradient_end_position=&#8221;100&#8243; gradient_type=&#8221;linear&#8221; radial_direction=&#8221;center center&#8221; linear_angle=&#8221;180&#8243; style_type=&#8221;default&#8221; animation_direction=&#8221;left&#8221; animation_speed=&#8221;0.3&#8243; animation_delay=&#8221;0&#8243;]<\/p>\n<p>Our offices<\/p>\n<p>[\/fusion_title][fusion_imageframe image_id=&#8221;4711|full&#8221; custom_aspect_ratio=&#8221;100&#8243; lightbox=&#8221;no&#8221; link=&#8221;https:\/\/www.google.com\/maps\/place\/ELS+Solutions\/@38.7165792,-9.3881222,17z\/data=!3m1!4b1!4m6!3m5!1s0xd1933429ab82d91:0xb15b01f961fe5e9b!8m2!3d38.716575!4d-9.3859335!16s%2Fg%2F11h3ft4542&#8243; linktarget=&#8221;_blank&#8221; hide_on_mobile=&#8221;small-visibility,medium-visibility,large-visibility&#8221; sticky_display=&#8221;normal,sticky&#8221; align_medium=&#8221;none&#8221; align_small=&#8221;none&#8221; align=&#8221;none&#8221; hover_type=&#8221;none&#8221; caption_style=&#8221;off&#8221; caption_align_medium=&#8221;none&#8221; caption_align_small=&#8221;none&#8221; caption_align=&#8221;none&#8221; caption_title_tag=&#8221;2&#8243; animation_direction=&#8221;left&#8221; animation_speed=&#8221;0.3&#8243; filter_hue=&#8221;0&#8243; filter_saturation=&#8221;100&#8243; filter_brightness=&#8221;100&#8243; filter_contrast=&#8221;100&#8243; filter_invert=&#8221;0&#8243; filter_sepia=&#8221;0&#8243; filter_opacity=&#8221;100&#8243; filter_blur=&#8221;0&#8243; filter_hue_hover=&#8221;0&#8243; filter_saturation_hover=&#8221;100&#8243; filter_brightness_hover=&#8221;100&#8243; filter_contrast_hover=&#8221;100&#8243; filter_invert_hover=&#8221;0&#8243; filter_sepia_hover=&#8221;0&#8243; filter_opacity_hover=&#8221;100&#8243; filter_blur_hover=&#8221;0&#8243;]https:\/\/els-solutions.com\/cms\/wp-content\/uploads\/2023\/01\/mapa_portugal.png[\/fusion_imageframe][fusion_title title_type=&#8221;text&#8221; marquee_direction=&#8221;left&#8221; marquee_speed=&#8221;15000&#8243; rotation_effect=&#8221;bounceIn&#8221; display_time=&#8221;1200&#8243; highlight_effect=&#8221;circle&#8221; loop_animation=&#8221;off&#8221; highlight_width=&#8221;9&#8243; highlight_top_margin=&#8221;0&#8243; title_link=&#8221;off&#8221; link_target=&#8221;_self&#8221; hide_on_mobile=&#8221;small-visibility,medium-visibility,large-visibility&#8221; sticky_display=&#8221;normal,sticky&#8221; content_align=&#8221;left&#8221; size=&#8221;4&#8243; text_shadow=&#8221;no&#8221; text_shadow_blur=&#8221;0&#8243; text_stroke=&#8221;no&#8221; text_stroke_size=&#8221;1&#8243; text_overflow=&#8221;none&#8221; margin_top_small=&#8221;20px&#8221; margin_top=&#8221;20px&#8221; margin_bottom=&#8221;10px&#8221; gradient_font=&#8221;no&#8221; gradient_start_position=&#8221;0&#8243; gradient_end_position=&#8221;100&#8243; gradient_type=&#8221;linear&#8221; radial_direction=&#8221;center center&#8221; linear_angle=&#8221;180&#8243; style_type=&#8221;default&#8221; animation_direction=&#8221;left&#8221; animation_speed=&#8221;0.3&#8243; animation_delay=&#8221;0&#8243;]<\/p>\n<p>Europa Headquarters<\/p>\n<p>[\/fusion_title]<\/p>\n<p>Rua dos Ciprestes n\u00ba 48, Piso 2<br \/>\nEdif\u00edcio Office no Estoril<br \/>\n2765-623 Estoril<br \/>\nPortugal<\/p>\n<p><\/p>\n<p><a href=\"https:\/\/els-solutions.com\/en\/where-are-we\/\">Contact us<\/a><\/p>\n<p>[fusion_imageframe custom_aspect_ratio=&#8221;60&#8243; lightbox=&#8221;no&#8221; link=&#8221;https:\/\/goo.gl\/maps\/8ma8ormUatQjHEi26&#8243; linktarget=&#8221;_blank&#8221; hide_on_mobile=&#8221;small-visibility,medium-visibility,large-visibility&#8221; sticky_display=&#8221;normal,sticky&#8221; align_medium=&#8221;none&#8221; align_small=&#8221;none&#8221; align=&#8221;none&#8221; hover_type=&#8221;none&#8221; caption_style=&#8221;off&#8221; caption_align_medium=&#8221;none&#8221; caption_align_small=&#8221;none&#8221; caption_align=&#8221;none&#8221; caption_title_tag=&#8221;2&#8243; animation_direction=&#8221;left&#8221; animation_speed=&#8221;0.3&#8243; filter_hue=&#8221;0&#8243; filter_saturation=&#8221;100&#8243; filter_brightness=&#8221;100&#8243; filter_contrast=&#8221;100&#8243; filter_invert=&#8221;0&#8243; filter_sepia=&#8221;0&#8243; filter_opacity=&#8221;100&#8243; filter_blur=&#8221;0&#8243; filter_hue_hover=&#8221;0&#8243; filter_saturation_hover=&#8221;100&#8243; filter_brightness_hover=&#8221;100&#8243; filter_contrast_hover=&#8221;100&#8243; filter_invert_hover=&#8221;0&#8243; filter_sepia_hover=&#8221;0&#8243; filter_opacity_hover=&#8221;100&#8243; filter_blur_hover=&#8221;0&#8243; image_id=&#8221;8419|full&#8221; aspect_ratio=&#8221;custom&#8221;]https:\/\/els-solutions.com\/cms\/wp-content\/uploads\/2025\/11\/Screenshot_29-10-2025_174233_www.google.com_-1200&#215;537-1.jpeg[\/fusion_imageframe][fusion_title title_type=&#8221;text&#8221; marquee_direction=&#8221;left&#8221; marquee_speed=&#8221;15000&#8243; rotation_effect=&#8221;bounceIn&#8221; display_time=&#8221;1200&#8243; highlight_effect=&#8221;circle&#8221; loop_animation=&#8221;off&#8221; highlight_width=&#8221;9&#8243; highlight_top_margin=&#8221;0&#8243; title_link=&#8221;off&#8221; link_target=&#8221;_self&#8221; hide_on_mobile=&#8221;small-visibility,medium-visibility,large-visibility&#8221; sticky_display=&#8221;normal,sticky&#8221; content_align=&#8221;left&#8221; size=&#8221;4&#8243; text_shadow=&#8221;no&#8221; text_shadow_blur=&#8221;0&#8243; text_stroke=&#8221;no&#8221; text_stroke_size=&#8221;1&#8243; text_overflow=&#8221;none&#8221; margin_top_small=&#8221;20px&#8221; margin_top=&#8221;20px&#8221; margin_bottom=&#8221;10px&#8221; gradient_font=&#8221;no&#8221; gradient_start_position=&#8221;0&#8243; gradient_end_position=&#8221;100&#8243; gradient_type=&#8221;linear&#8221; radial_direction=&#8221;center center&#8221; linear_angle=&#8221;180&#8243; style_type=&#8221;default&#8221; animation_direction=&#8221;left&#8221; animation_speed=&#8221;0.3&#8243; animation_delay=&#8221;0&#8243;]<\/p>\n<p>LATAM Headquarters<\/p>\n<p>[\/fusion_title]<\/p>\n<p>Av. Pres. Juscelino Kubitschek, 1726<br \/>\nConjunto 161<br \/>\nVila Nova Concei\u00e7\u00e3o, S\u00e3o Paulo \u2013 SP 04543-000<br \/>\nBrasil<\/p>\n<p><\/p>\n<p><a href=\"https:\/\/els-solutions.com\/en\/where-are-we\/\">Contact us<\/a><\/p>\n<p>[fusion_title title_type=&#8221;text&#8221; marquee_direction=&#8221;left&#8221; marquee_speed=&#8221;15000&#8243; rotation_effect=&#8221;bounceIn&#8221; display_time=&#8221;1200&#8243; highlight_effect=&#8221;circle&#8221; loop_animation=&#8221;off&#8221; highlight_width=&#8221;9&#8243; highlight_top_margin=&#8221;0&#8243; title_link=&#8221;off&#8221; link_target=&#8221;_self&#8221; hide_on_mobile=&#8221;small-visibility,medium-visibility,large-visibility&#8221; sticky_display=&#8221;normal,sticky&#8221; content_align=&#8221;center&#8221; size=&#8221;4&#8243; font_size=&#8221;48&#8243; line_height=&#8221;1.2&#8243; letter_spacing=&#8221;-0.03em&#8221; text_shadow=&#8221;no&#8221; text_shadow_blur=&#8221;0&#8243; text_stroke=&#8221;no&#8221; text_stroke_size=&#8221;1&#8243; text_overflow=&#8221;none&#8221; gradient_font=&#8221;no&#8221; gradient_start_position=&#8221;0&#8243; gradient_end_position=&#8221;100&#8243; gradient_type=&#8221;linear&#8221; radial_direction=&#8221;center center&#8221; linear_angle=&#8221;180&#8243; style_type=&#8221;default&#8221; animation_direction=&#8221;left&#8221; animation_speed=&#8221;0.3&#8243; animation_delay=&#8221;0&#8243;]<\/p>\n<p>Common questions<\/p>\n<p>[\/fusion_title][fusion_title title_type=&#8221;text&#8221; rotation_effect=&#8221;bounceIn&#8221; display_time=&#8221;1200&#8243; highlight_effect=&#8221;circle&#8221; loop_animation=&#8221;off&#8221; highlight_width=&#8221;9&#8243; highlight_top_margin=&#8221;0&#8243; title_link=&#8221;off&#8221; link_target=&#8221;_self&#8221; hide_on_mobile=&#8221;small-visibility,medium-visibility,large-visibility&#8221; sticky_display=&#8221;normal,sticky&#8221; content_align=&#8221;left&#8221; size=&#8221;4&#8243; text_shadow=&#8221;no&#8221; text_shadow_blur=&#8221;0&#8243; margin_bottom=&#8221;16px&#8221; gradient_font=&#8221;no&#8221; gradient_start_position=&#8221;0&#8243; gradient_end_position=&#8221;100&#8243; gradient_type=&#8221;linear&#8221; radial_direction=&#8221;center center&#8221; linear_angle=&#8221;180&#8243; style_type=&#8221;default&#8221; animation_direction=&#8221;left&#8221; animation_speed=&#8221;0.3&#8243;]How can I contact ELS Group?[\/fusion_title]<\/p>\n<p>To speak with the Europe team just call the number: +351 21 452 50 30 and to speak with the LATAM team call the number +55 11 99279 2618.<\/p>\n<p>[fusion_title title_type=&#8221;text&#8221; rotation_effect=&#8221;bounceIn&#8221; display_time=&#8221;1200&#8243; highlight_effect=&#8221;circle&#8221; loop_animation=&#8221;off&#8221; highlight_width=&#8221;9&#8243; highlight_top_margin=&#8221;0&#8243; title_link=&#8221;off&#8221; link_target=&#8221;_self&#8221; hide_on_mobile=&#8221;small-visibility,medium-visibility,large-visibility&#8221; sticky_display=&#8221;normal,sticky&#8221; content_align=&#8221;left&#8221; size=&#8221;4&#8243; text_shadow=&#8221;no&#8221; text_shadow_blur=&#8221;0&#8243; margin_top=&#8221;24px&#8221; gradient_font=&#8221;no&#8221; gradient_start_position=&#8221;0&#8243; gradient_end_position=&#8221;100&#8243; gradient_type=&#8221;linear&#8221; radial_direction=&#8221;center center&#8221; linear_angle=&#8221;180&#8243; style_type=&#8221;default&#8221; animation_direction=&#8221;left&#8221; animation_speed=&#8221;0.3&#8243;]Is ELS Group a distributor?[\/fusion_title]<\/p>\n<p>ELS Group is not a distributor, but offers a distributor headhunting service, containing a database with mapped and qualified distributors.<\/p>\n<p>[fusion_title title_type=&#8221;text&#8221; rotation_effect=&#8221;bounceIn&#8221; display_time=&#8221;1200&#8243; highlight_effect=&#8221;circle&#8221; loop_animation=&#8221;off&#8221; highlight_width=&#8221;9&#8243; highlight_top_margin=&#8221;0&#8243; title_link=&#8221;off&#8221; link_target=&#8221;_self&#8221; hide_on_mobile=&#8221;small-visibility,medium-visibility,large-visibility&#8221; sticky_display=&#8221;normal,sticky&#8221; content_align=&#8221;left&#8221; size=&#8221;4&#8243; text_shadow=&#8221;no&#8221; text_shadow_blur=&#8221;0&#8243; gradient_font=&#8221;no&#8221; gradient_start_position=&#8221;0&#8243; gradient_end_position=&#8221;100&#8243; gradient_type=&#8221;linear&#8221; radial_direction=&#8221;center center&#8221; linear_angle=&#8221;180&#8243; style_type=&#8221;default&#8221; animation_direction=&#8221;left&#8221; animation_speed=&#8221;0.3&#8243;]What is the scope of action of ELS Group?[\/fusion_title]<\/p>\n<p>ELS Group is a strategic advisory company that operates from research and development of new products to product registration with regulatory bodies.<\/p>\n<p>[fusion_title title_type=&#8221;text&#8221; rotation_effect=&#8221;bounceIn&#8221; display_time=&#8221;1200&#8243; highlight_effect=&#8221;circle&#8221; loop_animation=&#8221;off&#8221; highlight_width=&#8221;9&#8243; highlight_top_margin=&#8221;0&#8243; title_link=&#8221;off&#8221; link_target=&#8221;_self&#8221; hide_on_mobile=&#8221;small-visibility,medium-visibility,large-visibility&#8221; sticky_display=&#8221;normal,sticky&#8221; content_align=&#8221;left&#8221; size=&#8221;4&#8243; text_shadow=&#8221;no&#8221; text_shadow_blur=&#8221;0&#8243; margin_top=&#8221;24px&#8221; gradient_font=&#8221;no&#8221; gradient_start_position=&#8221;0&#8243; gradient_end_position=&#8221;100&#8243; gradient_type=&#8221;linear&#8221; radial_direction=&#8221;center center&#8221; linear_angle=&#8221;180&#8243; style_type=&#8221;default&#8221; animation_direction=&#8221;left&#8221; animation_speed=&#8221;0.3&#8243;]What are the main countries where ELS Group operates?[\/fusion_title]<\/p>\n<p>United Kingdom, Portugal, Spain, France, Italy, Germany, United States, Canada, Brazil, Argentina, Chile, Colombia and Mexico.<\/p>\n<p><\/p>\n","protected":false},"excerpt":{"rendered":"","protected":false},"author":9,"featured_media":0,"parent":0,"menu_order":0,"comment_status":"closed","ping_status":"closed","template":"100-width.php","meta":{"footnotes":""},"class_list":["post-3783","page","type-page","status-publish","hentry"],"yoast_head":"<!-- This site is optimized with the Yoast SEO plugin v23.4 - https:\/\/yoast.com\/wordpress\/plugins\/seo\/ -->\n<title>ELS Solutions - Pharmaceutical Regulatory - Contacts<\/title>\n<meta name=\"description\" content=\"Find out where we are and how to get in touch with us. Fill in the form or contact our team for support on your pharmaceutical business.\" \/>\n<meta name=\"robots\" content=\"noindex, follow, max-snippet:-1, max-image-preview:large, max-video-preview:-1\" \/>\n<meta property=\"og:locale\" content=\"en_US\" \/>\n<meta property=\"og:type\" content=\"article\" \/>\n<meta property=\"og:title\" content=\"ELS Solutions - Contacts\" \/>\n<meta property=\"og:description\" content=\"Find out where we are and how to get in touch with us. Fill in the form or contact our team for support on your pharmaceutical business.\" \/>\n<meta property=\"og:url\" content=\"https:\/\/els-solutions.com\/en\/where-are-we\/\" \/>\n<meta property=\"og:site_name\" content=\"ELS Group - Accelerating Innovation\" \/>\n<meta property=\"article:publisher\" content=\"https:\/\/www.facebook.com\/els.solutions\/\" \/>\n<meta property=\"article:modified_time\" content=\"2025-11-07T17:31:24+00:00\" \/>\n<meta name=\"twitter:card\" content=\"summary_large_image\" \/>\n<meta name=\"twitter:label1\" content=\"Est. reading time\" \/>\n\t<meta name=\"twitter:data1\" content=\"9 minutes\" \/>\n<script type=\"application\/ld+json\" class=\"yoast-schema-graph\">{\"@context\":\"https:\/\/schema.org\",\"@graph\":[{\"@type\":\"WebPage\",\"@id\":\"https:\/\/els-solutions.com\/en\/where-are-we\/\",\"url\":\"https:\/\/els-solutions.com\/en\/where-are-we\/\",\"name\":\"ELS Solutions - Pharmaceutical Regulatory - Contacts\",\"isPartOf\":{\"@id\":\"https:\/\/els-solutions.com\/en\/#website\"},\"datePublished\":\"2020-08-20T21:28:07+00:00\",\"dateModified\":\"2025-11-07T17:31:24+00:00\",\"description\":\"Find out where we are and how to get in touch with us. Fill in the form or contact our team for support on your pharmaceutical business.\",\"breadcrumb\":{\"@id\":\"https:\/\/els-solutions.com\/en\/where-are-we\/#breadcrumb\"},\"inLanguage\":\"en-US\",\"potentialAction\":[{\"@type\":\"ReadAction\",\"target\":[\"https:\/\/els-solutions.com\/en\/where-are-we\/\"]}]},{\"@type\":\"BreadcrumbList\",\"@id\":\"https:\/\/els-solutions.com\/en\/where-are-we\/#breadcrumb\",\"itemListElement\":[{\"@type\":\"ListItem\",\"position\":1,\"name\":\"In\u00edcio\",\"item\":\"https:\/\/els-solutions.com\/en\/\"},{\"@type\":\"ListItem\",\"position\":2,\"name\":\"Contact us\"}]},{\"@type\":\"WebSite\",\"@id\":\"https:\/\/els-solutions.com\/en\/#website\",\"url\":\"https:\/\/els-solutions.com\/en\/\",\"name\":\"ELS Group - Accelerating Innovation\",\"description\":\"Assessoria estrat\u00e9gia para a Ind\u00fastria Farmac\u00eautica\",\"publisher\":{\"@id\":\"https:\/\/els-solutions.com\/en\/#organization\"},\"potentialAction\":[{\"@type\":\"SearchAction\",\"target\":{\"@type\":\"EntryPoint\",\"urlTemplate\":\"https:\/\/els-solutions.com\/en\/?s={search_term_string}\"},\"query-input\":{\"@type\":\"PropertyValueSpecification\",\"valueRequired\":true,\"valueName\":\"search_term_string\"}}],\"inLanguage\":\"en-US\"},{\"@type\":\"Organization\",\"@id\":\"https:\/\/els-solutions.com\/en\/#organization\",\"name\":\"ELS Group - Accelerating Innovation\",\"url\":\"https:\/\/els-solutions.com\/en\/\",\"logo\":{\"@type\":\"ImageObject\",\"inLanguage\":\"en-US\",\"@id\":\"https:\/\/els-solutions.com\/en\/#\/schema\/logo\/image\/\",\"url\":\"https:\/\/els-solutions.com\/cms\/wp-content\/uploads\/2023\/08\/ELS-NewLogo-ColorBlack-1-e1691153715735.png\",\"contentUrl\":\"https:\/\/els-solutions.com\/cms\/wp-content\/uploads\/2023\/08\/ELS-NewLogo-ColorBlack-1-e1691153715735.png\",\"width\":2226,\"height\":1080,\"caption\":\"ELS Group - Accelerating Innovation\"},\"image\":{\"@id\":\"https:\/\/els-solutions.com\/en\/#\/schema\/logo\/image\/\"},\"sameAs\":[\"https:\/\/www.facebook.com\/els.solutions\/\"]}]}<\/script>\n<!-- \/ Yoast SEO plugin. -->","yoast_head_json":{"title":"ELS Solutions - Pharmaceutical Regulatory - Contacts","description":"Find out where we are and how to get in touch with us. Fill in the form or contact our team for support on your pharmaceutical business.","robots":{"index":"noindex","follow":"follow","max-snippet":"max-snippet:-1","max-image-preview":"max-image-preview:large","max-video-preview":"max-video-preview:-1"},"og_locale":"en_US","og_type":"article","og_title":"ELS Solutions - Contacts","og_description":"Find out where we are and how to get in touch with us. Fill in the form or contact our team for support on your pharmaceutical business.","og_url":"https:\/\/els-solutions.com\/en\/where-are-we\/","og_site_name":"ELS Group - Accelerating Innovation","article_publisher":"https:\/\/www.facebook.com\/els.solutions\/","article_modified_time":"2025-11-07T17:31:24+00:00","twitter_card":"summary_large_image","twitter_misc":{"Est. reading time":"9 minutes"},"schema":{"@context":"https:\/\/schema.org","@graph":[{"@type":"WebPage","@id":"https:\/\/els-solutions.com\/en\/where-are-we\/","url":"https:\/\/els-solutions.com\/en\/where-are-we\/","name":"ELS Solutions - Pharmaceutical Regulatory - Contacts","isPartOf":{"@id":"https:\/\/els-solutions.com\/en\/#website"},"datePublished":"2020-08-20T21:28:07+00:00","dateModified":"2025-11-07T17:31:24+00:00","description":"Find out where we are and how to get in touch with us. Fill in the form or contact our team for support on your pharmaceutical business.","breadcrumb":{"@id":"https:\/\/els-solutions.com\/en\/where-are-we\/#breadcrumb"},"inLanguage":"en-US","potentialAction":[{"@type":"ReadAction","target":["https:\/\/els-solutions.com\/en\/where-are-we\/"]}]},{"@type":"BreadcrumbList","@id":"https:\/\/els-solutions.com\/en\/where-are-we\/#breadcrumb","itemListElement":[{"@type":"ListItem","position":1,"name":"In\u00edcio","item":"https:\/\/els-solutions.com\/en\/"},{"@type":"ListItem","position":2,"name":"Contact us"}]},{"@type":"WebSite","@id":"https:\/\/els-solutions.com\/en\/#website","url":"https:\/\/els-solutions.com\/en\/","name":"ELS Group - Accelerating Innovation","description":"Assessoria estrat\u00e9gia para a Ind\u00fastria Farmac\u00eautica","publisher":{"@id":"https:\/\/els-solutions.com\/en\/#organization"},"potentialAction":[{"@type":"SearchAction","target":{"@type":"EntryPoint","urlTemplate":"https:\/\/els-solutions.com\/en\/?s={search_term_string}"},"query-input":{"@type":"PropertyValueSpecification","valueRequired":true,"valueName":"search_term_string"}}],"inLanguage":"en-US"},{"@type":"Organization","@id":"https:\/\/els-solutions.com\/en\/#organization","name":"ELS Group - Accelerating Innovation","url":"https:\/\/els-solutions.com\/en\/","logo":{"@type":"ImageObject","inLanguage":"en-US","@id":"https:\/\/els-solutions.com\/en\/#\/schema\/logo\/image\/","url":"https:\/\/els-solutions.com\/cms\/wp-content\/uploads\/2023\/08\/ELS-NewLogo-ColorBlack-1-e1691153715735.png","contentUrl":"https:\/\/els-solutions.com\/cms\/wp-content\/uploads\/2023\/08\/ELS-NewLogo-ColorBlack-1-e1691153715735.png","width":2226,"height":1080,"caption":"ELS Group - Accelerating Innovation"},"image":{"@id":"https:\/\/els-solutions.com\/en\/#\/schema\/logo\/image\/"},"sameAs":["https:\/\/www.facebook.com\/els.solutions\/"]}]}},"_links":{"self":[{"href":"https:\/\/els-solutions.com\/en\/wp-json\/wp\/v2\/pages\/3783","targetHints":{"allow":["GET"]}}],"collection":[{"href":"https:\/\/els-solutions.com\/en\/wp-json\/wp\/v2\/pages"}],"about":[{"href":"https:\/\/els-solutions.com\/en\/wp-json\/wp\/v2\/types\/page"}],"author":[{"embeddable":true,"href":"https:\/\/els-solutions.com\/en\/wp-json\/wp\/v2\/users\/9"}],"replies":[{"embeddable":true,"href":"https:\/\/els-solutions.com\/en\/wp-json\/wp\/v2\/comments?post=3783"}],"version-history":[{"count":6,"href":"https:\/\/els-solutions.com\/en\/wp-json\/wp\/v2\/pages\/3783\/revisions"}],"predecessor-version":[{"id":8422,"href":"https:\/\/els-solutions.com\/en\/wp-json\/wp\/v2\/pages\/3783\/revisions\/8422"}],"wp:attachment":[{"href":"https:\/\/els-solutions.com\/en\/wp-json\/wp\/v2\/media?parent=3783"}],"curies":[{"name":"wp","href":"https:\/\/api.w.org\/{rel}","templated":true}]}}