{"id":10487,"date":"2026-04-16T07:29:51","date_gmt":"2026-04-16T06:29:51","guid":{"rendered":"https:\/\/els-solutions.com\/cms\/termos-de-uso\/"},"modified":"2026-04-16T07:52:22","modified_gmt":"2026-04-16T06:52:22","slug":"condiciones-de-uso","status":"publish","type":"page","link":"https:\/\/els-solutions.com\/es\/condiciones-de-uso\/","title":{"rendered":"Termos de Uso"},"content":{"rendered":"\t\t<div data-elementor-type=\"wp-page\" data-elementor-id=\"10487\" class=\"elementor elementor-10487\" data-elementor-post-type=\"page\">\n\t\t\t\t<div class=\"elementor-element elementor-element-4f46a4b5 e-flex e-con-boxed e-con e-parent\" data-id=\"4f46a4b5\" data-element_type=\"container\" data-e-type=\"container\" data-settings=\"{&quot;background_background&quot;:&quot;classic&quot;}\">\n\t\t\t\t\t<div class=\"e-con-inner\">\n\t\t<div class=\"elementor-element elementor-element-1bc36867 e-con-full e-flex e-con e-child\" data-id=\"1bc36867\" data-element_type=\"container\" data-e-type=\"container\">\n\t\t\t\t<div class=\"elementor-element elementor-element-6a235676 elementor-widget__width-inherit elementor-widget elementor-widget-heading\" data-id=\"6a235676\" data-element_type=\"widget\" data-e-type=\"widget\" data-widget_type=\"heading.default\">\n\t\t\t\t\t<h1 class=\"elementor-heading-title elementor-size-default\">T\u00e9rminos y condiciones<\/h1>\t\t\t\t<\/div>\n\t\t\t\t<\/div>\n\t\t\t\t\t<\/div>\n\t\t\t\t<\/div>\n\t\t<div class=\"elementor-element elementor-element-65011643 e-flex e-con-boxed e-con e-parent\" data-id=\"65011643\" data-element_type=\"container\" data-e-type=\"container\">\n\t\t\t\t\t<div class=\"e-con-inner\">\n\t\t\t\t<div class=\"elementor-element elementor-element-49a03075 elementor-widget__width-inherit elementor-widget elementor-widget-text-editor\" data-id=\"49a03075\" data-element_type=\"widget\" data-e-type=\"widget\" data-widget_type=\"text-editor.default\">\n\t\t\t\t\t\t\t\t\t<p>Estos t\u00e9rminos y condiciones rigen el uso del sitio web de ELS SOLUTIONS GDIA \u2013 UNIPESSOAL LDA (https:\/\/www.els-solutions.com\/).<\/p><p>El acceso y uso de este sitio web implica la aceptaci\u00f3n de todas las cl\u00e1usulas contenidas en estos t\u00e9rminos y condiciones, que ELS SOLUTIONS GDIA \u2013 UNIPESSOAL LDA podr\u00e1 modificar unilateralmente en cualquier momento. Es responsabilidad del usuario o de cualquier persona que acceda al sitio web leer detenidamente los t\u00e9rminos y condiciones vigentes cada vez que acceda o utilice el sitio web.<\/p>\t\t\t\t\t\t\t\t<\/div>\n\t\t\t\t<div class=\"elementor-element elementor-element-2319e754 elementor-widget__width-inherit elementor-widget-tablet__width-inherit elementor-widget elementor-widget-heading\" data-id=\"2319e754\" data-element_type=\"widget\" data-e-type=\"widget\" data-widget_type=\"heading.default\">\n\t\t\t\t\t<h2 class=\"elementor-heading-title elementor-size-default\">1. Informaci\u00f3n general<\/h2>\t\t\t\t<\/div>\n\t\t\t\t<div class=\"elementor-element elementor-element-72147fe0 elementor-widget__width-inherit elementor-widget elementor-widget-text-editor\" data-id=\"72147fe0\" data-element_type=\"widget\" data-e-type=\"widget\" data-widget_type=\"text-editor.default\">\n\t\t\t\t\t\t\t\t\t<p>ELS SOLUTIONS GDIA \u2013 UNIPESSOAL LDA, sociedad unipersonal de responsabilidad limitada, con domicilio social en Rua de S\u00e3o Jos\u00e9, N\u00ba 35 \u2013 3\u00ba A, Edif\u00edcio Libersil, Torre B L 1150-321 Lisboa, Portugal, con un capital social de 50.000,00 \u20ac (cincuenta mil euros), inscrita en el Registro Mercantil de Lisboa con el n\u00famero 513185470 (en adelante, como \u201cSoluciones ELS\u201d).<\/p>\t\t\t\t\t\t\t\t<\/div>\n\t\t\t\t<div class=\"elementor-element elementor-element-70345f5a elementor-widget__width-inherit elementor-widget-tablet__width-inherit elementor-widget elementor-widget-heading\" data-id=\"70345f5a\" data-element_type=\"widget\" data-e-type=\"widget\" data-widget_type=\"heading.default\">\n\t\t\t\t\t<h2 class=\"elementor-heading-title elementor-size-default\">2. Conceptos previos<\/h2>\t\t\t\t<\/div>\n\t\t\t\t<div class=\"elementor-element elementor-element-3d989f26 elementor-widget__width-inherit elementor-widget elementor-widget-text-editor\" data-id=\"3d989f26\" data-element_type=\"widget\" data-e-type=\"widget\" data-widget_type=\"text-editor.default\">\n\t\t\t\t\t\t\t\t\t<p>i. Contenido: Toda la informaci\u00f3n disponible para el usuario en el sitio web, en cualquier formato (texto, im\u00e1genes, v\u00eddeos, audio, entre otros).<\/p><p>ii. Sitio web: Conjunto de p\u00e1ginas web, en formato HTML, propiedad de ELS SOLUTIONS GDIA \u2013 UNIPESSOAL LDA y registradas a su nombre, accesibles mediante ordenador, tel\u00e9fono m\u00f3vil, tableta o cualquier otro medio electr\u00f3nico.<\/p><p>iii. Usuario: La(s) persona(s) f\u00edsica(s) o empresa(s) que accede(n) y\/o utiliza(n) el sitio web de ELS Solutions (https:\/\/www.els-solutions.com\/) mediante ordenador, tel\u00e9fono m\u00f3vil, tableta o cualquier otro medio electr\u00f3nico.<\/p>\t\t\t\t\t\t\t\t<\/div>\n\t\t\t\t<div class=\"elementor-element elementor-element-1aacafdf elementor-widget__width-inherit elementor-widget-tablet__width-inherit elementor-widget elementor-widget-heading\" data-id=\"1aacafdf\" data-element_type=\"widget\" data-e-type=\"widget\" data-widget_type=\"heading.default\">\n\t\t\t\t\t<h2 class=\"elementor-heading-title elementor-size-default\">3. Condiciones generales de uso<\/h2>\t\t\t\t<\/div>\n\t\t\t\t<div class=\"elementor-element elementor-element-c078230 elementor-widget__width-inherit elementor-widget elementor-widget-text-editor\" data-id=\"c078230\" data-element_type=\"widget\" data-e-type=\"widget\" data-widget_type=\"text-editor.default\">\n\t\t\t\t\t\t\t\t\t<p>El uso del sitio web de ELS Solutions debe cumplir con el contenido de estos T\u00e9rminos y Condiciones, la legislaci\u00f3n aplicable y regirse siempre por la buena fe y las buenas costumbres.<\/p><p>Salvo autorizaci\u00f3n expresa y previa de ELS Solutions, los usuarios no podr\u00e1n realizar ning\u00fan acto que, directa o indirectamente, implique la explotaci\u00f3n comercial del sitio.<\/p><p>Al acceder y utilizar el sitio web, los usuarios deber\u00e1n abstenerse de realizar actos considerados ilegales seg\u00fan la legislaci\u00f3n vigente. Ser\u00e1n responsables de las conductas o actos que, de cualquier forma, puedan considerarse ilegales o perjudiciales para los derechos e intereses de terceros, lo que podr\u00eda, en particular, impedir o limitar el uso del sitio web por parte de terceros. Los usuarios tambi\u00e9n ser\u00e1n responsables de los da\u00f1os y perjuicios que sufra ELS Solutions como consecuencia de sus acciones, directas o indirectas, que no se ajusten a la normativa aplicable ni a los t\u00e9rminos y condiciones de este sitio web. ELS Solutions se reserva el derecho de denegar el acceso y el uso del sitio web al usuario en caso de incumplimiento de las normas aqu\u00ed establecidas, sin previo aviso.<\/p>\t\t\t\t\t\t\t\t<\/div>\n\t\t\t\t<div class=\"elementor-element elementor-element-31adf3c9 elementor-widget__width-inherit elementor-widget-tablet__width-inherit elementor-widget elementor-widget-heading\" data-id=\"31adf3c9\" data-element_type=\"widget\" data-e-type=\"widget\" data-widget_type=\"heading.default\">\n\t\t\t\t\t<h2 class=\"elementor-heading-title elementor-size-default\">4. Propiedad intelectual<\/h2>\t\t\t\t<\/div>\n\t\t\t\t<div class=\"elementor-element elementor-element-550294f0 elementor-widget__width-inherit elementor-widget elementor-widget-text-editor\" data-id=\"550294f0\" data-element_type=\"widget\" data-e-type=\"widget\" data-widget_type=\"text-editor.default\">\n\t\t\t\t\t\t\t\t\t<p>El uso del sitio web, as\u00ed como el uso de su contenido, no implica ni confiere al usuario ninguna licencia ni derecho de propiedad intelectual sobre dicho contenido. Estas condiciones de uso no otorgan el derecho a utilizar las marcas comerciales ni los logotipos que aparecen en el sitio web. El usuario no debe eliminar, ocultar ni alterar ning\u00fan aviso legal que aparezca en el sitio web.<\/p><p>Los derechos de propiedad de todo el contenido del sitio web pertenecen exclusivamente a ELS SOLUTIONS GDIA \u2013 UNIPESSOAL LDA. Queda estrictamente prohibida la reproducci\u00f3n total o parcial, la publicaci\u00f3n del sitio web, su procesamiento inform\u00e1tico, su distribuci\u00f3n, su comunicaci\u00f3n p\u00fablica, su modificaci\u00f3n o transformaci\u00f3n, sin la autorizaci\u00f3n previa por escrito de ELS Solutions, y podr\u00e1 dar lugar al ejercicio de las acciones legales que ELS Solutions emprenda en defensa de sus derechos.<\/p>\t\t\t\t\t\t\t\t<\/div>\n\t\t\t\t<div class=\"elementor-element elementor-element-7e7535af elementor-widget__width-inherit elementor-widget-tablet__width-inherit elementor-widget elementor-widget-heading\" data-id=\"7e7535af\" data-element_type=\"widget\" data-e-type=\"widget\" data-widget_type=\"heading.default\">\n\t\t\t\t\t<h2 class=\"elementor-heading-title elementor-size-default\">5. Interrupci\u00f3n o suspensi\u00f3n del acceso<\/h2>\t\t\t\t<\/div>\n\t\t\t\t<div class=\"elementor-element elementor-element-70181fe3 elementor-widget__width-inherit elementor-widget elementor-widget-text-editor\" data-id=\"70181fe3\" data-element_type=\"widget\" data-e-type=\"widget\" data-widget_type=\"text-editor.default\">\n\t\t\t\t\t\t\t\t\t<p>Los usuarios del sitio declaran y garantizan que no har\u00e1n un uso indebido del mismo. Como ejemplo de este deber, el usuario no deber\u00e1 interferir con su contenido ni acceder al sitio por medios distintos a la interfaz y las instrucciones proporcionadas. El uso del sitio deber\u00e1 regirse \u00fanicamente por los t\u00e9rminos permitidos por la ley.<\/p><p>ELS Solutions se reserva el derecho de interrumpir el acceso a su sitio durante el tiempo que considere necesario (ya sea temporal o permanente) por cualquier motivo t\u00e9cnico, administrativo, de fuerza mayor o cualquier otra causa que pudiera surgir y que no est\u00e9 contemplada en este documento.<\/p><p>ELS Solutions no se responsabiliza de ninguna suspensi\u00f3n o interrupci\u00f3n del acceso que pueda producirse como consecuencia de causas ajenas a su responsabilidad o que sean imputables a mera negligencia.<\/p>\t\t\t\t\t\t\t\t<\/div>\n\t\t\t\t<div class=\"elementor-element elementor-element-21bef75a elementor-widget__width-inherit elementor-widget-tablet__width-inherit elementor-widget elementor-widget-heading\" data-id=\"21bef75a\" data-element_type=\"widget\" data-e-type=\"widget\" data-widget_type=\"heading.default\">\n\t\t\t\t\t<h2 class=\"elementor-heading-title elementor-size-default\">6. Enlaces a sitios web de terceros<\/h2>\t\t\t\t<\/div>\n\t\t\t\t<div class=\"elementor-element elementor-element-ff57769 elementor-widget__width-inherit elementor-widget elementor-widget-text-editor\" data-id=\"ff57769\" data-element_type=\"widget\" data-e-type=\"widget\" data-widget_type=\"text-editor.default\">\n\t\t\t\t\t\t\t\t\t<p>El sitio web utiliza hiperv\u00ednculos y cookies para mejorar la navegaci\u00f3n. Cuando el sitio web enlaza con contenido externo (es decir, cuando redirige al usuario a sitios web de terceros que no pertenecen a ELS Solutions), el contenido de dichos sitios web es responsabilidad exclusiva de la entidad que los proporciona.<\/p>\t\t\t\t\t\t\t\t<\/div>\n\t\t\t\t<div class=\"elementor-element elementor-element-1a05cffa elementor-widget__width-inherit elementor-widget-tablet__width-inherit elementor-widget elementor-widget-heading\" data-id=\"1a05cffa\" data-element_type=\"widget\" data-e-type=\"widget\" data-widget_type=\"heading.default\">\n\t\t\t\t\t<h2 class=\"elementor-heading-title elementor-size-default\">7. Modificaci\u00f3n y Terminaci\u00f3n de los Servicios<\/h2>\t\t\t\t<\/div>\n\t\t\t\t<div class=\"elementor-element elementor-element-44ae196a elementor-widget__width-inherit elementor-widget elementor-widget-text-editor\" data-id=\"44ae196a\" data-element_type=\"widget\" data-e-type=\"widget\" data-widget_type=\"text-editor.default\">\n\t\t\t\t\t\t\t\t\t<p>El contenido del sitio web puede modificarse en cualquier momento. ELS Solutions puede a\u00f1adir o eliminar contenido, as\u00ed como suspender o interrumpir por completo el funcionamiento del sitio web. Asimismo, ELS Solutions puede establecer o a\u00f1adir nuevas restricciones de acceso o uso del sitio web.<\/p>\t\t\t\t\t\t\t\t<\/div>\n\t\t\t\t<div class=\"elementor-element elementor-element-673eb1c4 elementor-widget__width-inherit elementor-widget-tablet__width-inherit elementor-widget elementor-widget-heading\" data-id=\"673eb1c4\" data-element_type=\"widget\" data-e-type=\"widget\" data-widget_type=\"heading.default\">\n\t\t\t\t\t<h2 class=\"elementor-heading-title elementor-size-default\">8. Responsabilidad<\/h2>\t\t\t\t<\/div>\n\t\t\t\t<div class=\"elementor-element elementor-element-d03979f elementor-widget__width-inherit elementor-widget elementor-widget-text-editor\" data-id=\"d03979f\" data-element_type=\"widget\" data-e-type=\"widget\" data-widget_type=\"text-editor.default\">\n\t\t\t\t\t\t\t\t\t<p>ELS Solutions no se responsabiliza del uso indebido del contenido del sitio. El acceso y el uso del sitio son responsabilidad exclusiva del usuario. ELS Solutions no se responsabiliza de las consecuencias, p\u00e9rdidas o da\u00f1os que el usuario pueda sufrir al acceder o utilizar el sitio.<\/p><p>ELS Solutions no garantiza el funcionamiento del sitio. Sin embargo, cuando sea factible o previsible, se notificar\u00e1 a los usuarios sobre posibles interrupciones en su funcionamiento.<\/p><p>El usuario es el \u00fanico responsable de las decisiones que tome bas\u00e1ndose en el contenido del sitio. ELS Solutions no garantiza la utilidad, exactitud ni actualizaci\u00f3n del contenido de su sitio y, por lo tanto, no se responsabilizar\u00e1 de las consecuencias, p\u00e9rdidas o da\u00f1os que el usuario pueda sufrir como resultado de las decisiones y acciones que haya tomado en relaci\u00f3n con el contenido del sitio.<\/p><p>ELS Solutions no garantiza la ausencia de virus ni de ning\u00fan otro elemento da\u00f1ino introducido en el sitio por otros usuarios o terceros que pueda causar alteraciones o problemas de cualquier tipo en los sistemas inform\u00e1ticos de los usuarios (software y hardware) o en los documentos y archivos electr\u00f3nicos almacenados en el ordenador.<\/p>\t\t\t\t\t\t\t\t<\/div>\n\t\t\t\t<div class=\"elementor-element elementor-element-46a66f3f elementor-widget__width-inherit elementor-widget-tablet__width-inherit elementor-widget elementor-widget-heading\" data-id=\"46a66f3f\" data-element_type=\"widget\" data-e-type=\"widget\" data-widget_type=\"heading.default\">\n\t\t\t\t\t<h2 class=\"elementor-heading-title elementor-size-default\">9. Protecci\u00f3n de datos<\/h2>\t\t\t\t<\/div>\n\t\t\t\t<div class=\"elementor-element elementor-element-44fa7573 elementor-widget__width-inherit elementor-widget elementor-widget-text-editor\" data-id=\"44fa7573\" data-element_type=\"widget\" data-e-type=\"widget\" data-widget_type=\"text-editor.default\">\n\t\t\t\t\t\t\t\t\t<p>Puedes consultar nuestra pol\u00edtica de privacidad aqu\u00ed.<\/p>\t\t\t\t\t\t\t\t<\/div>\n\t\t\t\t<div class=\"elementor-element elementor-element-1563dae7 elementor-widget__width-inherit elementor-widget-tablet__width-inherit elementor-widget elementor-widget-heading\" data-id=\"1563dae7\" data-element_type=\"widget\" data-e-type=\"widget\" data-widget_type=\"heading.default\">\n\t\t\t\t\t<h2 class=\"elementor-heading-title elementor-size-default\">10. Contacto<\/h2>\t\t\t\t<\/div>\n\t\t\t\t<div class=\"elementor-element elementor-element-7dc34a0a elementor-widget__width-inherit elementor-widget elementor-widget-text-editor\" data-id=\"7dc34a0a\" data-element_type=\"widget\" data-e-type=\"widget\" data-widget_type=\"text-editor.default\">\n\t\t\t\t\t\t\t\t\t<p>Para aclaraci\u00f3n de cualquier duda relacionada con los presentes t\u00e9rminos y condiciones de uso del sitio web de ELS Solutions, el usuario deber\u00e1 contactar con ELS SOLUTIONS GDIA \u2013 UNIPESSOAL LDA en la siguiente direcci\u00f3n:<br \/>\u2022 Rua de S\u00e3o Jos\u00e9, 35 \u2013 3A, Torre B \u2013 Edif\u00edcio Libersil, 1150-321, Lisboa \u2013 Portugal<br \/>\u2022 O por correo electr\u00f3nico: info@elssolutions.pt<\/p>\t\t\t\t\t\t\t\t<\/div>\n\t\t\t\t<div class=\"elementor-element elementor-element-fb65aff elementor-widget__width-inherit elementor-widget-tablet__width-inherit elementor-widget elementor-widget-heading\" data-id=\"fb65aff\" data-element_type=\"widget\" data-e-type=\"widget\" data-widget_type=\"heading.default\">\n\t\t\t\t\t<h2 class=\"elementor-heading-title elementor-size-default\">11. Conflicto y jurisdicci\u00f3n<\/h2>\t\t\t\t<\/div>\n\t\t\t\t<div class=\"elementor-element elementor-element-24844039 elementor-widget__width-inherit elementor-widget elementor-widget-text-editor\" data-id=\"24844039\" data-element_type=\"widget\" data-e-type=\"widget\" data-widget_type=\"text-editor.default\">\n\t\t\t\t\t\t\t\t\t<p>En caso de conflicto entre estos t\u00e9rminos y condiciones y sus modificaciones posteriores, prevalecer\u00e1n estas \u00faltimas.<\/p><p>Si alguna cl\u00e1usula se considera nula, ineficaz o inv\u00e1lida, esto no afectar\u00e1 la validez ni la eficacia de las dem\u00e1s cl\u00e1usulas, que permanecer\u00e1n vigentes.<\/p><p>En caso de incumplimiento de estos T\u00e9rminos y Condiciones por parte del usuario, si ELS Solutions no toma medidas inmediatas al respecto, esto no implicar\u00e1 la renuncia por parte de ELS Solutions a ninguno de sus derechos.<\/p><p>Estos T\u00e9rminos y Condiciones se rigen por la legislaci\u00f3n portuguesa. Cualquier controversia derivada del acceso y uso del sitio web se someter\u00e1 a la jurisdicci\u00f3n del Tribunal de Distrito de Lisboa, con renuncia expresa a cualquier otra jurisdicci\u00f3n.<\/p>\t\t\t\t\t\t\t\t<\/div>\n\t\t\t\t\t<\/div>\n\t\t\t\t<\/div>\n\t\t\t\t<\/div>\n\t\t","protected":false},"excerpt":{"rendered":"<p>T\u00e9rminos y condiciones Estos t\u00e9rminos y condiciones rigen el uso del sitio web de ELS SOLUTIONS GDIA \u2013 UNIPESSOAL LDA (https:\/\/www.els-solutions.com\/). El acceso y uso de este sitio web implica la aceptaci\u00f3n de todas las cl\u00e1usulas contenidas en estos t\u00e9rminos y condiciones, que ELS SOLUTIONS GDIA \u2013 UNIPESSOAL LDA podr\u00e1 modificar unilateralmente en cualquier momento. [&hellip;]<\/p>\n","protected":false},"author":11,"featured_media":0,"parent":0,"menu_order":0,"comment_status":"closed","ping_status":"closed","template":"","meta":{"footnotes":""},"class_list":["post-10487","page","type-page","status-publish","hentry"],"yoast_head":"<!-- This site is optimized with the Yoast SEO plugin v23.4 - https:\/\/yoast.com\/wordpress\/plugins\/seo\/ -->\n<title>Termos de Uso - ELS Group - Accelerating Innovation<\/title>\n<meta name=\"robots\" content=\"noindex, follow, max-snippet:-1, max-image-preview:large, max-video-preview:-1\" \/>\n<meta property=\"og:locale\" content=\"es_ES\" \/>\n<meta property=\"og:type\" content=\"article\" \/>\n<meta property=\"og:title\" content=\"Termos de Uso - ELS Group - Accelerating Innovation\" \/>\n<meta property=\"og:description\" content=\"T\u00e9rminos y condiciones Estos t\u00e9rminos y condiciones rigen el uso del sitio web de ELS SOLUTIONS GDIA \u2013 UNIPESSOAL LDA (https:\/\/www.els-solutions.com\/). El acceso y uso de este sitio web implica la aceptaci\u00f3n de todas las cl\u00e1usulas contenidas en estos t\u00e9rminos y condiciones, que ELS SOLUTIONS GDIA \u2013 UNIPESSOAL LDA podr\u00e1 modificar unilateralmente en cualquier momento. [&hellip;]\" \/>\n<meta property=\"og:url\" content=\"https:\/\/els-solutions.com\/es\/condiciones-de-uso\/\" \/>\n<meta property=\"og:site_name\" content=\"ELS Group - Accelerating Innovation\" \/>\n<meta property=\"article:publisher\" content=\"https:\/\/www.facebook.com\/els.solutions\/\" \/>\n<meta property=\"article:modified_time\" content=\"2026-04-16T06:52:22+00:00\" \/>\n<meta name=\"twitter:card\" content=\"summary_large_image\" \/>\n<script type=\"application\/ld+json\" class=\"yoast-schema-graph\">{\"@context\":\"https:\/\/schema.org\",\"@graph\":[{\"@type\":\"WebPage\",\"@id\":\"https:\/\/els-solutions.com\/es\/condiciones-de-uso\/\",\"url\":\"https:\/\/els-solutions.com\/es\/condiciones-de-uso\/\",\"name\":\"Termos de Uso - ELS Group - Accelerating Innovation\",\"isPartOf\":{\"@id\":\"https:\/\/els-solutions.com\/es\/#website\"},\"datePublished\":\"2026-04-16T06:29:51+00:00\",\"dateModified\":\"2026-04-16T06:52:22+00:00\",\"breadcrumb\":{\"@id\":\"https:\/\/els-solutions.com\/es\/condiciones-de-uso\/#breadcrumb\"},\"inLanguage\":\"es\",\"potentialAction\":[{\"@type\":\"ReadAction\",\"target\":[\"https:\/\/els-solutions.com\/es\/condiciones-de-uso\/\"]}]},{\"@type\":\"BreadcrumbList\",\"@id\":\"https:\/\/els-solutions.com\/es\/condiciones-de-uso\/#breadcrumb\",\"itemListElement\":[{\"@type\":\"ListItem\",\"position\":1,\"name\":\"In\u00edcio\",\"item\":\"https:\/\/els-solutions.com\/es\/\"},{\"@type\":\"ListItem\",\"position\":2,\"name\":\"Termos de Uso\"}]},{\"@type\":\"WebSite\",\"@id\":\"https:\/\/els-solutions.com\/es\/#website\",\"url\":\"https:\/\/els-solutions.com\/es\/\",\"name\":\"ELS Group - Accelerating Innovation\",\"description\":\"Assessoria estrat\u00e9gia para a Ind\u00fastria Farmac\u00eautica\",\"publisher\":{\"@id\":\"https:\/\/els-solutions.com\/es\/#organization\"},\"potentialAction\":[{\"@type\":\"SearchAction\",\"target\":{\"@type\":\"EntryPoint\",\"urlTemplate\":\"https:\/\/els-solutions.com\/es\/?s={search_term_string}\"},\"query-input\":{\"@type\":\"PropertyValueSpecification\",\"valueRequired\":true,\"valueName\":\"search_term_string\"}}],\"inLanguage\":\"es\"},{\"@type\":\"Organization\",\"@id\":\"https:\/\/els-solutions.com\/es\/#organization\",\"name\":\"ELS Group - Accelerating Innovation\",\"url\":\"https:\/\/els-solutions.com\/es\/\",\"logo\":{\"@type\":\"ImageObject\",\"inLanguage\":\"es\",\"@id\":\"https:\/\/els-solutions.com\/es\/#\/schema\/logo\/image\/\",\"url\":\"https:\/\/els-solutions.com\/cms\/wp-content\/uploads\/2023\/08\/ELS-NewLogo-ColorBlack-1-e1691153715735.png\",\"contentUrl\":\"https:\/\/els-solutions.com\/cms\/wp-content\/uploads\/2023\/08\/ELS-NewLogo-ColorBlack-1-e1691153715735.png\",\"width\":2226,\"height\":1080,\"caption\":\"ELS Group - Accelerating Innovation\"},\"image\":{\"@id\":\"https:\/\/els-solutions.com\/es\/#\/schema\/logo\/image\/\"},\"sameAs\":[\"https:\/\/www.facebook.com\/els.solutions\/\"]}]}<\/script>\n<!-- \/ Yoast SEO plugin. -->","yoast_head_json":{"title":"Termos de Uso - ELS Group - Accelerating Innovation","robots":{"index":"noindex","follow":"follow","max-snippet":"max-snippet:-1","max-image-preview":"max-image-preview:large","max-video-preview":"max-video-preview:-1"},"og_locale":"es_ES","og_type":"article","og_title":"Termos de Uso - ELS Group - Accelerating Innovation","og_description":"T\u00e9rminos y condiciones Estos t\u00e9rminos y condiciones rigen el uso del sitio web de ELS SOLUTIONS GDIA \u2013 UNIPESSOAL LDA (https:\/\/www.els-solutions.com\/). El acceso y uso de este sitio web implica la aceptaci\u00f3n de todas las cl\u00e1usulas contenidas en estos t\u00e9rminos y condiciones, que ELS SOLUTIONS GDIA \u2013 UNIPESSOAL LDA podr\u00e1 modificar unilateralmente en cualquier momento. [&hellip;]","og_url":"https:\/\/els-solutions.com\/es\/condiciones-de-uso\/","og_site_name":"ELS Group - Accelerating Innovation","article_publisher":"https:\/\/www.facebook.com\/els.solutions\/","article_modified_time":"2026-04-16T06:52:22+00:00","twitter_card":"summary_large_image","schema":{"@context":"https:\/\/schema.org","@graph":[{"@type":"WebPage","@id":"https:\/\/els-solutions.com\/es\/condiciones-de-uso\/","url":"https:\/\/els-solutions.com\/es\/condiciones-de-uso\/","name":"Termos de Uso - ELS Group - Accelerating Innovation","isPartOf":{"@id":"https:\/\/els-solutions.com\/es\/#website"},"datePublished":"2026-04-16T06:29:51+00:00","dateModified":"2026-04-16T06:52:22+00:00","breadcrumb":{"@id":"https:\/\/els-solutions.com\/es\/condiciones-de-uso\/#breadcrumb"},"inLanguage":"es","potentialAction":[{"@type":"ReadAction","target":["https:\/\/els-solutions.com\/es\/condiciones-de-uso\/"]}]},{"@type":"BreadcrumbList","@id":"https:\/\/els-solutions.com\/es\/condiciones-de-uso\/#breadcrumb","itemListElement":[{"@type":"ListItem","position":1,"name":"In\u00edcio","item":"https:\/\/els-solutions.com\/es\/"},{"@type":"ListItem","position":2,"name":"Termos de Uso"}]},{"@type":"WebSite","@id":"https:\/\/els-solutions.com\/es\/#website","url":"https:\/\/els-solutions.com\/es\/","name":"ELS Group - Accelerating Innovation","description":"Assessoria estrat\u00e9gia para a Ind\u00fastria Farmac\u00eautica","publisher":{"@id":"https:\/\/els-solutions.com\/es\/#organization"},"potentialAction":[{"@type":"SearchAction","target":{"@type":"EntryPoint","urlTemplate":"https:\/\/els-solutions.com\/es\/?s={search_term_string}"},"query-input":{"@type":"PropertyValueSpecification","valueRequired":true,"valueName":"search_term_string"}}],"inLanguage":"es"},{"@type":"Organization","@id":"https:\/\/els-solutions.com\/es\/#organization","name":"ELS Group - Accelerating Innovation","url":"https:\/\/els-solutions.com\/es\/","logo":{"@type":"ImageObject","inLanguage":"es","@id":"https:\/\/els-solutions.com\/es\/#\/schema\/logo\/image\/","url":"https:\/\/els-solutions.com\/cms\/wp-content\/uploads\/2023\/08\/ELS-NewLogo-ColorBlack-1-e1691153715735.png","contentUrl":"https:\/\/els-solutions.com\/cms\/wp-content\/uploads\/2023\/08\/ELS-NewLogo-ColorBlack-1-e1691153715735.png","width":2226,"height":1080,"caption":"ELS Group - Accelerating Innovation"},"image":{"@id":"https:\/\/els-solutions.com\/es\/#\/schema\/logo\/image\/"},"sameAs":["https:\/\/www.facebook.com\/els.solutions\/"]}]}},"_links":{"self":[{"href":"https:\/\/els-solutions.com\/es\/wp-json\/wp\/v2\/pages\/10487","targetHints":{"allow":["GET"]}}],"collection":[{"href":"https:\/\/els-solutions.com\/es\/wp-json\/wp\/v2\/pages"}],"about":[{"href":"https:\/\/els-solutions.com\/es\/wp-json\/wp\/v2\/types\/page"}],"author":[{"embeddable":true,"href":"https:\/\/els-solutions.com\/es\/wp-json\/wp\/v2\/users\/11"}],"replies":[{"embeddable":true,"href":"https:\/\/els-solutions.com\/es\/wp-json\/wp\/v2\/comments?post=10487"}],"version-history":[{"count":4,"href":"https:\/\/els-solutions.com\/es\/wp-json\/wp\/v2\/pages\/10487\/revisions"}],"predecessor-version":[{"id":10503,"href":"https:\/\/els-solutions.com\/es\/wp-json\/wp\/v2\/pages\/10487\/revisions\/10503"}],"wp:attachment":[{"href":"https:\/\/els-solutions.com\/es\/wp-json\/wp\/v2\/media?parent=10487"}],"curies":[{"name":"wp","href":"https:\/\/api.w.org\/{rel}","templated":true}]}}