{"id":10836,"date":"2026-04-11T22:54:47","date_gmt":"2026-04-11T21:54:47","guid":{"rendered":"https:\/\/els-solutions.com\/?page_id=10836"},"modified":"2026-05-07T15:49:02","modified_gmt":"2026-05-07T14:49:02","slug":"carreras","status":"publish","type":"page","link":"https:\/\/els-solutions.com\/es\/carreras\/","title":{"rendered":"Carreras"},"content":{"rendered":"\t\t<div data-elementor-type=\"wp-page\" data-elementor-id=\"10836\" class=\"elementor elementor-10836\" data-elementor-post-type=\"page\">\n\t\t\t\t<div class=\"elementor-element elementor-element-35b86bc0 e-flex e-con-boxed e-con e-parent\" data-id=\"35b86bc0\" data-element_type=\"container\" data-e-type=\"container\" data-settings=\"{&quot;background_background&quot;:&quot;classic&quot;}\">\n\t\t\t\t\t<div class=\"e-con-inner\">\n\t\t<div class=\"elementor-element elementor-element-b94ce84 e-con-full e-flex e-con e-child\" data-id=\"b94ce84\" data-element_type=\"container\" data-e-type=\"container\">\n\t\t\t\t<div class=\"elementor-element elementor-element-28b340fc elementor-widget__width-inherit elementor-widget elementor-widget-heading\" data-id=\"28b340fc\" data-element_type=\"widget\" data-e-type=\"widget\" data-widget_type=\"heading.default\">\n\t\t\t\t\t<h1 class=\"elementor-heading-title elementor-size-default\">\u00danase a Nosotros<\/h1>\t\t\t\t<\/div>\n\t\t\t\t<div class=\"elementor-element elementor-element-171b35dd elementor-widget__width-initial elementor-widget-tablet__width-inherit elementor-widget elementor-widget-heading\" data-id=\"171b35dd\" data-element_type=\"widget\" data-e-type=\"widget\" data-widget_type=\"heading.default\">\n\t\t\t\t\t<div class=\"elementor-heading-title elementor-size-default\">Vacantes abiertas actualmente. \u00a1Venga a formar parte de un equipo din\u00e1mico!<\/div>\t\t\t\t<\/div>\n\t\t\t\t<\/div>\n\t\t\t\t\t<\/div>\n\t\t\t\t<\/div>\n\t\t<div class=\"elementor-element elementor-element-29d4c35 e-flex e-con-boxed e-con e-parent\" data-id=\"29d4c35\" data-element_type=\"container\" data-e-type=\"container\" data-settings=\"{&quot;background_background&quot;:&quot;classic&quot;}\">\n\t\t\t\t\t<div class=\"e-con-inner\">\n\t\t<div class=\"elementor-element elementor-element-14f79058 e-con-full e-flex e-con e-child\" data-id=\"14f79058\" data-element_type=\"container\" data-e-type=\"container\">\n\t\t\t\t<div class=\"elementor-element elementor-element-3a59a00e elementor-widget elementor-widget-image\" data-id=\"3a59a00e\" data-element_type=\"widget\" data-e-type=\"widget\" data-widget_type=\"image.default\">\n\t\t\t\t\t\t\t\t\t\t\t\t\t\t\t<img fetchpriority=\"high\" decoding=\"async\" width=\"590\" height=\"407\" src=\"https:\/\/els-solutions.com\/cms\/wp-content\/uploads\/2026\/04\/quem-somos-empresa-assessoria-estrategia.jpg\" class=\"attachment-large size-large wp-image-9348\" alt=\"\" srcset=\"https:\/\/els-solutions.com\/cms\/wp-content\/uploads\/2026\/04\/quem-somos-empresa-assessoria-estrategia.jpg 590w, https:\/\/els-solutions.com\/cms\/wp-content\/uploads\/2026\/04\/quem-somos-empresa-assessoria-estrategia-300x207.jpg 300w\" sizes=\"(max-width: 590px) 100vw, 590px\" \/>\t\t\t\t\t\t\t\t\t\t\t\t\t\t\t<\/div>\n\t\t\t\t<\/div>\n\t\t<div class=\"elementor-element elementor-element-3483c297 e-con-full e-flex e-con e-child\" data-id=\"3483c297\" data-element_type=\"container\" data-e-type=\"container\">\n\t\t\t\t<div class=\"elementor-element elementor-element-32729d2c elementor-widget__width-initial elementor-widget-tablet__width-inherit elementor-widget elementor-widget-heading\" data-id=\"32729d2c\" data-element_type=\"widget\" data-e-type=\"widget\" data-widget_type=\"heading.default\">\n\t\t\t\t\t<h2 class=\"elementor-heading-title elementor-size-default\">Qui\u00e9nes Somos<\/h2>\t\t\t\t<\/div>\n\t\t\t\t<div class=\"elementor-element elementor-element-40a023f0 elementor-widget__width-initial elementor-widget-tablet__width-inherit elementor-widget elementor-widget-heading\" data-id=\"40a023f0\" data-element_type=\"widget\" data-e-type=\"widget\" data-widget_type=\"heading.default\">\n\t\t\t\t\t<h3 class=\"elementor-heading-title elementor-size-default\">Empresa de consultor\u00eda estrat\u00e9gica para las Industrias Farmac\u00e9utica, de la Salud y del Bienestar.<\/h3>\t\t\t\t<\/div>\n\t\t\t\t<div class=\"elementor-element elementor-element-7cb60fae elementor-widget__width-inherit elementor-widget elementor-widget-text-editor\" data-id=\"7cb60fae\" data-element_type=\"widget\" data-e-type=\"widget\" data-widget_type=\"text-editor.default\">\n\t\t\t\t\t\t\t\t\t<p>ELS Group re\u00fane a un equipo de profesionales altamente especializados con amplia experiencia en marcos regulatorios y cumplimiento normativo en el sector farmac\u00e9utico. Nos posicionamos como socio estrat\u00e9gico, desde la administraci\u00f3n hasta la gesti\u00f3n t\u00e9cnica, garantizando rigor, coherencia y previsibilidad en la toma de decisiones cr\u00edticas y la mitigaci\u00f3n de riesgos regulatorios.<\/p><p>Soluciones estrat\u00e9gicas para las industrias farmac\u00e9utica, sanitaria, alimentaria y de tecnolog\u00eda m\u00e9dica en Brasil, M\u00e9xico, Colombia, Argentina, Chile, Portugal, Espa\u00f1a, Francia, Italia, Alemania y el Reino Unido.<\/p>\t\t\t\t\t\t\t\t<\/div>\n\t\t\t\t<\/div>\n\t\t\t\t\t<\/div>\n\t\t\t\t<\/div>\n\t\t<div class=\"elementor-element elementor-element-33c7bfdf e-flex e-con-boxed e-con e-parent\" data-id=\"33c7bfdf\" data-element_type=\"container\" data-e-type=\"container\" data-settings=\"{&quot;background_background&quot;:&quot;classic&quot;}\">\n\t\t\t\t\t<div class=\"e-con-inner\">\n\t\t<div class=\"elementor-element elementor-element-70bef4c2 e-con-full e-flex e-con e-child\" data-id=\"70bef4c2\" data-element_type=\"container\" data-e-type=\"container\">\n\t\t\t\t<div class=\"elementor-element elementor-element-6b0b8259 elementor-widget elementor-widget-image\" data-id=\"6b0b8259\" data-element_type=\"widget\" data-e-type=\"widget\" data-widget_type=\"image.default\">\n\t\t\t\t\t\t\t\t\t\t\t\t\t\t\t<img decoding=\"async\" width=\"590\" height=\"285\" src=\"https:\/\/els-solutions.com\/cms\/wp-content\/uploads\/2026\/04\/entre-em-contato-conosco.jpg\" class=\"attachment-large size-large wp-image-9364\" alt=\"\" srcset=\"https:\/\/els-solutions.com\/cms\/wp-content\/uploads\/2026\/04\/entre-em-contato-conosco.jpg 590w, https:\/\/els-solutions.com\/cms\/wp-content\/uploads\/2026\/04\/entre-em-contato-conosco-300x145.jpg 300w\" sizes=\"(max-width: 590px) 100vw, 590px\" \/>\t\t\t\t\t\t\t\t\t\t\t\t\t\t\t<\/div>\n\t\t\t\t<\/div>\n\t\t<div class=\"elementor-element elementor-element-64b6ace7 e-con-full e-flex e-con e-child\" data-id=\"64b6ace7\" data-element_type=\"container\" data-e-type=\"container\">\n\t\t\t\t<div class=\"elementor-element elementor-element-22384e89 elementor-widget__width-initial elementor-widget-tablet__width-inherit elementor-widget elementor-widget-heading\" data-id=\"22384e89\" data-element_type=\"widget\" data-e-type=\"widget\" data-widget_type=\"heading.default\">\n\t\t\t\t\t<h2 class=\"elementor-heading-title elementor-size-default\">Trabaje con Nosotros<\/h2>\t\t\t\t<\/div>\n\t\t\t\t<div class=\"elementor-element elementor-element-45e0901a elementor-widget__width-inherit elementor-widget elementor-widget-text-editor\" data-id=\"45e0901a\" data-element_type=\"widget\" data-e-type=\"widget\" data-widget_type=\"text-editor.default\">\n\t\t\t\t\t\t\t\t\t<p>Si considera que posee competencias relevantes en las \u00e1reas de actividad de ELS Group, env\u00edenos su CV.<\/p>\t\t\t\t\t\t\t\t<\/div>\n\t\t\t\t<div class=\"elementor-element elementor-element-677106ed elementor-align-left elementor-widget__width-inherit elementor-widget elementor-widget-button\" data-id=\"677106ed\" data-element_type=\"widget\" data-e-type=\"widget\" data-widget_type=\"button.default\">\n\t\t\t\t\t\t\t\t\t\t<a class=\"elementor-button elementor-button-link elementor-size-sm\" href=\"mailto:info@elssolutions.pt\" target=\"_blank\">\n\t\t\t\t\t\t<span class=\"elementor-button-content-wrapper\">\n\t\t\t\t\t\t\t\t\t<span class=\"elementor-button-text\">Enviar CV<\/span>\n\t\t\t\t\t<\/span>\n\t\t\t\t\t<\/a>\n\t\t\t\t\t\t\t\t<\/div>\n\t\t\t\t<\/div>\n\t\t\t\t\t<\/div>\n\t\t\t\t<\/div>\n\t\t\t\t<\/div>\n\t\t","protected":false},"excerpt":{"rendered":"<p>\u00danase a Nosotros Vacantes abiertas actualmente. \u00a1Venga a formar parte de un equipo din\u00e1mico! Qui\u00e9nes Somos Empresa de consultor\u00eda estrat\u00e9gica para las Industrias Farmac\u00e9utica, de la Salud y del Bienestar. ELS Group re\u00fane a un equipo de profesionales altamente especializados con amplia experiencia en marcos regulatorios y cumplimiento normativo en el sector farmac\u00e9utico. Nos posicionamos [&hellip;]<\/p>\n","protected":false},"author":9,"featured_media":0,"parent":0,"menu_order":0,"comment_status":"closed","ping_status":"closed","template":"","meta":{"_joinchat":[],"footnotes":""},"class_list":["post-10836","page","type-page","status-publish","hentry"],"yoast_head":"<!-- This site is optimized with the Yoast SEO plugin v23.4 - https:\/\/yoast.com\/wordpress\/plugins\/seo\/ -->\n<title>ELS Group - Oportunidades de carrera<\/title>\n<meta name=\"description\" content=\"Descubra las vacantes actuales y c\u00f3mo puede unirse a nuestro equipo din\u00e1mico. Si tiene habilidades relevantes, env\u00edenos su curr\u00edculum.\" \/>\n<meta name=\"robots\" content=\"index, follow, max-snippet:-1, max-image-preview:large, max-video-preview:-1\" \/>\n<link rel=\"canonical\" href=\"https:\/\/els-solutions.com\/es\/carreras\/\" \/>\n<meta property=\"og:locale\" content=\"es_ES\" \/>\n<meta property=\"og:type\" content=\"article\" \/>\n<meta property=\"og:title\" content=\"ELS Group - Oportunidades de carrera\" \/>\n<meta property=\"og:description\" content=\"Descubra las vacantes actuales y c\u00f3mo puede unirse a nuestro equipo din\u00e1mico. Si tiene habilidades relevantes, env\u00edenos su curr\u00edculum.\" \/>\n<meta property=\"og:url\" content=\"https:\/\/els-solutions.com\/es\/carreras\/\" \/>\n<meta property=\"og:site_name\" content=\"ELS Group - Accelerating Innovation\" \/>\n<meta property=\"article:publisher\" content=\"https:\/\/www.facebook.com\/els.solutions\/\" \/>\n<meta property=\"article:modified_time\" content=\"2026-05-07T14:49:02+00:00\" \/>\n<meta property=\"og:image\" content=\"https:\/\/els-solutions.com\/cms\/wp-content\/uploads\/2026\/04\/quem-somos-empresa-assessoria-estrategia.jpg\" \/>\n<meta name=\"twitter:card\" content=\"summary_large_image\" \/>\n<meta name=\"twitter:label1\" content=\"Tiempo de lectura\" \/>\n\t<meta name=\"twitter:data1\" content=\"2 minutos\" \/>\n<script type=\"application\/ld+json\" class=\"yoast-schema-graph\">{\"@context\":\"https:\/\/schema.org\",\"@graph\":[{\"@type\":\"WebPage\",\"@id\":\"https:\/\/els-solutions.com\/es\/carreras\/\",\"url\":\"https:\/\/els-solutions.com\/es\/carreras\/\",\"name\":\"ELS Group - Oportunidades de carrera\",\"isPartOf\":{\"@id\":\"https:\/\/els-solutions.com\/es\/#website\"},\"primaryImageOfPage\":{\"@id\":\"https:\/\/els-solutions.com\/es\/carreras\/#primaryimage\"},\"image\":{\"@id\":\"https:\/\/els-solutions.com\/es\/carreras\/#primaryimage\"},\"thumbnailUrl\":\"https:\/\/els-solutions.com\/cms\/wp-content\/uploads\/2026\/04\/quem-somos-empresa-assessoria-estrategia.jpg\",\"datePublished\":\"2026-04-11T21:54:47+00:00\",\"dateModified\":\"2026-05-07T14:49:02+00:00\",\"description\":\"Descubra las vacantes actuales y c\u00f3mo puede unirse a nuestro equipo din\u00e1mico. Si tiene habilidades relevantes, env\u00edenos su curr\u00edculum.\",\"breadcrumb\":{\"@id\":\"https:\/\/els-solutions.com\/es\/carreras\/#breadcrumb\"},\"inLanguage\":\"es\",\"potentialAction\":[{\"@type\":\"ReadAction\",\"target\":[\"https:\/\/els-solutions.com\/es\/carreras\/\"]}]},{\"@type\":\"ImageObject\",\"inLanguage\":\"es\",\"@id\":\"https:\/\/els-solutions.com\/es\/carreras\/#primaryimage\",\"url\":\"https:\/\/els-solutions.com\/cms\/wp-content\/uploads\/2026\/04\/quem-somos-empresa-assessoria-estrategia.jpg\",\"contentUrl\":\"https:\/\/els-solutions.com\/cms\/wp-content\/uploads\/2026\/04\/quem-somos-empresa-assessoria-estrategia.jpg\"},{\"@type\":\"BreadcrumbList\",\"@id\":\"https:\/\/els-solutions.com\/es\/carreras\/#breadcrumb\",\"itemListElement\":[{\"@type\":\"ListItem\",\"position\":1,\"name\":\"In\u00edcio\",\"item\":\"https:\/\/els-solutions.com\/es\/\"},{\"@type\":\"ListItem\",\"position\":2,\"name\":\"Carreras\"}]},{\"@type\":\"WebSite\",\"@id\":\"https:\/\/els-solutions.com\/es\/#website\",\"url\":\"https:\/\/els-solutions.com\/es\/\",\"name\":\"ELS Group - Accelerating Innovation\",\"description\":\"Assessoria estrat\u00e9gia para a Ind\u00fastria Farmac\u00eautica\",\"publisher\":{\"@id\":\"https:\/\/els-solutions.com\/es\/#organization\"},\"potentialAction\":[{\"@type\":\"SearchAction\",\"target\":{\"@type\":\"EntryPoint\",\"urlTemplate\":\"https:\/\/els-solutions.com\/es\/?s={search_term_string}\"},\"query-input\":{\"@type\":\"PropertyValueSpecification\",\"valueRequired\":true,\"valueName\":\"search_term_string\"}}],\"inLanguage\":\"es\"},{\"@type\":\"Organization\",\"@id\":\"https:\/\/els-solutions.com\/es\/#organization\",\"name\":\"ELS Group - Accelerating Innovation\",\"url\":\"https:\/\/els-solutions.com\/es\/\",\"logo\":{\"@type\":\"ImageObject\",\"inLanguage\":\"es\",\"@id\":\"https:\/\/els-solutions.com\/es\/#\/schema\/logo\/image\/\",\"url\":\"https:\/\/els-solutions.com\/cms\/wp-content\/uploads\/2023\/08\/ELS-NewLogo-ColorBlack-1-e1691153715735.png\",\"contentUrl\":\"https:\/\/els-solutions.com\/cms\/wp-content\/uploads\/2023\/08\/ELS-NewLogo-ColorBlack-1-e1691153715735.png\",\"width\":2226,\"height\":1080,\"caption\":\"ELS Group - Accelerating Innovation\"},\"image\":{\"@id\":\"https:\/\/els-solutions.com\/es\/#\/schema\/logo\/image\/\"},\"sameAs\":[\"https:\/\/www.facebook.com\/els.solutions\/\"]}]}<\/script>\n<!-- \/ Yoast SEO plugin. -->","yoast_head_json":{"title":"ELS Group - Oportunidades de carrera","description":"Descubra las vacantes actuales y c\u00f3mo puede unirse a nuestro equipo din\u00e1mico. Si tiene habilidades relevantes, env\u00edenos su curr\u00edculum.","robots":{"index":"index","follow":"follow","max-snippet":"max-snippet:-1","max-image-preview":"max-image-preview:large","max-video-preview":"max-video-preview:-1"},"canonical":"https:\/\/els-solutions.com\/es\/carreras\/","og_locale":"es_ES","og_type":"article","og_title":"ELS Group - Oportunidades de carrera","og_description":"Descubra las vacantes actuales y c\u00f3mo puede unirse a nuestro equipo din\u00e1mico. Si tiene habilidades relevantes, env\u00edenos su curr\u00edculum.","og_url":"https:\/\/els-solutions.com\/es\/carreras\/","og_site_name":"ELS Group - Accelerating Innovation","article_publisher":"https:\/\/www.facebook.com\/els.solutions\/","article_modified_time":"2026-05-07T14:49:02+00:00","og_image":[{"url":"https:\/\/els-solutions.com\/cms\/wp-content\/uploads\/2026\/04\/quem-somos-empresa-assessoria-estrategia.jpg"}],"twitter_card":"summary_large_image","twitter_misc":{"Tiempo de lectura":"2 minutos"},"schema":{"@context":"https:\/\/schema.org","@graph":[{"@type":"WebPage","@id":"https:\/\/els-solutions.com\/es\/carreras\/","url":"https:\/\/els-solutions.com\/es\/carreras\/","name":"ELS Group - Oportunidades de carrera","isPartOf":{"@id":"https:\/\/els-solutions.com\/es\/#website"},"primaryImageOfPage":{"@id":"https:\/\/els-solutions.com\/es\/carreras\/#primaryimage"},"image":{"@id":"https:\/\/els-solutions.com\/es\/carreras\/#primaryimage"},"thumbnailUrl":"https:\/\/els-solutions.com\/cms\/wp-content\/uploads\/2026\/04\/quem-somos-empresa-assessoria-estrategia.jpg","datePublished":"2026-04-11T21:54:47+00:00","dateModified":"2026-05-07T14:49:02+00:00","description":"Descubra las vacantes actuales y c\u00f3mo puede unirse a nuestro equipo din\u00e1mico. Si tiene habilidades relevantes, env\u00edenos su curr\u00edculum.","breadcrumb":{"@id":"https:\/\/els-solutions.com\/es\/carreras\/#breadcrumb"},"inLanguage":"es","potentialAction":[{"@type":"ReadAction","target":["https:\/\/els-solutions.com\/es\/carreras\/"]}]},{"@type":"ImageObject","inLanguage":"es","@id":"https:\/\/els-solutions.com\/es\/carreras\/#primaryimage","url":"https:\/\/els-solutions.com\/cms\/wp-content\/uploads\/2026\/04\/quem-somos-empresa-assessoria-estrategia.jpg","contentUrl":"https:\/\/els-solutions.com\/cms\/wp-content\/uploads\/2026\/04\/quem-somos-empresa-assessoria-estrategia.jpg"},{"@type":"BreadcrumbList","@id":"https:\/\/els-solutions.com\/es\/carreras\/#breadcrumb","itemListElement":[{"@type":"ListItem","position":1,"name":"In\u00edcio","item":"https:\/\/els-solutions.com\/es\/"},{"@type":"ListItem","position":2,"name":"Carreras"}]},{"@type":"WebSite","@id":"https:\/\/els-solutions.com\/es\/#website","url":"https:\/\/els-solutions.com\/es\/","name":"ELS Group - Accelerating Innovation","description":"Assessoria estrat\u00e9gia para a Ind\u00fastria Farmac\u00eautica","publisher":{"@id":"https:\/\/els-solutions.com\/es\/#organization"},"potentialAction":[{"@type":"SearchAction","target":{"@type":"EntryPoint","urlTemplate":"https:\/\/els-solutions.com\/es\/?s={search_term_string}"},"query-input":{"@type":"PropertyValueSpecification","valueRequired":true,"valueName":"search_term_string"}}],"inLanguage":"es"},{"@type":"Organization","@id":"https:\/\/els-solutions.com\/es\/#organization","name":"ELS Group - Accelerating Innovation","url":"https:\/\/els-solutions.com\/es\/","logo":{"@type":"ImageObject","inLanguage":"es","@id":"https:\/\/els-solutions.com\/es\/#\/schema\/logo\/image\/","url":"https:\/\/els-solutions.com\/cms\/wp-content\/uploads\/2023\/08\/ELS-NewLogo-ColorBlack-1-e1691153715735.png","contentUrl":"https:\/\/els-solutions.com\/cms\/wp-content\/uploads\/2023\/08\/ELS-NewLogo-ColorBlack-1-e1691153715735.png","width":2226,"height":1080,"caption":"ELS Group - Accelerating Innovation"},"image":{"@id":"https:\/\/els-solutions.com\/es\/#\/schema\/logo\/image\/"},"sameAs":["https:\/\/www.facebook.com\/els.solutions\/"]}]}},"_links":{"self":[{"href":"https:\/\/els-solutions.com\/es\/wp-json\/wp\/v2\/pages\/10836","targetHints":{"allow":["GET"]}}],"collection":[{"href":"https:\/\/els-solutions.com\/es\/wp-json\/wp\/v2\/pages"}],"about":[{"href":"https:\/\/els-solutions.com\/es\/wp-json\/wp\/v2\/types\/page"}],"author":[{"embeddable":true,"href":"https:\/\/els-solutions.com\/es\/wp-json\/wp\/v2\/users\/9"}],"replies":[{"embeddable":true,"href":"https:\/\/els-solutions.com\/es\/wp-json\/wp\/v2\/comments?post=10836"}],"version-history":[{"count":5,"href":"https:\/\/els-solutions.com\/es\/wp-json\/wp\/v2\/pages\/10836\/revisions"}],"predecessor-version":[{"id":10855,"href":"https:\/\/els-solutions.com\/es\/wp-json\/wp\/v2\/pages\/10836\/revisions\/10855"}],"wp:attachment":[{"href":"https:\/\/els-solutions.com\/es\/wp-json\/wp\/v2\/media?parent=10836"}],"curies":[{"name":"wp","href":"https:\/\/api.w.org\/{rel}","templated":true}]}}