{"id":10871,"date":"2026-04-13T22:49:27","date_gmt":"2026-04-13T21:49:27","guid":{"rendered":"https:\/\/els-solutions.com\/?page_id=10871"},"modified":"2026-05-07T18:47:57","modified_gmt":"2026-05-07T17:47:57","slug":"noticias-de-la-industria-farmaceutica-2","status":"publish","type":"page","link":"https:\/\/els-solutions.com\/es\/noticias-de-la-industria-farmaceutica-2\/","title":{"rendered":"Not\u00edcias"},"content":{"rendered":"\t\t<div data-elementor-type=\"wp-page\" data-elementor-id=\"10871\" class=\"elementor elementor-10871\" data-elementor-post-type=\"page\">\n\t\t\t\t<div class=\"elementor-element elementor-element-25d270c e-flex e-con-boxed e-con e-parent\" data-id=\"25d270c\" data-element_type=\"container\" data-e-type=\"container\" data-settings=\"{&quot;background_background&quot;:&quot;classic&quot;}\">\n\t\t\t\t\t<div class=\"e-con-inner\">\n\t\t<div class=\"elementor-element elementor-element-116859dd e-con-full e-flex e-con e-child\" data-id=\"116859dd\" data-element_type=\"container\" data-e-type=\"container\">\n\t\t\t\t<div class=\"elementor-element elementor-element-65c1c8fd elementor-widget__width-inherit elementor-widget elementor-widget-heading\" data-id=\"65c1c8fd\" data-element_type=\"widget\" data-e-type=\"widget\" data-widget_type=\"heading.default\">\n\t\t\t\t\t<h1 class=\"elementor-heading-title elementor-size-default\">Noticias de la Industria Farmac\u00e9utica<\/h1>\t\t\t\t<\/div>\n\t\t\t\t<div class=\"elementor-element elementor-element-109a9bed elementor-widget__width-inherit elementor-widget-tablet__width-inherit elementor-widget elementor-widget-heading\" data-id=\"109a9bed\" data-element_type=\"widget\" data-e-type=\"widget\" data-widget_type=\"heading.default\">\n\t\t\t\t\t<div class=\"elementor-heading-title elementor-size-default\">An\u00e1lisis sobre regulaci\u00f3n, calidad, innovaci\u00f3n, mercado y tendencias en Europa y Am\u00e9rica Latina.<\/div>\t\t\t\t<\/div>\n\t\t\t\t<\/div>\n\t\t\t\t\t<\/div>\n\t\t\t\t<\/div>\n\t\t<div class=\"elementor-element elementor-element-75552713 e-flex e-con-boxed e-con e-parent\" data-id=\"75552713\" data-element_type=\"container\" data-e-type=\"container\" data-settings=\"{&quot;background_background&quot;:&quot;classic&quot;}\">\n\t\t\t\t\t<div class=\"e-con-inner\">\n\t\t<div class=\"elementor-element elementor-element-85491a6 e-con-full e-flex e-con e-child\" data-id=\"85491a6\" data-element_type=\"container\" data-e-type=\"container\">\n\t\t\t\t<div class=\"elementor-element elementor-element-6b7fd13 elementor-grid-2 elementor-grid-tablet-2 elementor-grid-mobile-1 elementor-widget elementor-widget-loop-grid\" data-id=\"6b7fd13\" data-element_type=\"widget\" data-e-type=\"widget\" data-settings=\"{&quot;template_id&quot;:&quot;9375&quot;,&quot;columns&quot;:2,&quot;masonry&quot;:&quot;yes&quot;,&quot;pagination_type&quot;:&quot;numbers&quot;,&quot;row_gap&quot;:{&quot;unit&quot;:&quot;px&quot;,&quot;size&quot;:20,&quot;sizes&quot;:[]},&quot;_skin&quot;:&quot;post&quot;,&quot;columns_tablet&quot;:&quot;2&quot;,&quot;columns_mobile&quot;:&quot;1&quot;,&quot;edit_handle_selector&quot;:&quot;[data-elementor-type=\\&quot;loop-item\\&quot;]&quot;,&quot;pagination_load_type&quot;:&quot;page_reload&quot;,&quot;row_gap_laptop&quot;:{&quot;unit&quot;:&quot;px&quot;,&quot;size&quot;:&quot;&quot;,&quot;sizes&quot;:[]},&quot;row_gap_tablet&quot;:{&quot;unit&quot;:&quot;px&quot;,&quot;size&quot;:&quot;&quot;,&quot;sizes&quot;:[]},&quot;row_gap_mobile&quot;:{&quot;unit&quot;:&quot;px&quot;,&quot;size&quot;:&quot;&quot;,&quot;sizes&quot;:[]}}\" data-widget_type=\"loop-grid.post\">\n\t\t\t\t<div class=\"elementor-widget-container\">\n\t\t\t\t\t\t\t<div class=\"elementor-loop-container elementor-grid\" role=\"list\">\n\t\t<style id=\"loop-9375\">.elementor-9375 .elementor-element.elementor-element-316d1dc4{--display:flex;border-style:solid;--border-style:solid;border-width:1px 1px 1px 1px;--border-top-width:1px;--border-right-width:1px;--border-bottom-width:1px;--border-left-width:1px;border-color:#EBEBEB;--border-color:#EBEBEB;--border-radius:10px 10px 10px 10px;box-shadow:0px 4px 14px 0px rgba(0, 0, 0, 0.06);--padding-top:0px;--padding-bottom:20px;--padding-left:0px;--padding-right:0px;}.elementor-9375 .elementor-element.elementor-element-316d1dc4:not(.elementor-motion-effects-element-type-background), .elementor-9375 .elementor-element.elementor-element-316d1dc4 > .elementor-motion-effects-container > .elementor-motion-effects-layer{background-color:#FFFFFF;}.elementor-widget-theme-post-featured-image .widget-image-caption{color:var( --e-global-color-text );font-family:var( --e-global-typography-text-font-family ), Sans-serif;font-weight:var( --e-global-typography-text-font-weight );}.elementor-9375 .elementor-element.elementor-element-4788f114 img{height:185px;object-fit:cover;object-position:top center;border-radius:15px 15px 15px 15px;}.elementor-9375 .elementor-element.elementor-element-5f166fb0{--display:flex;--padding-top:0px;--padding-bottom:10px;--padding-left:30px;--padding-right:30px;}.elementor-widget-theme-post-title .elementor-heading-title{font-family:var( --e-global-typography-primary-font-family ), Sans-serif;font-weight:var( --e-global-typography-primary-font-weight );color:var( --e-global-color-primary );}.elementor-9375 .elementor-element.elementor-element-1a56cefc{text-align:start;width:100%;max-width:100%;}.elementor-9375 .elementor-element.elementor-element-1a56cefc .elementor-heading-title{font-family:\"Manrope\", Sans-serif;font-size:24px;font-weight:400;line-height:1.4em;letter-spacing:-0.5px;color:#000000;}.elementor-widget-theme-post-excerpt{font-family:var( --e-global-typography-text-font-family ), Sans-serif;font-weight:var( --e-global-typography-text-font-weight );color:var( --e-global-color-text );}.elementor-9375 .elementor-element.elementor-element-7d8a1a80{font-family:\"Manrope\", Sans-serif;font-size:16px;font-weight:400;line-height:1.7em;color:#4F4F4F;}.elementor-widget-button .elementor-button{font-family:var( --e-global-typography-accent-font-family ), Sans-serif;font-weight:var( --e-global-typography-accent-font-weight );background-color:var( --e-global-color-accent );}.elementor-9375 .elementor-element.elementor-element-541bb87c .elementor-button{font-family:\"Manrope\", Sans-serif;font-size:16px;font-weight:600;text-decoration:underline;fill:var( --e-global-color-454bcdd );color:var( --e-global-color-454bcdd );background-color:#FFFFFF;border-radius:0px 0px 0px 0px;padding:0px 0px 0px 0px;}.elementor-9375 .elementor-element.elementor-element-541bb87c .elementor-button:hover, .elementor-9375 .elementor-element.elementor-element-541bb87c .elementor-button:focus{color:var( --e-global-color-aa22302 );}.elementor-9375 .elementor-element.elementor-element-541bb87c .elementor-button:hover svg, .elementor-9375 .elementor-element.elementor-element-541bb87c .elementor-button:focus svg{fill:var( --e-global-color-aa22302 );}@media(max-width:767px){.elementor-9375 .elementor-element.elementor-element-5f166fb0{--padding-top:0px;--padding-bottom:10px;--padding-left:20px;--padding-right:20px;}}@media(min-width:768px){.elementor-9375 .elementor-element.elementor-element-316d1dc4{--width:100%;}}@media(max-width:1024px) and (min-width:768px){.elementor-9375 .elementor-element.elementor-element-316d1dc4{--width:100%;}}\/* Start custom CSS for container, class: .elementor-element-316d1dc4 *\/.elementor-9375 .elementor-element.elementor-element-316d1dc4 {\n    position: relative;\n}\n\n.elementor-9375 .elementor-element.elementor-element-316d1dc4::after {\n    content: \"\";\n    position: absolute;\n    left: 0;\n    bottom: 0;\n    width: 100%;\n    height: 4px; \/* espessura da borda *\/\n    background: linear-gradient(\n        to right,\n        #6ec2bb 0%,\n        #322782 50%,\n        #cc1719 100%\n    );\n}\/* End custom CSS *\/<\/style>\t\t<div data-elementor-type=\"loop-item\" data-elementor-id=\"9375\" class=\"elementor elementor-9375 e-loop-item e-loop-item-10874 post-10874 post type-post status-publish format-standard has-post-thumbnail hentry category-sin-categorizar\" data-elementor-post-type=\"elementor_library\" data-custom-edit-handle=\"1\">\n\t\t\t<div class=\"elementor-element elementor-element-316d1dc4 e-con-full e-flex e-con e-parent\" data-id=\"316d1dc4\" data-element_type=\"container\" data-e-type=\"container\" data-settings=\"{&quot;background_background&quot;:&quot;classic&quot;}\">\n\t\t\t\t<div class=\"elementor-element elementor-element-4788f114 elementor-widget elementor-widget-theme-post-featured-image elementor-widget-image\" data-id=\"4788f114\" data-element_type=\"widget\" data-e-type=\"widget\" data-widget_type=\"theme-post-featured-image.default\">\n\t\t\t\t\t\t\t\t\t\t\t\t\t\t\t<img fetchpriority=\"high\" decoding=\"async\" width=\"800\" height=\"400\" src=\"https:\/\/els-solutions.com\/cms\/wp-content\/uploads\/2024\/12\/jeff-w-YBBivUN5VRM-unsplash-1-1024x512.jpg\" class=\"attachment-large size-large wp-image-7878\" alt=\"\" srcset=\"https:\/\/els-solutions.com\/cms\/wp-content\/uploads\/2024\/12\/jeff-w-YBBivUN5VRM-unsplash-1-1024x512.jpg 1024w, https:\/\/els-solutions.com\/cms\/wp-content\/uploads\/2024\/12\/jeff-w-YBBivUN5VRM-unsplash-1-300x150.jpg 300w, https:\/\/els-solutions.com\/cms\/wp-content\/uploads\/2024\/12\/jeff-w-YBBivUN5VRM-unsplash-1-768x384.jpg 768w, https:\/\/els-solutions.com\/cms\/wp-content\/uploads\/2024\/12\/jeff-w-YBBivUN5VRM-unsplash-1-200x100.jpg 200w, https:\/\/els-solutions.com\/cms\/wp-content\/uploads\/2024\/12\/jeff-w-YBBivUN5VRM-unsplash-1-400x200.jpg 400w, https:\/\/els-solutions.com\/cms\/wp-content\/uploads\/2024\/12\/jeff-w-YBBivUN5VRM-unsplash-1-600x300.jpg 600w, https:\/\/els-solutions.com\/cms\/wp-content\/uploads\/2024\/12\/jeff-w-YBBivUN5VRM-unsplash-1-800x400.jpg 800w, https:\/\/els-solutions.com\/cms\/wp-content\/uploads\/2024\/12\/jeff-w-YBBivUN5VRM-unsplash-1.jpg 1200w\" sizes=\"(max-width: 800px) 100vw, 800px\" \/>\t\t\t\t\t\t\t\t\t\t\t\t\t\t\t<\/div>\n\t\t<div class=\"elementor-element elementor-element-5f166fb0 e-flex e-con-boxed e-con e-child\" data-id=\"5f166fb0\" data-element_type=\"container\" data-e-type=\"container\">\n\t\t\t\t\t<div class=\"e-con-inner\">\n\t\t\t\t<div class=\"elementor-element elementor-element-1a56cefc elementor-widget__width-inherit elementor-widget elementor-widget-theme-post-title elementor-page-title elementor-widget-heading\" data-id=\"1a56cefc\" data-element_type=\"widget\" data-e-type=\"widget\" data-widget_type=\"theme-post-title.default\">\n\t\t\t\t\t<h2 class=\"elementor-heading-title elementor-size-default\">Portugal es el segundo mayor exportador de cannabis medicinal en 2024<\/h2>\t\t\t\t<\/div>\n\t\t\t\t<div class=\"elementor-element elementor-element-7d8a1a80 elementor-widget elementor-widget-theme-post-excerpt\" data-id=\"7d8a1a80\" data-element_type=\"widget\" data-e-type=\"widget\" data-widget_type=\"theme-post-excerpt.default\">\n\t\t\t\t\tPortugal j\u00e1 exportou 18.521 kg de cannabis medicinal com a expectativa de alcan\u00e7ar 25 toneladas at\u00e9 o final de 2024...\t\t\t\t<\/div>\n\t\t\t\t<div class=\"elementor-element elementor-element-541bb87c elementor-widget elementor-widget-button\" data-id=\"541bb87c\" data-element_type=\"widget\" data-e-type=\"widget\" data-widget_type=\"button.default\">\n\t\t\t\t\t\t\t\t\t\t<a class=\"elementor-button elementor-button-link elementor-size-sm\" href=\"https:\/\/els-solutions.com\/es\/portugal-es-el-segundo-mayor-exportador-de-cannabis-medicinal-en-2024\/\">\n\t\t\t\t\t\t<span class=\"elementor-button-content-wrapper\">\n\t\t\t\t\t\t\t\t\t<span class=\"elementor-button-text\">Leia Mais<\/span>\n\t\t\t\t\t<\/span>\n\t\t\t\t\t<\/a>\n\t\t\t\t\t\t\t\t<\/div>\n\t\t\t\t\t<\/div>\n\t\t\t\t<\/div>\n\t\t\t\t<\/div>\n\t\t\t\t<\/div>\n\t\t\t\t<\/div>\n\t\t\n\t\t\t\t\t\t<\/div>\n\t\t\t\t<\/div>\n\t\t\t\t<\/div>\n\t\t<div class=\"elementor-element elementor-element-3a045ed1 e-con-full e-flex e-con e-child\" data-id=\"3a045ed1\" data-element_type=\"container\" data-e-type=\"container\">\n\t\t<div class=\"elementor-element elementor-element-53579e4b e-con-full e-flex e-con e-child\" data-id=\"53579e4b\" data-element_type=\"container\" data-e-type=\"container\" data-settings=\"{&quot;background_background&quot;:&quot;classic&quot;,&quot;sticky&quot;:&quot;top&quot;,&quot;sticky_on&quot;:[&quot;desktop&quot;,&quot;laptop&quot;],&quot;sticky_offset&quot;:40,&quot;sticky_parent&quot;:&quot;yes&quot;,&quot;sticky_effects_offset&quot;:0,&quot;sticky_anchor_link_offset&quot;:0}\">\n\t\t\t\t<div class=\"elementor-element elementor-element-36af3972 elementor-widget__width-inherit elementor-widget elementor-widget-heading\" data-id=\"36af3972\" data-element_type=\"widget\" data-e-type=\"widget\" data-widget_type=\"heading.default\">\n\t\t\t\t\t<h2 class=\"elementor-heading-title elementor-size-default\">Consultor\u00eda estrat\u00e9gica para las industrias farmac\u00e9utica, de la salud, alimentaria y MedTech<\/h2>\t\t\t\t<\/div>\n\t\t\t\t<div class=\"elementor-element elementor-element-611834f6 elementor-widget__width-inherit elementor-widget elementor-widget-text-editor\" data-id=\"611834f6\" data-element_type=\"widget\" data-e-type=\"widget\" data-widget_type=\"text-editor.default\">\n\t\t\t\t\t\t\t\t\t<p>Cuente con especialistas para apoyar sus decisiones regulatorias y acelerar el crecimiento de sus productos con seguridad y eficiencia.<\/p>\t\t\t\t\t\t\t\t<\/div>\n\t\t\t\t<div class=\"elementor-element elementor-element-244a8e44 elementor-align-center elementor-widget__width-inherit elementor-widget elementor-widget-button\" data-id=\"244a8e44\" data-element_type=\"widget\" data-e-type=\"widget\" data-widget_type=\"button.default\">\n\t\t\t\t\t\t\t\t\t\t<a class=\"elementor-button elementor-button-link elementor-size-sm\" href=\"https:\/\/els-solutions.com\/es\/contacto-els-group\/\" target=\"_blank\">\n\t\t\t\t\t\t<span class=\"elementor-button-content-wrapper\">\n\t\t\t\t\t\t\t\t\t<span class=\"elementor-button-text\">Quiero Hablar con un Especialista<\/span>\n\t\t\t\t\t<\/span>\n\t\t\t\t\t<\/a>\n\t\t\t\t\t\t\t\t<\/div>\n\t\t\t\t<\/div>\n\t\t\t\t<\/div>\n\t\t\t\t\t<\/div>\n\t\t\t\t<\/div>\n\t\t<div class=\"elementor-element elementor-element-29b0bdac e-flex e-con-boxed e-con e-parent\" data-id=\"29b0bdac\" data-element_type=\"container\" data-e-type=\"container\" data-settings=\"{&quot;background_background&quot;:&quot;classic&quot;}\">\n\t\t\t\t\t<div class=\"e-con-inner\">\n\t\t\t\t<div class=\"elementor-element elementor-element-29c18b4a elementor-widget__width-initial elementor-widget-tablet__width-inherit elementor-widget elementor-widget-heading\" data-id=\"29c18b4a\" data-element_type=\"widget\" data-e-type=\"widget\" data-widget_type=\"heading.default\">\n\t\t\t\t\t<h2 class=\"elementor-heading-title elementor-size-default\">Consultoria estrat\u00e9gica para a ind\u00fastria farmac\u00eautica, sa\u00fade, food e medtech<\/h2>\t\t\t\t<\/div>\n\t\t\t\t<div class=\"elementor-element elementor-element-1673790c elementor-widget__width-initial elementor-widget-tablet__width-inherit elementor-widget elementor-widget-text-editor\" data-id=\"1673790c\" data-element_type=\"widget\" data-e-type=\"widget\" data-widget_type=\"text-editor.default\">\n\t\t\t\t\t\t\t\t\t<p>Especialistas em consultoria farmac\u00eautica, estrat\u00e9gia regulat\u00f3ria e acesso a mercados para apoiar sua empresa com seguran\u00e7a, conformidade e efici\u00eancia. Fale com um consultor.<\/p>\t\t\t\t\t\t\t\t<\/div>\n\t\t\t\t<div class=\"elementor-element elementor-element-6d7b371b elementor-align-center elementor-widget__width-inherit elementor-widget elementor-widget-button\" data-id=\"6d7b371b\" data-element_type=\"widget\" data-e-type=\"widget\" data-widget_type=\"button.default\">\n\t\t\t\t\t\t\t\t\t\t<a class=\"elementor-button elementor-button-link elementor-size-sm\" href=\"https:\/\/els-solutions.com\/es\/contacto-els-group\/\" target=\"_blank\">\n\t\t\t\t\t\t<span class=\"elementor-button-content-wrapper\">\n\t\t\t\t\t\t\t\t\t<span class=\"elementor-button-text\">Quiero Hablar con un Especialista<\/span>\n\t\t\t\t\t<\/span>\n\t\t\t\t\t<\/a>\n\t\t\t\t\t\t\t\t<\/div>\n\t\t\t\t\t<\/div>\n\t\t\t\t<\/div>\n\t\t\t\t<\/div>\n\t\t","protected":false},"excerpt":{"rendered":"<p>Noticias de la Industria Farmac\u00e9utica An\u00e1lisis sobre regulaci\u00f3n, calidad, innovaci\u00f3n, mercado y tendencias en Europa y Am\u00e9rica Latina. Consultor\u00eda estrat\u00e9gica para las industrias farmac\u00e9utica, de la salud, alimentaria y MedTech Cuente con especialistas para apoyar sus decisiones regulatorias y acelerar el crecimiento de sus productos con seguridad y eficiencia. Quiero Hablar con un Especialista Consultoria [&hellip;]<\/p>\n","protected":false},"author":9,"featured_media":0,"parent":0,"menu_order":0,"comment_status":"closed","ping_status":"closed","template":"","meta":{"_joinchat":[],"footnotes":""},"class_list":["post-10871","page","type-page","status-publish","hentry"],"yoast_head":"<!-- This site is optimized with the Yoast SEO plugin v23.4 - https:\/\/yoast.com\/wordpress\/plugins\/seo\/ -->\n<title>Noticias ELS Group<\/title>\n<meta name=\"robots\" content=\"index, follow, max-snippet:-1, max-image-preview:large, max-video-preview:-1\" \/>\n<link rel=\"canonical\" href=\"https:\/\/els-solutions.com\/es\/noticias-de-la-industria-farmaceutica-2\/\" \/>\n<meta property=\"og:locale\" content=\"es_ES\" \/>\n<meta property=\"og:type\" content=\"article\" \/>\n<meta property=\"og:title\" content=\"Noticias ELS Group\" \/>\n<meta property=\"og:description\" content=\"Noticias de la Industria Farmac\u00e9utica An\u00e1lisis sobre regulaci\u00f3n, calidad, innovaci\u00f3n, mercado y tendencias en Europa y Am\u00e9rica Latina. Consultor\u00eda estrat\u00e9gica para las industrias farmac\u00e9utica, de la salud, alimentaria y MedTech Cuente con especialistas para apoyar sus decisiones regulatorias y acelerar el crecimiento de sus productos con seguridad y eficiencia. Quiero Hablar con un Especialista Consultoria [&hellip;]\" \/>\n<meta property=\"og:url\" content=\"https:\/\/els-solutions.com\/es\/noticias-de-la-industria-farmaceutica-2\/\" \/>\n<meta property=\"og:site_name\" content=\"ELS Group - Accelerating Innovation\" \/>\n<meta property=\"article:publisher\" content=\"https:\/\/www.facebook.com\/els.solutions\/\" \/>\n<meta property=\"article:modified_time\" content=\"2026-05-07T17:47:57+00:00\" \/>\n<meta name=\"twitter:card\" content=\"summary_large_image\" \/>\n<meta name=\"twitter:label1\" content=\"Tiempo de lectura\" \/>\n\t<meta name=\"twitter:data1\" content=\"1 minuto\" \/>\n<script type=\"application\/ld+json\" class=\"yoast-schema-graph\">{\"@context\":\"https:\/\/schema.org\",\"@graph\":[{\"@type\":\"WebPage\",\"@id\":\"https:\/\/els-solutions.com\/es\/noticias-de-la-industria-farmaceutica-2\/\",\"url\":\"https:\/\/els-solutions.com\/es\/noticias-de-la-industria-farmaceutica-2\/\",\"name\":\"Noticias ELS Group\",\"isPartOf\":{\"@id\":\"https:\/\/els-solutions.com\/es\/#website\"},\"datePublished\":\"2026-04-13T21:49:27+00:00\",\"dateModified\":\"2026-05-07T17:47:57+00:00\",\"breadcrumb\":{\"@id\":\"https:\/\/els-solutions.com\/es\/noticias-de-la-industria-farmaceutica-2\/#breadcrumb\"},\"inLanguage\":\"es\",\"potentialAction\":[{\"@type\":\"ReadAction\",\"target\":[\"https:\/\/els-solutions.com\/es\/noticias-de-la-industria-farmaceutica-2\/\"]}]},{\"@type\":\"BreadcrumbList\",\"@id\":\"https:\/\/els-solutions.com\/es\/noticias-de-la-industria-farmaceutica-2\/#breadcrumb\",\"itemListElement\":[{\"@type\":\"ListItem\",\"position\":1,\"name\":\"In\u00edcio\",\"item\":\"https:\/\/els-solutions.com\/es\/\"},{\"@type\":\"ListItem\",\"position\":2,\"name\":\"Not\u00edcias\"}]},{\"@type\":\"WebSite\",\"@id\":\"https:\/\/els-solutions.com\/es\/#website\",\"url\":\"https:\/\/els-solutions.com\/es\/\",\"name\":\"ELS Group - Accelerating Innovation\",\"description\":\"Assessoria estrat\u00e9gia para a Ind\u00fastria Farmac\u00eautica\",\"publisher\":{\"@id\":\"https:\/\/els-solutions.com\/es\/#organization\"},\"potentialAction\":[{\"@type\":\"SearchAction\",\"target\":{\"@type\":\"EntryPoint\",\"urlTemplate\":\"https:\/\/els-solutions.com\/es\/?s={search_term_string}\"},\"query-input\":{\"@type\":\"PropertyValueSpecification\",\"valueRequired\":true,\"valueName\":\"search_term_string\"}}],\"inLanguage\":\"es\"},{\"@type\":\"Organization\",\"@id\":\"https:\/\/els-solutions.com\/es\/#organization\",\"name\":\"ELS Group - Accelerating Innovation\",\"url\":\"https:\/\/els-solutions.com\/es\/\",\"logo\":{\"@type\":\"ImageObject\",\"inLanguage\":\"es\",\"@id\":\"https:\/\/els-solutions.com\/es\/#\/schema\/logo\/image\/\",\"url\":\"https:\/\/els-solutions.com\/cms\/wp-content\/uploads\/2023\/08\/ELS-NewLogo-ColorBlack-1-e1691153715735.png\",\"contentUrl\":\"https:\/\/els-solutions.com\/cms\/wp-content\/uploads\/2023\/08\/ELS-NewLogo-ColorBlack-1-e1691153715735.png\",\"width\":2226,\"height\":1080,\"caption\":\"ELS Group - Accelerating Innovation\"},\"image\":{\"@id\":\"https:\/\/els-solutions.com\/es\/#\/schema\/logo\/image\/\"},\"sameAs\":[\"https:\/\/www.facebook.com\/els.solutions\/\"]}]}<\/script>\n<!-- \/ Yoast SEO plugin. -->","yoast_head_json":{"title":"Noticias ELS Group","robots":{"index":"index","follow":"follow","max-snippet":"max-snippet:-1","max-image-preview":"max-image-preview:large","max-video-preview":"max-video-preview:-1"},"canonical":"https:\/\/els-solutions.com\/es\/noticias-de-la-industria-farmaceutica-2\/","og_locale":"es_ES","og_type":"article","og_title":"Noticias ELS Group","og_description":"Noticias de la Industria Farmac\u00e9utica An\u00e1lisis sobre regulaci\u00f3n, calidad, innovaci\u00f3n, mercado y tendencias en Europa y Am\u00e9rica Latina. Consultor\u00eda estrat\u00e9gica para las industrias farmac\u00e9utica, de la salud, alimentaria y MedTech Cuente con especialistas para apoyar sus decisiones regulatorias y acelerar el crecimiento de sus productos con seguridad y eficiencia. Quiero Hablar con un Especialista Consultoria [&hellip;]","og_url":"https:\/\/els-solutions.com\/es\/noticias-de-la-industria-farmaceutica-2\/","og_site_name":"ELS Group - Accelerating Innovation","article_publisher":"https:\/\/www.facebook.com\/els.solutions\/","article_modified_time":"2026-05-07T17:47:57+00:00","twitter_card":"summary_large_image","twitter_misc":{"Tiempo de lectura":"1 minuto"},"schema":{"@context":"https:\/\/schema.org","@graph":[{"@type":"WebPage","@id":"https:\/\/els-solutions.com\/es\/noticias-de-la-industria-farmaceutica-2\/","url":"https:\/\/els-solutions.com\/es\/noticias-de-la-industria-farmaceutica-2\/","name":"Noticias ELS Group","isPartOf":{"@id":"https:\/\/els-solutions.com\/es\/#website"},"datePublished":"2026-04-13T21:49:27+00:00","dateModified":"2026-05-07T17:47:57+00:00","breadcrumb":{"@id":"https:\/\/els-solutions.com\/es\/noticias-de-la-industria-farmaceutica-2\/#breadcrumb"},"inLanguage":"es","potentialAction":[{"@type":"ReadAction","target":["https:\/\/els-solutions.com\/es\/noticias-de-la-industria-farmaceutica-2\/"]}]},{"@type":"BreadcrumbList","@id":"https:\/\/els-solutions.com\/es\/noticias-de-la-industria-farmaceutica-2\/#breadcrumb","itemListElement":[{"@type":"ListItem","position":1,"name":"In\u00edcio","item":"https:\/\/els-solutions.com\/es\/"},{"@type":"ListItem","position":2,"name":"Not\u00edcias"}]},{"@type":"WebSite","@id":"https:\/\/els-solutions.com\/es\/#website","url":"https:\/\/els-solutions.com\/es\/","name":"ELS Group - Accelerating Innovation","description":"Assessoria estrat\u00e9gia para a Ind\u00fastria Farmac\u00eautica","publisher":{"@id":"https:\/\/els-solutions.com\/es\/#organization"},"potentialAction":[{"@type":"SearchAction","target":{"@type":"EntryPoint","urlTemplate":"https:\/\/els-solutions.com\/es\/?s={search_term_string}"},"query-input":{"@type":"PropertyValueSpecification","valueRequired":true,"valueName":"search_term_string"}}],"inLanguage":"es"},{"@type":"Organization","@id":"https:\/\/els-solutions.com\/es\/#organization","name":"ELS Group - Accelerating Innovation","url":"https:\/\/els-solutions.com\/es\/","logo":{"@type":"ImageObject","inLanguage":"es","@id":"https:\/\/els-solutions.com\/es\/#\/schema\/logo\/image\/","url":"https:\/\/els-solutions.com\/cms\/wp-content\/uploads\/2023\/08\/ELS-NewLogo-ColorBlack-1-e1691153715735.png","contentUrl":"https:\/\/els-solutions.com\/cms\/wp-content\/uploads\/2023\/08\/ELS-NewLogo-ColorBlack-1-e1691153715735.png","width":2226,"height":1080,"caption":"ELS Group - Accelerating Innovation"},"image":{"@id":"https:\/\/els-solutions.com\/es\/#\/schema\/logo\/image\/"},"sameAs":["https:\/\/www.facebook.com\/els.solutions\/"]}]}},"_links":{"self":[{"href":"https:\/\/els-solutions.com\/es\/wp-json\/wp\/v2\/pages\/10871","targetHints":{"allow":["GET"]}}],"collection":[{"href":"https:\/\/els-solutions.com\/es\/wp-json\/wp\/v2\/pages"}],"about":[{"href":"https:\/\/els-solutions.com\/es\/wp-json\/wp\/v2\/types\/page"}],"author":[{"embeddable":true,"href":"https:\/\/els-solutions.com\/es\/wp-json\/wp\/v2\/users\/9"}],"replies":[{"embeddable":true,"href":"https:\/\/els-solutions.com\/es\/wp-json\/wp\/v2\/comments?post=10871"}],"version-history":[{"count":6,"href":"https:\/\/els-solutions.com\/es\/wp-json\/wp\/v2\/pages\/10871\/revisions"}],"predecessor-version":[{"id":10881,"href":"https:\/\/els-solutions.com\/es\/wp-json\/wp\/v2\/pages\/10871\/revisions\/10881"}],"wp:attachment":[{"href":"https:\/\/els-solutions.com\/es\/wp-json\/wp\/v2\/media?parent=10871"}],"curies":[{"name":"wp","href":"https:\/\/api.w.org\/{rel}","templated":true}]}}