{"id":10486,"date":"2026-04-16T07:29:51","date_gmt":"2026-04-16T06:29:51","guid":{"rendered":"https:\/\/els-solutions.com\/cms\/termos-de-uso\/"},"modified":"2026-04-16T07:29:51","modified_gmt":"2026-04-16T06:29:51","slug":"termos-de-uso","status":"publish","type":"page","link":"https:\/\/els-solutions.com\/pt-pt\/termos-de-uso\/","title":{"rendered":"Termos de Uso"},"content":{"rendered":"\t\t<div data-elementor-type=\"wp-page\" data-elementor-id=\"10486\" class=\"elementor elementor-10486\" data-elementor-post-type=\"page\">\n\t\t\t\t<div class=\"elementor-element elementor-element-4f46a4b5 e-flex e-con-boxed e-con e-parent\" data-id=\"4f46a4b5\" data-element_type=\"container\" data-e-type=\"container\" data-settings=\"{&quot;background_background&quot;:&quot;classic&quot;}\">\n\t\t\t\t\t<div class=\"e-con-inner\">\n\t\t<div class=\"elementor-element elementor-element-1bc36867 e-con-full e-flex e-con e-child\" data-id=\"1bc36867\" data-element_type=\"container\" data-e-type=\"container\">\n\t\t\t\t<div class=\"elementor-element elementor-element-6a235676 elementor-widget__width-inherit elementor-widget elementor-widget-heading\" data-id=\"6a235676\" data-element_type=\"widget\" data-e-type=\"widget\" data-widget_type=\"heading.default\">\n\t\t\t\t\t<h1 class=\"elementor-heading-title elementor-size-default\">Termos e Condi\u00e7\u00f5es<\/h1>\t\t\t\t<\/div>\n\t\t\t\t<\/div>\n\t\t\t\t\t<\/div>\n\t\t\t\t<\/div>\n\t\t<div class=\"elementor-element elementor-element-65011643 e-flex e-con-boxed e-con e-parent\" data-id=\"65011643\" data-element_type=\"container\" data-e-type=\"container\">\n\t\t\t\t\t<div class=\"e-con-inner\">\n\t\t\t\t<div class=\"elementor-element elementor-element-49a03075 elementor-widget__width-inherit elementor-widget elementor-widget-text-editor\" data-id=\"49a03075\" data-element_type=\"widget\" data-e-type=\"widget\" data-widget_type=\"text-editor.default\">\n\t\t\t\t\t\t\t\t\t<p>Os presentes termos e condi\u00e7\u00f5es regem a utiliza\u00e7\u00e3o do site da ELS SOLUTIONS GDIA \u2013 UNIPESSOAL LDA (https:\/\/www.els-solutions.com\/).<br \/>O acesso a este site, bem como a sua utiliza\u00e7\u00e3o, implica a aceita\u00e7\u00e3o de todas as cl\u00e1usulas constantes dos termos e condi\u00e7\u00f5es presentes que podem, a qualquer momento, ser alteradas unilateralmente pela ELS SOLUTIONS GDIA \u2013 UNIPESSOAL LDA. \u00c9 responsabilidade do utilizador ou de quem aceda ao site, a leitura atenta e integral dos termos e condi\u00e7\u00f5es em vigor, cada vez que aceda ou utilize o site.<\/p>\t\t\t\t\t\t\t\t<\/div>\n\t\t\t\t<div class=\"elementor-element elementor-element-2319e754 elementor-widget__width-inherit elementor-widget-tablet__width-inherit elementor-widget elementor-widget-heading\" data-id=\"2319e754\" data-element_type=\"widget\" data-e-type=\"widget\" data-widget_type=\"heading.default\">\n\t\t\t\t\t<h2 class=\"elementor-heading-title elementor-size-default\">1. Informa\u00e7\u00f5es Gerais<\/h2>\t\t\t\t<\/div>\n\t\t\t\t<div class=\"elementor-element elementor-element-72147fe0 elementor-widget__width-inherit elementor-widget elementor-widget-text-editor\" data-id=\"72147fe0\" data-element_type=\"widget\" data-e-type=\"widget\" data-widget_type=\"text-editor.default\">\n\t\t\t\t\t\t\t\t\t<p>ELS SOLUTIONS GDIA \u2013 UNIPESSOAL LDA, sociedade comercial por quotas unipessoal, com sede na Rua de S\u00e3o Jos\u00e9, N\u00ba 35 \u2013 3\u00ba A, Edif\u00edcio Libersil, Torre B L 1150-321 Lisboa, Portugal, com capital social de 50.000,00 \u20ac (cinquenta mil Euros), registada na Conservat\u00f3ria do Registo Comercial de Lisboa sob o n\u00famero 513185470 (adiante designada por \u201cELS Solutions\u201d).<\/p>\t\t\t\t\t\t\t\t<\/div>\n\t\t\t\t<div class=\"elementor-element elementor-element-70345f5a elementor-widget__width-inherit elementor-widget-tablet__width-inherit elementor-widget elementor-widget-heading\" data-id=\"70345f5a\" data-element_type=\"widget\" data-e-type=\"widget\" data-widget_type=\"heading.default\">\n\t\t\t\t\t<h2 class=\"elementor-heading-title elementor-size-default\">2. No\u00e7\u00f5es Pr\u00e9vias<\/h2>\t\t\t\t<\/div>\n\t\t\t\t<div class=\"elementor-element elementor-element-3d989f26 elementor-widget__width-inherit elementor-widget elementor-widget-text-editor\" data-id=\"3d989f26\" data-element_type=\"widget\" data-e-type=\"widget\" data-widget_type=\"text-editor.default\">\n\t\t\t\t\t\t\t\t\t<p>i. Conte\u00fado \u2013 Toda a informa\u00e7\u00e3o dispon\u00edvel para o utilizador, no \u00e2mbito do site, em qualquer formato (texto, imagens, v\u00eddeos, \u00e1udio, entre outros).<br \/>ii. Site \u2013 cole\u00e7\u00e3o de p\u00e1ginas web, em formato html, da perten\u00e7a e registado em nome da ELS SOLUTIONS GDIA \u2013 UNIPESSOAL LDA, acess\u00edvel atrav\u00e9s do computador, telem\u00f3vel, tablet, ou qualquer outro meio eletr\u00f3nico.<br \/>iii. Utilizador \u2013 o(s) indiv\u00edduo(s) ou empresa(s) que aceda(m) e\/ou utilizam o site da ELS Solutions (https:\/\/www.els-solutions.com\/) por computador, telem\u00f3vel, tablet, ou qualquer outro meio eletr\u00f3nico.<\/p>\t\t\t\t\t\t\t\t<\/div>\n\t\t\t\t<div class=\"elementor-element elementor-element-1aacafdf elementor-widget__width-inherit elementor-widget-tablet__width-inherit elementor-widget elementor-widget-heading\" data-id=\"1aacafdf\" data-element_type=\"widget\" data-e-type=\"widget\" data-widget_type=\"heading.default\">\n\t\t\t\t\t<h2 class=\"elementor-heading-title elementor-size-default\">3. Condi\u00e7\u00f5es gerais de utiliza\u00e7\u00e3o<\/h2>\t\t\t\t<\/div>\n\t\t\t\t<div class=\"elementor-element elementor-element-c078230 elementor-widget__width-inherit elementor-widget elementor-widget-text-editor\" data-id=\"c078230\" data-element_type=\"widget\" data-e-type=\"widget\" data-widget_type=\"text-editor.default\">\n\t\t\t\t\t\t\t\t\t<p>A utiliza\u00e7\u00e3o do site da ELS Solutions deve obedecer ao conte\u00fado destes Termos e Condi\u00e7\u00f5es, legisla\u00e7\u00f5es aplic\u00e1veis, e sempre pautados pela boa-f\u00e9 e bons costumes.<br \/>Salvo pr\u00e9via e expressa autoriza\u00e7\u00e3o da ELS Solutions, os utilizadores n\u00e3o podem realizar qualquer ato que, direta ou indiretamente, envolva a explora\u00e7\u00e3o comercial dos mesmos.<br \/>Os utilizadores, no acesso e na utiliza\u00e7\u00e3o do site, dever\u00e3o abster de cometer atos considerados ilegais pela lei vigente. Ser\u00e3o responsabilizados por comportamentos ou atos que, de alguma forma, possam ser considerados il\u00edcitos ou prejudiciais dos direitos e interesses de terceiros, que possam, nomeadamente, impedir ou limitar o uso do site a terceiros. Os utilizadores ser\u00e3o ainda responsabilizados por quaisquer danos sofridos pela ELS Solutions, em virtude da atua\u00e7\u00e3o, direta ou indireta, do utilizador, que n\u00e3o esteja em conformidade com a regulamenta\u00e7\u00e3o aplic\u00e1vel e com os termos e condi\u00e7\u00f5es deste site. A ELS Solutions tem o direito de vedar o acesso e a utiliza\u00e7\u00e3o do site ao utilizador aquando do incumprimento das regras aqui vertidas, sem qualquer aviso pr\u00e9vio.<\/p>\t\t\t\t\t\t\t\t<\/div>\n\t\t\t\t<div class=\"elementor-element elementor-element-31adf3c9 elementor-widget__width-inherit elementor-widget-tablet__width-inherit elementor-widget elementor-widget-heading\" data-id=\"31adf3c9\" data-element_type=\"widget\" data-e-type=\"widget\" data-widget_type=\"heading.default\">\n\t\t\t\t\t<h2 class=\"elementor-heading-title elementor-size-default\">4. Propriedade Intelectual<\/h2>\t\t\t\t<\/div>\n\t\t\t\t<div class=\"elementor-element elementor-element-550294f0 elementor-widget__width-inherit elementor-widget elementor-widget-text-editor\" data-id=\"550294f0\" data-element_type=\"widget\" data-e-type=\"widget\" data-widget_type=\"text-editor.default\">\n\t\t\t\t\t\t\t\t\t<p>A utiliza\u00e7\u00e3o do site, bem como a utiliza\u00e7\u00e3o do conte\u00fado do mesmo, n\u00e3o implica nem confere ao utilizador quaisquer licen\u00e7as ou direitos de propriedade intelectual sobre o conte\u00fado do site. Os presentes termos de utiliza\u00e7\u00e3o n\u00e3o concedem o direito de utilizar as marcas ou log\u00f3tipos usados no site. O utilizador n\u00e3o dever\u00e1 remover, ocultar ou alterar qualquer aviso legal apresentado no site.<br \/>Os direitos de propriedade de todos os conte\u00fados do site s\u00e3o perten\u00e7a exclusiva da ELS SOLUTIONS GDIA \u2013 UNIPESSOAL LDA.. A reprodu\u00e7\u00e3o e\/ou publica\u00e7\u00e3o total ou parcial do site, o seu processamento inform\u00e1tico, a sua distribui\u00e7\u00e3o, a sua comunica\u00e7\u00e3o p\u00fablica ou a sua modifica\u00e7\u00e3o ou transforma\u00e7\u00e3o, sem a pr\u00e9via autoriza\u00e7\u00e3o por escrito da ELS Solutions, \u00e9 estritamente proibido e poder\u00e1 levar ao exerc\u00edcio de quaisquer meios ou a\u00e7\u00f5es legais pela ELS Solutions, em defesa dos seus direitos.<\/p>\t\t\t\t\t\t\t\t<\/div>\n\t\t\t\t<div class=\"elementor-element elementor-element-7e7535af elementor-widget__width-inherit elementor-widget-tablet__width-inherit elementor-widget elementor-widget-heading\" data-id=\"7e7535af\" data-element_type=\"widget\" data-e-type=\"widget\" data-widget_type=\"heading.default\">\n\t\t\t\t\t<h2 class=\"elementor-heading-title elementor-size-default\">5. Interrup\u00e7\u00e3o ou suspens\u00e3o do acesso<\/h2>\t\t\t\t<\/div>\n\t\t\t\t<div class=\"elementor-element elementor-element-70181fe3 elementor-widget__width-inherit elementor-widget elementor-widget-text-editor\" data-id=\"70181fe3\" data-element_type=\"widget\" data-e-type=\"widget\" data-widget_type=\"text-editor.default\">\n\t\t\t\t\t\t\t\t\t<p>Os utilizadores do site declaram e garantem que n\u00e3o v\u00e3o utilizar indevidamente o site. Como exemplos deste dever, o utilizador n\u00e3o deve interferir com o conte\u00fado do mesmo, nem deve aceder ao site atrav\u00e9s de outros m\u00e9todos que n\u00e3o a interface e as instru\u00e7\u00f5es fornecidas. A utiliza\u00e7\u00e3o do site deve guiar-se apenas nos termos permitidos por lei.<br \/>A ELS Solutions tem o direito de interromper o acesso ao seu site pelo per\u00edodo que determine como necess\u00e1rio (seja tempor\u00e1rio, seja permanente), por quaisquer raz\u00f5es de ordem t\u00e9cnica, administrativa, de for\u00e7a maior ou outras que possam surgir e n\u00e3o estejam aqui contempladas.<br \/>A ELS Solutions n\u00e3o poder\u00e1 ser responsabilizada por qualquer suspens\u00e3o ou interrup\u00e7\u00e3o de acesso que venha a ocorrer em consequ\u00eancia de algo que n\u00e3o lhe seja imput\u00e1vel ou que seja imput\u00e1vel a t\u00edtulo de mera neglig\u00eancia.<\/p>\t\t\t\t\t\t\t\t<\/div>\n\t\t\t\t<div class=\"elementor-element elementor-element-21bef75a elementor-widget__width-inherit elementor-widget-tablet__width-inherit elementor-widget elementor-widget-heading\" data-id=\"21bef75a\" data-element_type=\"widget\" data-e-type=\"widget\" data-widget_type=\"heading.default\">\n\t\t\t\t\t<h2 class=\"elementor-heading-title elementor-size-default\">6. Liga\u00e7\u00f5es a sites de terceiros<\/h2>\t\t\t\t<\/div>\n\t\t\t\t<div class=\"elementor-element elementor-element-ff57769 elementor-widget__width-inherit elementor-widget elementor-widget-text-editor\" data-id=\"ff57769\" data-element_type=\"widget\" data-e-type=\"widget\" data-widget_type=\"text-editor.default\">\n\t\t\t\t\t\t\t\t\t<p>O site emprega hyperlinks e cookies para melhor navega\u00e7\u00e3o do mesmo. Quando o site remete para conte\u00fados exteriores \u2013 i.e., quando o site envia o utilizador para sites de terceiros, n\u00e3o pertencentes \u00e0 ELS Solutions -, o conte\u00fado dos mesmos s\u00e3o da inteira responsabilidade da entidade que os disponibiliza.<\/p>\t\t\t\t\t\t\t\t<\/div>\n\t\t\t\t<div class=\"elementor-element elementor-element-1a05cffa elementor-widget__width-inherit elementor-widget-tablet__width-inherit elementor-widget elementor-widget-heading\" data-id=\"1a05cffa\" data-element_type=\"widget\" data-e-type=\"widget\" data-widget_type=\"heading.default\">\n\t\t\t\t\t<h2 class=\"elementor-heading-title elementor-size-default\">7. Modifica\u00e7\u00e3o e Rescis\u00e3o dos Servi\u00e7os<\/h2>\t\t\t\t<\/div>\n\t\t\t\t<div class=\"elementor-element elementor-element-44ae196a elementor-widget__width-inherit elementor-widget elementor-widget-text-editor\" data-id=\"44ae196a\" data-element_type=\"widget\" data-e-type=\"widget\" data-widget_type=\"text-editor.default\">\n\t\t\t\t\t\t\t\t\t<p>O conte\u00fado do site poder\u00e1 ser alterado a qualquer momento. A ELS Solutions pode adicionar conte\u00fado, como tamb\u00e9m pode remov\u00ea-lo, bem como suspender ou parar totalmente o funcionamento do site. A ELS Solutions pode ainda adicionar ou criar novos limites ao acesso ou utiliza\u00e7\u00e3o do site.<\/p>\t\t\t\t\t\t\t\t<\/div>\n\t\t\t\t<div class=\"elementor-element elementor-element-673eb1c4 elementor-widget__width-inherit elementor-widget-tablet__width-inherit elementor-widget elementor-widget-heading\" data-id=\"673eb1c4\" data-element_type=\"widget\" data-e-type=\"widget\" data-widget_type=\"heading.default\">\n\t\t\t\t\t<h2 class=\"elementor-heading-title elementor-size-default\">8. Responsabilidade<\/h2>\t\t\t\t<\/div>\n\t\t\t\t<div class=\"elementor-element elementor-element-d03979f elementor-widget__width-inherit elementor-widget elementor-widget-text-editor\" data-id=\"d03979f\" data-element_type=\"widget\" data-e-type=\"widget\" data-widget_type=\"text-editor.default\">\n\t\t\t\t\t\t\t\t\t<p>A ELS Solutions n\u00e3o se responsabiliza pelo uso indevido do conte\u00fado do site. Tanto o acesso como a utiliza\u00e7\u00e3o do site s\u00e3o da exclusiva responsabilidade do utilizador. A ELS Solutions n\u00e3o se responsabiliza pelas consequ\u00eancias, perdas ou danos que o utilizador possa vir a sofrer pelo acesso ou utiliza\u00e7\u00e3o do site.<br \/>A ELS Solutions n\u00e3o garante a funcionalidade do site. No entanto, quando vi\u00e1vel ou previs\u00edvel, os utilizadores ser\u00e3o avisados das poss\u00edveis interrup\u00e7\u00f5es da funcionalidade do site.<br \/>O utilizador \u00e9 o exclusivo respons\u00e1vel pelas decis\u00f5es que tomar com base no conte\u00fado do site. A ELS Solutions n\u00e3o garante a utilidade, exatid\u00e3o e atualiza\u00e7\u00e3o do conte\u00fado do seu site, pelo que n\u00e3o se responsabilizar\u00e1 pelas consequ\u00eancias, perdas ou danos que o utilizador possa vir a sofrer, em virtude das decis\u00f5es e a\u00e7\u00f5es que tomou em rela\u00e7\u00e3o ao conte\u00fado do site.<br \/>A ELS Solutions n\u00e3o garante a aus\u00eancia de v\u00edrus ou quaisquer outros elementos nocivos introduzidos no site por outros utilizadores ou terceiros que possam causar altera\u00e7\u00f5es ou problemas de qualquer tipo nos sistemas de computador (software e hardware) dos utilizadores ou nos documentos eletr\u00f3nicos e arquivos armazenados no computador.<\/p>\t\t\t\t\t\t\t\t<\/div>\n\t\t\t\t<div class=\"elementor-element elementor-element-46a66f3f elementor-widget__width-inherit elementor-widget-tablet__width-inherit elementor-widget elementor-widget-heading\" data-id=\"46a66f3f\" data-element_type=\"widget\" data-e-type=\"widget\" data-widget_type=\"heading.default\">\n\t\t\t\t\t<h2 class=\"elementor-heading-title elementor-size-default\">9. Prote\u00e7\u00e3o de dados<\/h2>\t\t\t\t<\/div>\n\t\t\t\t<div class=\"elementor-element elementor-element-44fa7573 elementor-widget__width-inherit elementor-widget elementor-widget-text-editor\" data-id=\"44fa7573\" data-element_type=\"widget\" data-e-type=\"widget\" data-widget_type=\"text-editor.default\">\n\t\t\t\t\t\t\t\t\t<p>Poder\u00e1 consultar a nossa <a href=\"\/politica-de-privacidade\/\" target=\"_blank\" rel=\"noopener\">pol\u00edtica de privacidade aqui<\/a>.<\/p>\t\t\t\t\t\t\t\t<\/div>\n\t\t\t\t<div class=\"elementor-element elementor-element-1563dae7 elementor-widget__width-inherit elementor-widget-tablet__width-inherit elementor-widget elementor-widget-heading\" data-id=\"1563dae7\" data-element_type=\"widget\" data-e-type=\"widget\" data-widget_type=\"heading.default\">\n\t\t\t\t\t<h2 class=\"elementor-heading-title elementor-size-default\">10. Contacto<\/h2>\t\t\t\t<\/div>\n\t\t\t\t<div class=\"elementor-element elementor-element-7dc34a0a elementor-widget__width-inherit elementor-widget elementor-widget-text-editor\" data-id=\"7dc34a0a\" data-element_type=\"widget\" data-e-type=\"widget\" data-widget_type=\"text-editor.default\">\n\t\t\t\t\t\t\t\t\t<p>Para o esclarecimento de qualquer quest\u00e3o relacionada com os presentes termos e condi\u00e7\u00f5es de utiliza\u00e7\u00e3o do site da ELS Solutions, o utilizador dever\u00e1 contactar a ELS SOLUTIONS GDIA \u2013 UNIPESSOAL LDA, para a seguinte morada:<br \/>\u2022 Rua de S\u00e3o Jos\u00e9, 35 \u2013 3A,Torre B \u2013 Edif\u00edcio Libersil, 1150-321, Lisboa \u2013 Portugal<br \/>\u2022 Ou para o email: info@elssolutions.pt<\/p>\t\t\t\t\t\t\t\t<\/div>\n\t\t\t\t<div class=\"elementor-element elementor-element-fb65aff elementor-widget__width-inherit elementor-widget-tablet__width-inherit elementor-widget elementor-widget-heading\" data-id=\"fb65aff\" data-element_type=\"widget\" data-e-type=\"widget\" data-widget_type=\"heading.default\">\n\t\t\t\t\t<h2 class=\"elementor-heading-title elementor-size-default\">11. Conflito e Foro Competente<\/h2>\t\t\t\t<\/div>\n\t\t\t\t<div class=\"elementor-element elementor-element-24844039 elementor-widget__width-inherit elementor-widget elementor-widget-text-editor\" data-id=\"24844039\" data-element_type=\"widget\" data-e-type=\"widget\" data-widget_type=\"text-editor.default\">\n\t\t\t\t\t\t\t\t\t<p>Em caso de conflito entre os presentes termos e condi\u00e7\u00f5es e as correspondentes altera\u00e7\u00f5es, estas \u00faltimas prevalecem sobre os primeiros.<br \/>Na eventualidade de algum termo ou condi\u00e7\u00e3o ser considerado nulo, ineficaz ou anulado, tal n\u00e3o afetar\u00e1 a validade ou efic\u00e1cia do restante clausulado, que se manter\u00e1 em vigor.<br \/>Na hip\u00f3tese de incumprimento dos presentes Termos e Condi\u00e7\u00f5es por parte do utilizador, e caso a ELS Solutions n\u00e3o tome de imediato uma medida em rela\u00e7\u00e3o a tal incumprimento, tal n\u00e3o implica a desist\u00eancia por parte da ELS Solutions de quaisquer direitos que lhe assistam.<br \/>Os presentes Termos e Condi\u00e7\u00f5es s\u00e3o regidos pela Lei Portuguesa. Qualquer conflito decorrente do acesso e utiliza\u00e7\u00e3o do site ser\u00e1 submetido ao Foro da Comarca de Lisboa, com expressa ren\u00fancia a qualquer outro.<\/p>\t\t\t\t\t\t\t\t<\/div>\n\t\t\t\t\t<\/div>\n\t\t\t\t<\/div>\n\t\t\t\t<\/div>\n\t\t","protected":false},"excerpt":{"rendered":"<p>Termos e Condi\u00e7\u00f5es Os presentes termos e condi\u00e7\u00f5es regem a utiliza\u00e7\u00e3o do site da ELS SOLUTIONS GDIA \u2013 UNIPESSOAL LDA (https:\/\/www.els-solutions.com\/).O acesso a este site, bem como a sua utiliza\u00e7\u00e3o, implica a aceita\u00e7\u00e3o de todas as cl\u00e1usulas constantes dos termos e condi\u00e7\u00f5es presentes que podem, a qualquer momento, ser alteradas unilateralmente pela ELS SOLUTIONS GDIA [&hellip;]<\/p>\n","protected":false},"author":11,"featured_media":0,"parent":0,"menu_order":0,"comment_status":"closed","ping_status":"closed","template":"","meta":{"footnotes":""},"class_list":["post-10486","page","type-page","status-publish","hentry"],"yoast_head":"<!-- This site is optimized with the Yoast SEO plugin v23.4 - https:\/\/yoast.com\/wordpress\/plugins\/seo\/ -->\n<title>Termos de Uso - ELS Group - Accelerating Innovation<\/title>\n<meta name=\"robots\" content=\"noindex, follow, max-snippet:-1, max-image-preview:large, max-video-preview:-1\" \/>\n<meta property=\"og:locale\" content=\"pt_PT\" \/>\n<meta property=\"og:type\" content=\"article\" \/>\n<meta property=\"og:title\" content=\"Termos de Uso - ELS Group - Accelerating Innovation\" \/>\n<meta property=\"og:description\" content=\"Termos e Condi\u00e7\u00f5es Os presentes termos e condi\u00e7\u00f5es regem a utiliza\u00e7\u00e3o do site da ELS SOLUTIONS GDIA \u2013 UNIPESSOAL LDA (https:\/\/www.els-solutions.com\/).O acesso a este site, bem como a sua utiliza\u00e7\u00e3o, implica a aceita\u00e7\u00e3o de todas as cl\u00e1usulas constantes dos termos e condi\u00e7\u00f5es presentes que podem, a qualquer momento, ser alteradas unilateralmente pela ELS SOLUTIONS GDIA [&hellip;]\" \/>\n<meta property=\"og:url\" content=\"https:\/\/els-solutions.com\/pt-pt\/termos-de-uso\/\" \/>\n<meta property=\"og:site_name\" content=\"ELS Group - Accelerating Innovation\" \/>\n<meta property=\"article:publisher\" content=\"https:\/\/www.facebook.com\/els.solutions\/\" \/>\n<meta name=\"twitter:card\" content=\"summary_large_image\" \/>\n<meta name=\"twitter:label1\" content=\"Tempo estimado de leitura\" \/>\n\t<meta name=\"twitter:data1\" content=\"7 minutos\" \/>\n<script type=\"application\/ld+json\" class=\"yoast-schema-graph\">{\"@context\":\"https:\/\/schema.org\",\"@graph\":[{\"@type\":\"WebPage\",\"@id\":\"https:\/\/els-solutions.com\/pt-pt\/termos-de-uso\/\",\"url\":\"https:\/\/els-solutions.com\/pt-pt\/termos-de-uso\/\",\"name\":\"Termos de Uso - ELS Group - Accelerating Innovation\",\"isPartOf\":{\"@id\":\"https:\/\/els-solutions.com\/pt-pt\/#website\"},\"datePublished\":\"2026-04-16T06:29:51+00:00\",\"dateModified\":\"2026-04-16T06:29:51+00:00\",\"breadcrumb\":{\"@id\":\"https:\/\/els-solutions.com\/pt-pt\/termos-de-uso\/#breadcrumb\"},\"inLanguage\":\"pt-PT\",\"potentialAction\":[{\"@type\":\"ReadAction\",\"target\":[\"https:\/\/els-solutions.com\/pt-pt\/termos-de-uso\/\"]}]},{\"@type\":\"BreadcrumbList\",\"@id\":\"https:\/\/els-solutions.com\/pt-pt\/termos-de-uso\/#breadcrumb\",\"itemListElement\":[{\"@type\":\"ListItem\",\"position\":1,\"name\":\"In\u00edcio\",\"item\":\"https:\/\/els-solutions.com\/pt-pt\/\"},{\"@type\":\"ListItem\",\"position\":2,\"name\":\"Termos de Uso\"}]},{\"@type\":\"WebSite\",\"@id\":\"https:\/\/els-solutions.com\/pt-pt\/#website\",\"url\":\"https:\/\/els-solutions.com\/pt-pt\/\",\"name\":\"ELS Group - Accelerating Innovation\",\"description\":\"Assessoria estrat\u00e9gia para a Ind\u00fastria Farmac\u00eautica\",\"publisher\":{\"@id\":\"https:\/\/els-solutions.com\/pt-pt\/#organization\"},\"potentialAction\":[{\"@type\":\"SearchAction\",\"target\":{\"@type\":\"EntryPoint\",\"urlTemplate\":\"https:\/\/els-solutions.com\/pt-pt\/?s={search_term_string}\"},\"query-input\":{\"@type\":\"PropertyValueSpecification\",\"valueRequired\":true,\"valueName\":\"search_term_string\"}}],\"inLanguage\":\"pt-PT\"},{\"@type\":\"Organization\",\"@id\":\"https:\/\/els-solutions.com\/pt-pt\/#organization\",\"name\":\"ELS Group - Accelerating Innovation\",\"url\":\"https:\/\/els-solutions.com\/pt-pt\/\",\"logo\":{\"@type\":\"ImageObject\",\"inLanguage\":\"pt-PT\",\"@id\":\"https:\/\/els-solutions.com\/pt-pt\/#\/schema\/logo\/image\/\",\"url\":\"https:\/\/els-solutions.com\/cms\/wp-content\/uploads\/2023\/08\/ELS-NewLogo-ColorBlack-1-e1691153715735.png\",\"contentUrl\":\"https:\/\/els-solutions.com\/cms\/wp-content\/uploads\/2023\/08\/ELS-NewLogo-ColorBlack-1-e1691153715735.png\",\"width\":2226,\"height\":1080,\"caption\":\"ELS Group - Accelerating Innovation\"},\"image\":{\"@id\":\"https:\/\/els-solutions.com\/pt-pt\/#\/schema\/logo\/image\/\"},\"sameAs\":[\"https:\/\/www.facebook.com\/els.solutions\/\"]}]}<\/script>\n<!-- \/ Yoast SEO plugin. -->","yoast_head_json":{"title":"Termos de Uso - ELS Group - Accelerating Innovation","robots":{"index":"noindex","follow":"follow","max-snippet":"max-snippet:-1","max-image-preview":"max-image-preview:large","max-video-preview":"max-video-preview:-1"},"og_locale":"pt_PT","og_type":"article","og_title":"Termos de Uso - ELS Group - Accelerating Innovation","og_description":"Termos e Condi\u00e7\u00f5es Os presentes termos e condi\u00e7\u00f5es regem a utiliza\u00e7\u00e3o do site da ELS SOLUTIONS GDIA \u2013 UNIPESSOAL LDA (https:\/\/www.els-solutions.com\/).O acesso a este site, bem como a sua utiliza\u00e7\u00e3o, implica a aceita\u00e7\u00e3o de todas as cl\u00e1usulas constantes dos termos e condi\u00e7\u00f5es presentes que podem, a qualquer momento, ser alteradas unilateralmente pela ELS SOLUTIONS GDIA [&hellip;]","og_url":"https:\/\/els-solutions.com\/pt-pt\/termos-de-uso\/","og_site_name":"ELS Group - Accelerating Innovation","article_publisher":"https:\/\/www.facebook.com\/els.solutions\/","twitter_card":"summary_large_image","twitter_misc":{"Tempo estimado de leitura":"7 minutos"},"schema":{"@context":"https:\/\/schema.org","@graph":[{"@type":"WebPage","@id":"https:\/\/els-solutions.com\/pt-pt\/termos-de-uso\/","url":"https:\/\/els-solutions.com\/pt-pt\/termos-de-uso\/","name":"Termos de Uso - ELS Group - Accelerating Innovation","isPartOf":{"@id":"https:\/\/els-solutions.com\/pt-pt\/#website"},"datePublished":"2026-04-16T06:29:51+00:00","dateModified":"2026-04-16T06:29:51+00:00","breadcrumb":{"@id":"https:\/\/els-solutions.com\/pt-pt\/termos-de-uso\/#breadcrumb"},"inLanguage":"pt-PT","potentialAction":[{"@type":"ReadAction","target":["https:\/\/els-solutions.com\/pt-pt\/termos-de-uso\/"]}]},{"@type":"BreadcrumbList","@id":"https:\/\/els-solutions.com\/pt-pt\/termos-de-uso\/#breadcrumb","itemListElement":[{"@type":"ListItem","position":1,"name":"In\u00edcio","item":"https:\/\/els-solutions.com\/pt-pt\/"},{"@type":"ListItem","position":2,"name":"Termos de Uso"}]},{"@type":"WebSite","@id":"https:\/\/els-solutions.com\/pt-pt\/#website","url":"https:\/\/els-solutions.com\/pt-pt\/","name":"ELS Group - Accelerating Innovation","description":"Assessoria estrat\u00e9gia para a Ind\u00fastria Farmac\u00eautica","publisher":{"@id":"https:\/\/els-solutions.com\/pt-pt\/#organization"},"potentialAction":[{"@type":"SearchAction","target":{"@type":"EntryPoint","urlTemplate":"https:\/\/els-solutions.com\/pt-pt\/?s={search_term_string}"},"query-input":{"@type":"PropertyValueSpecification","valueRequired":true,"valueName":"search_term_string"}}],"inLanguage":"pt-PT"},{"@type":"Organization","@id":"https:\/\/els-solutions.com\/pt-pt\/#organization","name":"ELS Group - Accelerating Innovation","url":"https:\/\/els-solutions.com\/pt-pt\/","logo":{"@type":"ImageObject","inLanguage":"pt-PT","@id":"https:\/\/els-solutions.com\/pt-pt\/#\/schema\/logo\/image\/","url":"https:\/\/els-solutions.com\/cms\/wp-content\/uploads\/2023\/08\/ELS-NewLogo-ColorBlack-1-e1691153715735.png","contentUrl":"https:\/\/els-solutions.com\/cms\/wp-content\/uploads\/2023\/08\/ELS-NewLogo-ColorBlack-1-e1691153715735.png","width":2226,"height":1080,"caption":"ELS Group - Accelerating Innovation"},"image":{"@id":"https:\/\/els-solutions.com\/pt-pt\/#\/schema\/logo\/image\/"},"sameAs":["https:\/\/www.facebook.com\/els.solutions\/"]}]}},"_links":{"self":[{"href":"https:\/\/els-solutions.com\/pt-pt\/wp-json\/wp\/v2\/pages\/10486","targetHints":{"allow":["GET"]}}],"collection":[{"href":"https:\/\/els-solutions.com\/pt-pt\/wp-json\/wp\/v2\/pages"}],"about":[{"href":"https:\/\/els-solutions.com\/pt-pt\/wp-json\/wp\/v2\/types\/page"}],"author":[{"embeddable":true,"href":"https:\/\/els-solutions.com\/pt-pt\/wp-json\/wp\/v2\/users\/11"}],"replies":[{"embeddable":true,"href":"https:\/\/els-solutions.com\/pt-pt\/wp-json\/wp\/v2\/comments?post=10486"}],"version-history":[{"count":0,"href":"https:\/\/els-solutions.com\/pt-pt\/wp-json\/wp\/v2\/pages\/10486\/revisions"}],"wp:attachment":[{"href":"https:\/\/els-solutions.com\/pt-pt\/wp-json\/wp\/v2\/media?parent=10486"}],"curies":[{"name":"wp","href":"https:\/\/api.w.org\/{rel}","templated":true}]}}