{"id":10821,"date":"2026-04-11T22:54:47","date_gmt":"2026-04-11T21:54:47","guid":{"rendered":"https:\/\/els-solutions.com\/?page_id=10821"},"modified":"2026-05-07T15:45:07","modified_gmt":"2026-05-07T14:45:07","slug":"carreiras","status":"publish","type":"page","link":"https:\/\/els-solutions.com\/pt-pt\/carreiras\/","title":{"rendered":"Carreiras"},"content":{"rendered":"\t\t<div data-elementor-type=\"wp-page\" data-elementor-id=\"10821\" class=\"elementor elementor-10821\" data-elementor-post-type=\"page\">\n\t\t\t\t<div class=\"elementor-element elementor-element-35b86bc0 e-flex e-con-boxed e-con e-parent\" data-id=\"35b86bc0\" data-element_type=\"container\" data-e-type=\"container\" data-settings=\"{&quot;background_background&quot;:&quot;classic&quot;}\">\n\t\t\t\t\t<div class=\"e-con-inner\">\n\t\t<div class=\"elementor-element elementor-element-b94ce84 e-con-full e-flex e-con e-child\" data-id=\"b94ce84\" data-element_type=\"container\" data-e-type=\"container\">\n\t\t\t\t<div class=\"elementor-element elementor-element-28b340fc elementor-widget__width-inherit elementor-widget elementor-widget-heading\" data-id=\"28b340fc\" data-element_type=\"widget\" data-e-type=\"widget\" data-widget_type=\"heading.default\">\n\t\t\t\t\t<h1 class=\"elementor-heading-title elementor-size-default\">Junte-se a n\u00f3s<\/h1>\t\t\t\t<\/div>\n\t\t\t\t<div class=\"elementor-element elementor-element-171b35dd elementor-widget__width-initial elementor-widget-tablet__width-inherit elementor-widget elementor-widget-heading\" data-id=\"171b35dd\" data-element_type=\"widget\" data-e-type=\"widget\" data-widget_type=\"heading.default\">\n\t\t\t\t\t<div class=\"elementor-heading-title elementor-size-default\">Oportunidades em aberto. Junte-se a uma equipa din\u00e2mica.<\/div>\t\t\t\t<\/div>\n\t\t\t\t<\/div>\n\t\t\t\t\t<\/div>\n\t\t\t\t<\/div>\n\t\t<div class=\"elementor-element elementor-element-29d4c35 e-flex e-con-boxed e-con e-parent\" data-id=\"29d4c35\" data-element_type=\"container\" data-e-type=\"container\" data-settings=\"{&quot;background_background&quot;:&quot;classic&quot;}\">\n\t\t\t\t\t<div class=\"e-con-inner\">\n\t\t<div class=\"elementor-element elementor-element-14f79058 e-con-full e-flex e-con e-child\" data-id=\"14f79058\" data-element_type=\"container\" data-e-type=\"container\">\n\t\t\t\t<div class=\"elementor-element elementor-element-3a59a00e elementor-widget elementor-widget-image\" data-id=\"3a59a00e\" data-element_type=\"widget\" data-e-type=\"widget\" data-widget_type=\"image.default\">\n\t\t\t\t\t\t\t\t\t\t\t\t\t\t\t<img fetchpriority=\"high\" decoding=\"async\" width=\"590\" height=\"407\" src=\"https:\/\/els-solutions.com\/cms\/wp-content\/uploads\/2026\/04\/quem-somos-empresa-assessoria-estrategia.jpg\" class=\"attachment-large size-large wp-image-9348\" alt=\"\" srcset=\"https:\/\/els-solutions.com\/cms\/wp-content\/uploads\/2026\/04\/quem-somos-empresa-assessoria-estrategia.jpg 590w, https:\/\/els-solutions.com\/cms\/wp-content\/uploads\/2026\/04\/quem-somos-empresa-assessoria-estrategia-300x207.jpg 300w\" sizes=\"(max-width: 590px) 100vw, 590px\" \/>\t\t\t\t\t\t\t\t\t\t\t\t\t\t\t<\/div>\n\t\t\t\t<\/div>\n\t\t<div class=\"elementor-element elementor-element-3483c297 e-con-full e-flex e-con e-child\" data-id=\"3483c297\" data-element_type=\"container\" data-e-type=\"container\">\n\t\t\t\t<div class=\"elementor-element elementor-element-32729d2c elementor-widget__width-initial elementor-widget-tablet__width-inherit elementor-widget elementor-widget-heading\" data-id=\"32729d2c\" data-element_type=\"widget\" data-e-type=\"widget\" data-widget_type=\"heading.default\">\n\t\t\t\t\t<h2 class=\"elementor-heading-title elementor-size-default\">Quem Somos<\/h2>\t\t\t\t<\/div>\n\t\t\t\t<div class=\"elementor-element elementor-element-40a023f0 elementor-widget__width-initial elementor-widget-tablet__width-inherit elementor-widget elementor-widget-heading\" data-id=\"40a023f0\" data-element_type=\"widget\" data-e-type=\"widget\" data-widget_type=\"heading.default\">\n\t\t\t\t\t<h3 class=\"elementor-heading-title elementor-size-default\">Empresa de assessoria estrat\u00e9gica para a Ind\u00fastria Farmac\u00eautica, de Sa\u00fade e Bem-Estar.<\/h3>\t\t\t\t<\/div>\n\t\t\t\t<div class=\"elementor-element elementor-element-7cb60fae elementor-widget__width-inherit elementor-widget elementor-widget-text-editor\" data-id=\"7cb60fae\" data-element_type=\"widget\" data-e-type=\"widget\" data-widget_type=\"text-editor.default\">\n\t\t\t\t\t\t\t\t\t<p>A ELS Group re\u00fane uma equipa de profissionais altamente especializados, com experi\u00eancia comprovada em enquadramento regulamentar e conformidade no dom\u00ednio de produtos farmac\u00eauticos. Posicionamo-nos como parceiro estrat\u00e9gico desde a administra\u00e7\u00e3o at\u00e9 \u00e0s dire\u00e7\u00f5es t\u00e9cnicas, garantindo rigor, consist\u00eancia e previsibilidade na condu\u00e7\u00e3o de decis\u00f5es cr\u00edticas e na mitiga\u00e7\u00e3o de risco regulat\u00f3rio.<br \/><br \/>Solu\u00e7\u00f5es estrat\u00e9gicas para as ind\u00fastrias Farmac\u00eautica, da Sa\u00fade, Alimentar e Dispositivos m\u00e9dicos, com presen\u00e7a em mercados-chave como Portugal, Espanha, Fran\u00e7a, It\u00e1lia, Alemanha, Reino Unido, Brasil, M\u00e9xico, Col\u00f4mbia, Argentina e Chile.<\/p>\t\t\t\t\t\t\t\t<\/div>\n\t\t\t\t<\/div>\n\t\t\t\t\t<\/div>\n\t\t\t\t<\/div>\n\t\t<div class=\"elementor-element elementor-element-33c7bfdf e-flex e-con-boxed e-con e-parent\" data-id=\"33c7bfdf\" data-element_type=\"container\" data-e-type=\"container\" data-settings=\"{&quot;background_background&quot;:&quot;classic&quot;}\">\n\t\t\t\t\t<div class=\"e-con-inner\">\n\t\t<div class=\"elementor-element elementor-element-70bef4c2 e-con-full e-flex e-con e-child\" data-id=\"70bef4c2\" data-element_type=\"container\" data-e-type=\"container\">\n\t\t\t\t<div class=\"elementor-element elementor-element-6b0b8259 elementor-widget elementor-widget-image\" data-id=\"6b0b8259\" data-element_type=\"widget\" data-e-type=\"widget\" data-widget_type=\"image.default\">\n\t\t\t\t\t\t\t\t\t\t\t\t\t\t\t<img decoding=\"async\" width=\"590\" height=\"285\" src=\"https:\/\/els-solutions.com\/cms\/wp-content\/uploads\/2026\/04\/entre-em-contato-conosco.jpg\" class=\"attachment-large size-large wp-image-9364\" alt=\"\" srcset=\"https:\/\/els-solutions.com\/cms\/wp-content\/uploads\/2026\/04\/entre-em-contato-conosco.jpg 590w, https:\/\/els-solutions.com\/cms\/wp-content\/uploads\/2026\/04\/entre-em-contato-conosco-300x145.jpg 300w\" sizes=\"(max-width: 590px) 100vw, 590px\" \/>\t\t\t\t\t\t\t\t\t\t\t\t\t\t\t<\/div>\n\t\t\t\t<\/div>\n\t\t<div class=\"elementor-element elementor-element-64b6ace7 e-con-full e-flex e-con e-child\" data-id=\"64b6ace7\" data-element_type=\"container\" data-e-type=\"container\">\n\t\t\t\t<div class=\"elementor-element elementor-element-22384e89 elementor-widget__width-initial elementor-widget-tablet__width-inherit elementor-widget elementor-widget-heading\" data-id=\"22384e89\" data-element_type=\"widget\" data-e-type=\"widget\" data-widget_type=\"heading.default\">\n\t\t\t\t\t<h2 class=\"elementor-heading-title elementor-size-default\">Venha Trabalhar Connosco<\/h2>\t\t\t\t<\/div>\n\t\t\t\t<div class=\"elementor-element elementor-element-45e0901a elementor-widget__width-inherit elementor-widget elementor-widget-text-editor\" data-id=\"45e0901a\" data-element_type=\"widget\" data-e-type=\"widget\" data-widget_type=\"text-editor.default\">\n\t\t\t\t\t\t\t\t\t<p>Se possui experi\u00eancia e compet\u00eancias alinhadas com as \u00e1reas de atua\u00e7\u00e3o da ELS Group, envie-nos o seu CV.<\/p>\t\t\t\t\t\t\t\t<\/div>\n\t\t\t\t<div class=\"elementor-element elementor-element-677106ed elementor-align-left elementor-widget__width-inherit elementor-widget elementor-widget-button\" data-id=\"677106ed\" data-element_type=\"widget\" data-e-type=\"widget\" data-widget_type=\"button.default\">\n\t\t\t\t\t\t\t\t\t\t<a class=\"elementor-button elementor-button-link elementor-size-sm\" href=\"mailto:info@elssolutions.pt\" target=\"_blank\">\n\t\t\t\t\t\t<span class=\"elementor-button-content-wrapper\">\n\t\t\t\t\t\t\t\t\t<span class=\"elementor-button-text\">Submeter CV<\/span>\n\t\t\t\t\t<\/span>\n\t\t\t\t\t<\/a>\n\t\t\t\t\t\t\t\t<\/div>\n\t\t\t\t<\/div>\n\t\t\t\t\t<\/div>\n\t\t\t\t<\/div>\n\t\t\t\t<\/div>\n\t\t","protected":false},"excerpt":{"rendered":"<p>Junte-se a n\u00f3s Oportunidades em aberto. Junte-se a uma equipa din\u00e2mica. Quem Somos Empresa de assessoria estrat\u00e9gica para a Ind\u00fastria Farmac\u00eautica, de Sa\u00fade e Bem-Estar. A ELS Group re\u00fane uma equipa de profissionais altamente especializados, com experi\u00eancia comprovada em enquadramento regulamentar e conformidade no dom\u00ednio de produtos farmac\u00eauticos. Posicionamo-nos como parceiro estrat\u00e9gico desde a administra\u00e7\u00e3o [&hellip;]<\/p>\n","protected":false},"author":9,"featured_media":0,"parent":0,"menu_order":0,"comment_status":"closed","ping_status":"closed","template":"","meta":{"_joinchat":[],"footnotes":""},"class_list":["post-10821","page","type-page","status-publish","hentry"],"yoast_head":"<!-- This site is optimized with the Yoast SEO plugin v23.4 - https:\/\/yoast.com\/wordpress\/plugins\/seo\/ -->\n<title>ELS Group - Oportunidades de Carreira<\/title>\n<meta name=\"description\" content=\"Procura um desafio profissional? Acompanhe as vagas abertas no nosso site e venha fazer parte de uma equipa din\u00e2mica.\" \/>\n<meta name=\"robots\" content=\"index, follow, max-snippet:-1, max-image-preview:large, max-video-preview:-1\" \/>\n<link rel=\"canonical\" href=\"https:\/\/els-solutions.com\/pt-pt\/carreiras\/\" \/>\n<meta property=\"og:locale\" content=\"pt_PT\" \/>\n<meta property=\"og:type\" content=\"article\" \/>\n<meta property=\"og:title\" content=\"ELS Group - Oportunidades de Carreira\" \/>\n<meta property=\"og:description\" content=\"Procura um desafio profissional? Acompanhe as vagas abertas no nosso site e venha fazer parte de uma equipa din\u00e2mica.\" \/>\n<meta property=\"og:url\" content=\"https:\/\/els-solutions.com\/pt-pt\/carreiras\/\" \/>\n<meta property=\"og:site_name\" content=\"ELS Group - Accelerating Innovation\" \/>\n<meta property=\"article:publisher\" content=\"https:\/\/www.facebook.com\/els.solutions\/\" \/>\n<meta property=\"article:modified_time\" content=\"2026-05-07T14:45:07+00:00\" \/>\n<meta property=\"og:image\" content=\"https:\/\/els-solutions.com\/cms\/wp-content\/uploads\/2026\/04\/quem-somos-empresa-assessoria-estrategia.jpg\" \/>\n<meta name=\"twitter:card\" content=\"summary_large_image\" \/>\n<meta name=\"twitter:label1\" content=\"Tempo estimado de leitura\" \/>\n\t<meta name=\"twitter:data1\" content=\"2 minutos\" \/>\n<script type=\"application\/ld+json\" class=\"yoast-schema-graph\">{\"@context\":\"https:\/\/schema.org\",\"@graph\":[{\"@type\":\"WebPage\",\"@id\":\"https:\/\/els-solutions.com\/pt-pt\/carreiras\/\",\"url\":\"https:\/\/els-solutions.com\/pt-pt\/carreiras\/\",\"name\":\"ELS Group - Oportunidades de Carreira\",\"isPartOf\":{\"@id\":\"https:\/\/els-solutions.com\/pt-pt\/#website\"},\"primaryImageOfPage\":{\"@id\":\"https:\/\/els-solutions.com\/pt-pt\/carreiras\/#primaryimage\"},\"image\":{\"@id\":\"https:\/\/els-solutions.com\/pt-pt\/carreiras\/#primaryimage\"},\"thumbnailUrl\":\"https:\/\/els-solutions.com\/cms\/wp-content\/uploads\/2026\/04\/quem-somos-empresa-assessoria-estrategia.jpg\",\"datePublished\":\"2026-04-11T21:54:47+00:00\",\"dateModified\":\"2026-05-07T14:45:07+00:00\",\"description\":\"Procura um desafio profissional? Acompanhe as vagas abertas no nosso site e venha fazer parte de uma equipa din\u00e2mica.\",\"breadcrumb\":{\"@id\":\"https:\/\/els-solutions.com\/pt-pt\/carreiras\/#breadcrumb\"},\"inLanguage\":\"pt-PT\",\"potentialAction\":[{\"@type\":\"ReadAction\",\"target\":[\"https:\/\/els-solutions.com\/pt-pt\/carreiras\/\"]}]},{\"@type\":\"ImageObject\",\"inLanguage\":\"pt-PT\",\"@id\":\"https:\/\/els-solutions.com\/pt-pt\/carreiras\/#primaryimage\",\"url\":\"https:\/\/els-solutions.com\/cms\/wp-content\/uploads\/2026\/04\/quem-somos-empresa-assessoria-estrategia.jpg\",\"contentUrl\":\"https:\/\/els-solutions.com\/cms\/wp-content\/uploads\/2026\/04\/quem-somos-empresa-assessoria-estrategia.jpg\"},{\"@type\":\"BreadcrumbList\",\"@id\":\"https:\/\/els-solutions.com\/pt-pt\/carreiras\/#breadcrumb\",\"itemListElement\":[{\"@type\":\"ListItem\",\"position\":1,\"name\":\"In\u00edcio\",\"item\":\"https:\/\/els-solutions.com\/pt-pt\/\"},{\"@type\":\"ListItem\",\"position\":2,\"name\":\"Carreiras\"}]},{\"@type\":\"WebSite\",\"@id\":\"https:\/\/els-solutions.com\/pt-pt\/#website\",\"url\":\"https:\/\/els-solutions.com\/pt-pt\/\",\"name\":\"ELS Group - Accelerating Innovation\",\"description\":\"Assessoria estrat\u00e9gia para a Ind\u00fastria Farmac\u00eautica\",\"publisher\":{\"@id\":\"https:\/\/els-solutions.com\/pt-pt\/#organization\"},\"potentialAction\":[{\"@type\":\"SearchAction\",\"target\":{\"@type\":\"EntryPoint\",\"urlTemplate\":\"https:\/\/els-solutions.com\/pt-pt\/?s={search_term_string}\"},\"query-input\":{\"@type\":\"PropertyValueSpecification\",\"valueRequired\":true,\"valueName\":\"search_term_string\"}}],\"inLanguage\":\"pt-PT\"},{\"@type\":\"Organization\",\"@id\":\"https:\/\/els-solutions.com\/pt-pt\/#organization\",\"name\":\"ELS Group - Accelerating Innovation\",\"url\":\"https:\/\/els-solutions.com\/pt-pt\/\",\"logo\":{\"@type\":\"ImageObject\",\"inLanguage\":\"pt-PT\",\"@id\":\"https:\/\/els-solutions.com\/pt-pt\/#\/schema\/logo\/image\/\",\"url\":\"https:\/\/els-solutions.com\/cms\/wp-content\/uploads\/2023\/08\/ELS-NewLogo-ColorBlack-1-e1691153715735.png\",\"contentUrl\":\"https:\/\/els-solutions.com\/cms\/wp-content\/uploads\/2023\/08\/ELS-NewLogo-ColorBlack-1-e1691153715735.png\",\"width\":2226,\"height\":1080,\"caption\":\"ELS Group - Accelerating Innovation\"},\"image\":{\"@id\":\"https:\/\/els-solutions.com\/pt-pt\/#\/schema\/logo\/image\/\"},\"sameAs\":[\"https:\/\/www.facebook.com\/els.solutions\/\"]}]}<\/script>\n<!-- \/ Yoast SEO plugin. -->","yoast_head_json":{"title":"ELS Group - Oportunidades de Carreira","description":"Procura um desafio profissional? Acompanhe as vagas abertas no nosso site e venha fazer parte de uma equipa din\u00e2mica.","robots":{"index":"index","follow":"follow","max-snippet":"max-snippet:-1","max-image-preview":"max-image-preview:large","max-video-preview":"max-video-preview:-1"},"canonical":"https:\/\/els-solutions.com\/pt-pt\/carreiras\/","og_locale":"pt_PT","og_type":"article","og_title":"ELS Group - Oportunidades de Carreira","og_description":"Procura um desafio profissional? Acompanhe as vagas abertas no nosso site e venha fazer parte de uma equipa din\u00e2mica.","og_url":"https:\/\/els-solutions.com\/pt-pt\/carreiras\/","og_site_name":"ELS Group - Accelerating Innovation","article_publisher":"https:\/\/www.facebook.com\/els.solutions\/","article_modified_time":"2026-05-07T14:45:07+00:00","og_image":[{"url":"https:\/\/els-solutions.com\/cms\/wp-content\/uploads\/2026\/04\/quem-somos-empresa-assessoria-estrategia.jpg"}],"twitter_card":"summary_large_image","twitter_misc":{"Tempo estimado de leitura":"2 minutos"},"schema":{"@context":"https:\/\/schema.org","@graph":[{"@type":"WebPage","@id":"https:\/\/els-solutions.com\/pt-pt\/carreiras\/","url":"https:\/\/els-solutions.com\/pt-pt\/carreiras\/","name":"ELS Group - Oportunidades de Carreira","isPartOf":{"@id":"https:\/\/els-solutions.com\/pt-pt\/#website"},"primaryImageOfPage":{"@id":"https:\/\/els-solutions.com\/pt-pt\/carreiras\/#primaryimage"},"image":{"@id":"https:\/\/els-solutions.com\/pt-pt\/carreiras\/#primaryimage"},"thumbnailUrl":"https:\/\/els-solutions.com\/cms\/wp-content\/uploads\/2026\/04\/quem-somos-empresa-assessoria-estrategia.jpg","datePublished":"2026-04-11T21:54:47+00:00","dateModified":"2026-05-07T14:45:07+00:00","description":"Procura um desafio profissional? Acompanhe as vagas abertas no nosso site e venha fazer parte de uma equipa din\u00e2mica.","breadcrumb":{"@id":"https:\/\/els-solutions.com\/pt-pt\/carreiras\/#breadcrumb"},"inLanguage":"pt-PT","potentialAction":[{"@type":"ReadAction","target":["https:\/\/els-solutions.com\/pt-pt\/carreiras\/"]}]},{"@type":"ImageObject","inLanguage":"pt-PT","@id":"https:\/\/els-solutions.com\/pt-pt\/carreiras\/#primaryimage","url":"https:\/\/els-solutions.com\/cms\/wp-content\/uploads\/2026\/04\/quem-somos-empresa-assessoria-estrategia.jpg","contentUrl":"https:\/\/els-solutions.com\/cms\/wp-content\/uploads\/2026\/04\/quem-somos-empresa-assessoria-estrategia.jpg"},{"@type":"BreadcrumbList","@id":"https:\/\/els-solutions.com\/pt-pt\/carreiras\/#breadcrumb","itemListElement":[{"@type":"ListItem","position":1,"name":"In\u00edcio","item":"https:\/\/els-solutions.com\/pt-pt\/"},{"@type":"ListItem","position":2,"name":"Carreiras"}]},{"@type":"WebSite","@id":"https:\/\/els-solutions.com\/pt-pt\/#website","url":"https:\/\/els-solutions.com\/pt-pt\/","name":"ELS Group - Accelerating Innovation","description":"Assessoria estrat\u00e9gia para a Ind\u00fastria Farmac\u00eautica","publisher":{"@id":"https:\/\/els-solutions.com\/pt-pt\/#organization"},"potentialAction":[{"@type":"SearchAction","target":{"@type":"EntryPoint","urlTemplate":"https:\/\/els-solutions.com\/pt-pt\/?s={search_term_string}"},"query-input":{"@type":"PropertyValueSpecification","valueRequired":true,"valueName":"search_term_string"}}],"inLanguage":"pt-PT"},{"@type":"Organization","@id":"https:\/\/els-solutions.com\/pt-pt\/#organization","name":"ELS Group - Accelerating Innovation","url":"https:\/\/els-solutions.com\/pt-pt\/","logo":{"@type":"ImageObject","inLanguage":"pt-PT","@id":"https:\/\/els-solutions.com\/pt-pt\/#\/schema\/logo\/image\/","url":"https:\/\/els-solutions.com\/cms\/wp-content\/uploads\/2023\/08\/ELS-NewLogo-ColorBlack-1-e1691153715735.png","contentUrl":"https:\/\/els-solutions.com\/cms\/wp-content\/uploads\/2023\/08\/ELS-NewLogo-ColorBlack-1-e1691153715735.png","width":2226,"height":1080,"caption":"ELS Group - Accelerating Innovation"},"image":{"@id":"https:\/\/els-solutions.com\/pt-pt\/#\/schema\/logo\/image\/"},"sameAs":["https:\/\/www.facebook.com\/els.solutions\/"]}]}},"_links":{"self":[{"href":"https:\/\/els-solutions.com\/pt-pt\/wp-json\/wp\/v2\/pages\/10821","targetHints":{"allow":["GET"]}}],"collection":[{"href":"https:\/\/els-solutions.com\/pt-pt\/wp-json\/wp\/v2\/pages"}],"about":[{"href":"https:\/\/els-solutions.com\/pt-pt\/wp-json\/wp\/v2\/types\/page"}],"author":[{"embeddable":true,"href":"https:\/\/els-solutions.com\/pt-pt\/wp-json\/wp\/v2\/users\/9"}],"replies":[{"embeddable":true,"href":"https:\/\/els-solutions.com\/pt-pt\/wp-json\/wp\/v2\/comments?post=10821"}],"version-history":[{"count":5,"href":"https:\/\/els-solutions.com\/pt-pt\/wp-json\/wp\/v2\/pages\/10821\/revisions"}],"predecessor-version":[{"id":10850,"href":"https:\/\/els-solutions.com\/pt-pt\/wp-json\/wp\/v2\/pages\/10821\/revisions\/10850"}],"wp:attachment":[{"href":"https:\/\/els-solutions.com\/pt-pt\/wp-json\/wp\/v2\/media?parent=10821"}],"curies":[{"name":"wp","href":"https:\/\/api.w.org\/{rel}","templated":true}]}}