{"id":3203,"date":"2022-07-27T17:22:25","date_gmt":"2022-07-27T16:22:25","guid":{"rendered":"https:\/\/els-solutions.com\/cms\/dev\/?page_id=3203"},"modified":"2023-12-05T15:57:53","modified_gmt":"2023-12-05T15:57:53","slug":"candidatura-espontanea","status":"publish","type":"page","link":"https:\/\/els-solutions.com\/pt-pt\/candidatura-espontanea\/","title":{"rendered":"Candidatura espont\u00e2nea"},"content":{"rendered":"<p>[fusion_form form_post_id=&#8221;3206&#8243; hide_on_mobile=&#8221;small-visibility,medium-visibility,large-visibility&#8221; \/][fusion_content_boxes layout=&#8221;icon-on-top&#8221; columns=&#8221;3&#8243; alignment=&#8221;&#8221; link_type=&#8221;&#8221; button_span=&#8221;&#8221; link_area=&#8221;&#8221; link_target=&#8221;&#8221; icon_align=&#8221;left&#8221; animation_type=&#8221;&#8221; animation_direction=&#8221;left&#8221; animation_color=&#8221;&#8221; hue=&#8221;&#8221; saturation=&#8221;&#8221; lightness=&#8221;&#8221; alpha=&#8221;&#8221; animation_speed=&#8221;1.0&#8243; animation_delay=&#8221;500&#8243; animation_offset=&#8221;&#8221; hide_on_mobile=&#8221;small-visibility,medium-visibility,large-visibility&#8221; class=&#8221;&#8221; id=&#8221;&#8221; title_size=&#8221;&#8221; heading_size=&#8221;3&#8243; title_color=&#8221;&#8221; body_color=&#8221;&#8221; backgroundcolor=&#8221;&#8221; border_radius_top_left=&#8221;&#8221; border_radius_top_right=&#8221;&#8221; border_radius_bottom_right=&#8221;&#8221; border_radius_bottom_left=&#8221;&#8221; box_shadow=&#8221;no&#8221; box_shadow_vertical=&#8221;&#8221; box_shadow_horizontal=&#8221;&#8221; box_shadow_blur=&#8221;0&#8243; box_shadow_spread=&#8221;0&#8243; box_shadow_color=&#8221;&#8221; box_shadow_style=&#8221;&#8221; icon=&#8221;&#8221; iconflip=&#8221;&#8221; iconrotate=&#8221;&#8221; iconspin=&#8221;no&#8221; iconcolor_hover=&#8221;&#8221; iconcolor=&#8221;&#8221; icon_circle=&#8221;&#8221; icon_circle_radius=&#8221;&#8221; circlecolor_hover=&#8221;&#8221; circlecolor=&#8221;&#8221; circlebordersize=&#8221;&#8221; circlebordercolor=&#8221;&#8221; outercirclebordersize=&#8221;&#8221; outercirclebordercolor=&#8221;&#8221; icon_size=&#8221;24&#8243; icon_hover_type=&#8221;&#8221; hover_accent_color=&#8221;&#8221; image=&#8221;&#8221; image_id=&#8221;&#8221; image_max_width=&#8221;&#8221; margin_top=&#8221;30px&#8221; margin_bottom=&#8221;0px&#8221; item_margin_top=&#8221;&#8221; item_margin_bottom=&#8221;&#8221; parent_dynamic_content=&#8221;&#8221;][fusion_content_box title=&#8221;Sede Europa&#8221; icon=&#8221;fusion-prefix-icon-accountant-map&#8221; linktext=&#8221;Read More&#8221; animation_direction=&#8221;left&#8221; animation_speed=&#8221;0.3&#8243;]<\/p>\n<p>Rua dos Ciprestes n\u00ba 48, Piso 2<br \/>\nEdif\u00edcio Office no Estoril<br \/>\n2765-623 Estoril<br \/>\nPortugal<\/p>\n<p>[\/fusion_content_box][fusion_content_box title=&#8221;Sede LATAM&#8221; icon=&#8221;fusion-prefix-icon-accountant-map&#8221; linktext=&#8221;Read More&#8221; animation_direction=&#8221;left&#8221; animation_speed=&#8221;0.3&#8243;]<\/p>\n<p>Alameda Santos, 2441<br \/>\nConjunto 62<br \/>\nCEP 01419-101 S\u00e3o Paulo<br \/>\nBrasil<\/p>\n<p>[\/fusion_content_box][fusion_content_box title=&#8221;Contatos&#8221; icon=&#8221;fusion-prefix-icon-accountant-mail&#8221; linktext=&#8221;Read More&#8221; animation_direction=&#8221;left&#8221; animation_speed=&#8221;0.3&#8243;]<\/p>\n<p>Telefone:<\/p>\n<p>+351 21 452 50 38<\/p>\n<p>+55 11 99279 2618<\/p>\n<p>Email: info@elssolutions.pt<\/p>\n<p>[\/fusion_content_box][\/fusion_content_boxes]<\/p>\n","protected":false},"excerpt":{"rendered":"","protected":false},"author":9,"featured_media":0,"parent":0,"menu_order":0,"comment_status":"closed","ping_status":"closed","template":"100-width.php","meta":{"footnotes":""},"class_list":["post-3203","page","type-page","status-publish","hentry"],"yoast_head":"<!-- This site is optimized with the Yoast SEO plugin v23.4 - https:\/\/yoast.com\/wordpress\/plugins\/seo\/ -->\n<title>ELS Solutions - Candidatura Espont\u00e2nea<\/title>\n<meta name=\"description\" content=\"Oportunidade de trabalhar para uma empresa especializada na internacionaliza\u00e7\u00e3o de neg\u00f3cios. Envie-nos o seu curr\u00edculo!\" \/>\n<meta name=\"robots\" content=\"noindex, follow, max-snippet:-1, max-image-preview:large, max-video-preview:-1\" \/>\n<meta property=\"og:locale\" content=\"pt_PT\" \/>\n<meta property=\"og:type\" content=\"article\" \/>\n<meta property=\"og:title\" content=\"ELS Solutions - Candidatura Espont\u00e2nea\" \/>\n<meta property=\"og:description\" content=\"Oportunidade de trabalhar para uma empresa especializada na internacionaliza\u00e7\u00e3o de neg\u00f3cios. Envie-nos o seu curr\u00edculo!\" \/>\n<meta property=\"og:url\" content=\"https:\/\/els-solutions.com\/pt-pt\/candidatura-espontanea\/\" \/>\n<meta property=\"og:site_name\" content=\"ELS Group - Accelerating Innovation\" \/>\n<meta property=\"article:publisher\" content=\"https:\/\/www.facebook.com\/els.solutions\/\" \/>\n<meta property=\"article:modified_time\" content=\"2023-12-05T15:57:53+00:00\" \/>\n<meta name=\"twitter:card\" content=\"summary_large_image\" \/>\n<meta name=\"twitter:label1\" content=\"Tempo estimado de leitura\" \/>\n\t<meta name=\"twitter:data1\" content=\"2 minutos\" \/>\n<script type=\"application\/ld+json\" class=\"yoast-schema-graph\">{\"@context\":\"https:\/\/schema.org\",\"@graph\":[{\"@type\":\"WebPage\",\"@id\":\"https:\/\/els-solutions.com\/pt-pt\/candidatura-espontanea\/\",\"url\":\"https:\/\/els-solutions.com\/pt-pt\/candidatura-espontanea\/\",\"name\":\"ELS Solutions - Candidatura Espont\u00e2nea\",\"isPartOf\":{\"@id\":\"https:\/\/els-solutions.com\/pt-pt\/#website\"},\"datePublished\":\"2022-07-27T16:22:25+00:00\",\"dateModified\":\"2023-12-05T15:57:53+00:00\",\"description\":\"Oportunidade de trabalhar para uma empresa especializada na internacionaliza\u00e7\u00e3o de neg\u00f3cios. Envie-nos o seu curr\u00edculo!\",\"breadcrumb\":{\"@id\":\"https:\/\/els-solutions.com\/pt-pt\/candidatura-espontanea\/#breadcrumb\"},\"inLanguage\":\"pt-PT\",\"potentialAction\":[{\"@type\":\"ReadAction\",\"target\":[\"https:\/\/els-solutions.com\/pt-pt\/candidatura-espontanea\/\"]}]},{\"@type\":\"BreadcrumbList\",\"@id\":\"https:\/\/els-solutions.com\/pt-pt\/candidatura-espontanea\/#breadcrumb\",\"itemListElement\":[{\"@type\":\"ListItem\",\"position\":1,\"name\":\"In\u00edcio\",\"item\":\"https:\/\/els-solutions.com\/pt-pt\/\"},{\"@type\":\"ListItem\",\"position\":2,\"name\":\"Candidatura espont\u00e2nea\"}]},{\"@type\":\"WebSite\",\"@id\":\"https:\/\/els-solutions.com\/pt-pt\/#website\",\"url\":\"https:\/\/els-solutions.com\/pt-pt\/\",\"name\":\"ELS Group - Accelerating Innovation\",\"description\":\"Assessoria estrat\u00e9gia para a Ind\u00fastria Farmac\u00eautica\",\"publisher\":{\"@id\":\"https:\/\/els-solutions.com\/pt-pt\/#organization\"},\"potentialAction\":[{\"@type\":\"SearchAction\",\"target\":{\"@type\":\"EntryPoint\",\"urlTemplate\":\"https:\/\/els-solutions.com\/pt-pt\/?s={search_term_string}\"},\"query-input\":{\"@type\":\"PropertyValueSpecification\",\"valueRequired\":true,\"valueName\":\"search_term_string\"}}],\"inLanguage\":\"pt-PT\"},{\"@type\":\"Organization\",\"@id\":\"https:\/\/els-solutions.com\/pt-pt\/#organization\",\"name\":\"ELS Group - Accelerating Innovation\",\"url\":\"https:\/\/els-solutions.com\/pt-pt\/\",\"logo\":{\"@type\":\"ImageObject\",\"inLanguage\":\"pt-PT\",\"@id\":\"https:\/\/els-solutions.com\/pt-pt\/#\/schema\/logo\/image\/\",\"url\":\"https:\/\/els-solutions.com\/cms\/wp-content\/uploads\/2023\/08\/ELS-NewLogo-ColorBlack-1-e1691153715735.png\",\"contentUrl\":\"https:\/\/els-solutions.com\/cms\/wp-content\/uploads\/2023\/08\/ELS-NewLogo-ColorBlack-1-e1691153715735.png\",\"width\":2226,\"height\":1080,\"caption\":\"ELS Group - Accelerating Innovation\"},\"image\":{\"@id\":\"https:\/\/els-solutions.com\/pt-pt\/#\/schema\/logo\/image\/\"},\"sameAs\":[\"https:\/\/www.facebook.com\/els.solutions\/\"]}]}<\/script>\n<!-- \/ Yoast SEO plugin. -->","yoast_head_json":{"title":"ELS Solutions - Candidatura Espont\u00e2nea","description":"Oportunidade de trabalhar para uma empresa especializada na internacionaliza\u00e7\u00e3o de neg\u00f3cios. Envie-nos o seu curr\u00edculo!","robots":{"index":"noindex","follow":"follow","max-snippet":"max-snippet:-1","max-image-preview":"max-image-preview:large","max-video-preview":"max-video-preview:-1"},"og_locale":"pt_PT","og_type":"article","og_title":"ELS Solutions - Candidatura Espont\u00e2nea","og_description":"Oportunidade de trabalhar para uma empresa especializada na internacionaliza\u00e7\u00e3o de neg\u00f3cios. Envie-nos o seu curr\u00edculo!","og_url":"https:\/\/els-solutions.com\/pt-pt\/candidatura-espontanea\/","og_site_name":"ELS Group - Accelerating Innovation","article_publisher":"https:\/\/www.facebook.com\/els.solutions\/","article_modified_time":"2023-12-05T15:57:53+00:00","twitter_card":"summary_large_image","twitter_misc":{"Tempo estimado de leitura":"2 minutos"},"schema":{"@context":"https:\/\/schema.org","@graph":[{"@type":"WebPage","@id":"https:\/\/els-solutions.com\/pt-pt\/candidatura-espontanea\/","url":"https:\/\/els-solutions.com\/pt-pt\/candidatura-espontanea\/","name":"ELS Solutions - Candidatura Espont\u00e2nea","isPartOf":{"@id":"https:\/\/els-solutions.com\/pt-pt\/#website"},"datePublished":"2022-07-27T16:22:25+00:00","dateModified":"2023-12-05T15:57:53+00:00","description":"Oportunidade de trabalhar para uma empresa especializada na internacionaliza\u00e7\u00e3o de neg\u00f3cios. Envie-nos o seu curr\u00edculo!","breadcrumb":{"@id":"https:\/\/els-solutions.com\/pt-pt\/candidatura-espontanea\/#breadcrumb"},"inLanguage":"pt-PT","potentialAction":[{"@type":"ReadAction","target":["https:\/\/els-solutions.com\/pt-pt\/candidatura-espontanea\/"]}]},{"@type":"BreadcrumbList","@id":"https:\/\/els-solutions.com\/pt-pt\/candidatura-espontanea\/#breadcrumb","itemListElement":[{"@type":"ListItem","position":1,"name":"In\u00edcio","item":"https:\/\/els-solutions.com\/pt-pt\/"},{"@type":"ListItem","position":2,"name":"Candidatura espont\u00e2nea"}]},{"@type":"WebSite","@id":"https:\/\/els-solutions.com\/pt-pt\/#website","url":"https:\/\/els-solutions.com\/pt-pt\/","name":"ELS Group - Accelerating Innovation","description":"Assessoria estrat\u00e9gia para a Ind\u00fastria Farmac\u00eautica","publisher":{"@id":"https:\/\/els-solutions.com\/pt-pt\/#organization"},"potentialAction":[{"@type":"SearchAction","target":{"@type":"EntryPoint","urlTemplate":"https:\/\/els-solutions.com\/pt-pt\/?s={search_term_string}"},"query-input":{"@type":"PropertyValueSpecification","valueRequired":true,"valueName":"search_term_string"}}],"inLanguage":"pt-PT"},{"@type":"Organization","@id":"https:\/\/els-solutions.com\/pt-pt\/#organization","name":"ELS Group - Accelerating Innovation","url":"https:\/\/els-solutions.com\/pt-pt\/","logo":{"@type":"ImageObject","inLanguage":"pt-PT","@id":"https:\/\/els-solutions.com\/pt-pt\/#\/schema\/logo\/image\/","url":"https:\/\/els-solutions.com\/cms\/wp-content\/uploads\/2023\/08\/ELS-NewLogo-ColorBlack-1-e1691153715735.png","contentUrl":"https:\/\/els-solutions.com\/cms\/wp-content\/uploads\/2023\/08\/ELS-NewLogo-ColorBlack-1-e1691153715735.png","width":2226,"height":1080,"caption":"ELS Group - Accelerating Innovation"},"image":{"@id":"https:\/\/els-solutions.com\/pt-pt\/#\/schema\/logo\/image\/"},"sameAs":["https:\/\/www.facebook.com\/els.solutions\/"]}]}},"_links":{"self":[{"href":"https:\/\/els-solutions.com\/pt-pt\/wp-json\/wp\/v2\/pages\/3203","targetHints":{"allow":["GET"]}}],"collection":[{"href":"https:\/\/els-solutions.com\/pt-pt\/wp-json\/wp\/v2\/pages"}],"about":[{"href":"https:\/\/els-solutions.com\/pt-pt\/wp-json\/wp\/v2\/types\/page"}],"author":[{"embeddable":true,"href":"https:\/\/els-solutions.com\/pt-pt\/wp-json\/wp\/v2\/users\/9"}],"replies":[{"embeddable":true,"href":"https:\/\/els-solutions.com\/pt-pt\/wp-json\/wp\/v2\/comments?post=3203"}],"version-history":[{"count":1,"href":"https:\/\/els-solutions.com\/pt-pt\/wp-json\/wp\/v2\/pages\/3203\/revisions"}],"predecessor-version":[{"id":6018,"href":"https:\/\/els-solutions.com\/pt-pt\/wp-json\/wp\/v2\/pages\/3203\/revisions\/6018"}],"wp:attachment":[{"href":"https:\/\/els-solutions.com\/pt-pt\/wp-json\/wp\/v2\/media?parent=3203"}],"curies":[{"name":"wp","href":"https:\/\/api.w.org\/{rel}","templated":true}]}}