{"id":46,"date":"2020-08-20T18:08:41","date_gmt":"2020-08-20T17:08:41","guid":{"rendered":"https:\/\/els-solutions.com\/cms\/dev\/?page_id=46"},"modified":"2026-02-05T21:37:20","modified_gmt":"2026-02-05T21:37:20","slug":"noticias","status":"publish","type":"page","link":"https:\/\/els-solutions.com\/pt-pt\/noticias\/","title":{"rendered":"Not\u00edcias"},"content":{"rendered":"[fusion_blog number_posts=&#8221;-1&#8243; offset=&#8221;0&#8243; pull_by=&#8221;category&#8221; cat_slug=&#8221;geral&#8221; orderby=&#8221;date&#8221; order=&#8221;DESC&#8221; thumbnail=&#8221;yes&#8221; title=&#8221;yes&#8221; strip_html=&#8221;yes&#8221; meta_all=&#8221;yes&#8221; meta_author=&#8221;no&#8221; meta_categories=&#8221;no&#8221; meta_comments=&#8221;no&#8221; meta_date=&#8221;no&#8221; meta_link=&#8221;no&#8221; meta_tags=&#8221;no&#8221; hide_on_mobile=&#8221;small-visibility,medium-visibility,large-visibility&#8221; layout=&#8221;grid&#8221; blog_grid_columns=&#8221;2&#8243; blog_grid_column_spacing=&#8221;60&#8243; equal_heights=&#8221;yes&#8221; title_size=&#8221;3&#8243; timeline_title_size=&#8221;3&#8243; title_link=&#8221;yes&#8221; content_alignment=&#8221;center&#8221; scrolling=&#8221;no&#8221; \/]\n","protected":false},"excerpt":{"rendered":"","protected":false},"author":9,"featured_media":0,"parent":0,"menu_order":0,"comment_status":"closed","ping_status":"closed","template":"100-width.php","meta":{"_joinchat":[],"footnotes":""},"class_list":["post-46","page","type-page","status-publish","hentry"],"yoast_head":"<!-- This site is optimized with the Yoast SEO plugin v23.4 - https:\/\/yoast.com\/wordpress\/plugins\/seo\/ -->\n<title>Not\u00edcias - ELS Group - Accelerating Innovation<\/title>\n<meta name=\"description\" content=\"Acompanhe as \u00faltimas not\u00edcias sobre o mercado da Ind\u00fastria Farmac\u00eautica, de Sa\u00fade e Bem-Estar. Ler not\u00edcias!\" \/>\n<meta name=\"robots\" content=\"index, follow, max-snippet:-1, max-image-preview:large, max-video-preview:-1\" \/>\n<link rel=\"canonical\" href=\"https:\/\/els-solutions.com\/pt-pt\/noticias\/\" \/>\n<meta property=\"og:locale\" content=\"pt_PT\" \/>\n<meta property=\"og:type\" content=\"article\" \/>\n<meta property=\"og:title\" content=\"Not\u00edcias - ELS Group - Accelerating Innovation\" \/>\n<meta property=\"og:description\" content=\"Acompanhe as \u00faltimas not\u00edcias sobre o mercado da Ind\u00fastria Farmac\u00eautica, de Sa\u00fade e Bem-Estar. Ler not\u00edcias!\" \/>\n<meta property=\"og:url\" content=\"https:\/\/els-solutions.com\/pt-pt\/noticias\/\" \/>\n<meta property=\"og:site_name\" content=\"ELS Group - Accelerating Innovation\" \/>\n<meta property=\"article:publisher\" content=\"https:\/\/www.facebook.com\/els.solutions\/\" \/>\n<meta property=\"article:modified_time\" content=\"2026-02-05T21:37:20+00:00\" \/>\n<meta name=\"twitter:card\" content=\"summary_large_image\" \/>\n<meta name=\"twitter:label1\" content=\"Tempo estimado de leitura\" \/>\n\t<meta name=\"twitter:data1\" content=\"16 minutos\" \/>\n<script type=\"application\/ld+json\" class=\"yoast-schema-graph\">{\"@context\":\"https:\/\/schema.org\",\"@graph\":[{\"@type\":\"WebPage\",\"@id\":\"https:\/\/els-solutions.com\/pt-pt\/noticias\/\",\"url\":\"https:\/\/els-solutions.com\/pt-pt\/noticias\/\",\"name\":\"Not\u00edcias - ELS Group - Accelerating Innovation\",\"isPartOf\":{\"@id\":\"https:\/\/els-solutions.com\/pt-pt\/#website\"},\"datePublished\":\"2020-08-20T17:08:41+00:00\",\"dateModified\":\"2026-02-05T21:37:20+00:00\",\"description\":\"Acompanhe as \u00faltimas not\u00edcias sobre o mercado da Ind\u00fastria Farmac\u00eautica, de Sa\u00fade e Bem-Estar. Ler not\u00edcias!\",\"breadcrumb\":{\"@id\":\"https:\/\/els-solutions.com\/pt-pt\/noticias\/#breadcrumb\"},\"inLanguage\":\"pt-PT\",\"potentialAction\":[{\"@type\":\"ReadAction\",\"target\":[\"https:\/\/els-solutions.com\/pt-pt\/noticias\/\"]}]},{\"@type\":\"BreadcrumbList\",\"@id\":\"https:\/\/els-solutions.com\/pt-pt\/noticias\/#breadcrumb\",\"itemListElement\":[{\"@type\":\"ListItem\",\"position\":1,\"name\":\"In\u00edcio\",\"item\":\"https:\/\/els-solutions.com\/pt-pt\/\"},{\"@type\":\"ListItem\",\"position\":2,\"name\":\"Not\u00edcias\"}]},{\"@type\":\"WebSite\",\"@id\":\"https:\/\/els-solutions.com\/pt-pt\/#website\",\"url\":\"https:\/\/els-solutions.com\/pt-pt\/\",\"name\":\"ELS Group - Accelerating Innovation\",\"description\":\"Assessoria estrat\u00e9gia para a Ind\u00fastria Farmac\u00eautica\",\"publisher\":{\"@id\":\"https:\/\/els-solutions.com\/pt-pt\/#organization\"},\"potentialAction\":[{\"@type\":\"SearchAction\",\"target\":{\"@type\":\"EntryPoint\",\"urlTemplate\":\"https:\/\/els-solutions.com\/pt-pt\/?s={search_term_string}\"},\"query-input\":{\"@type\":\"PropertyValueSpecification\",\"valueRequired\":true,\"valueName\":\"search_term_string\"}}],\"inLanguage\":\"pt-PT\"},{\"@type\":\"Organization\",\"@id\":\"https:\/\/els-solutions.com\/pt-pt\/#organization\",\"name\":\"ELS Group - Accelerating Innovation\",\"url\":\"https:\/\/els-solutions.com\/pt-pt\/\",\"logo\":{\"@type\":\"ImageObject\",\"inLanguage\":\"pt-PT\",\"@id\":\"https:\/\/els-solutions.com\/pt-pt\/#\/schema\/logo\/image\/\",\"url\":\"https:\/\/els-solutions.com\/cms\/wp-content\/uploads\/2023\/08\/ELS-NewLogo-ColorBlack-1-e1691153715735.png\",\"contentUrl\":\"https:\/\/els-solutions.com\/cms\/wp-content\/uploads\/2023\/08\/ELS-NewLogo-ColorBlack-1-e1691153715735.png\",\"width\":2226,\"height\":1080,\"caption\":\"ELS Group - Accelerating Innovation\"},\"image\":{\"@id\":\"https:\/\/els-solutions.com\/pt-pt\/#\/schema\/logo\/image\/\"},\"sameAs\":[\"https:\/\/www.facebook.com\/els.solutions\/\"]}]}<\/script>\n<!-- \/ Yoast SEO plugin. -->","yoast_head_json":{"title":"Not\u00edcias - ELS Group - Accelerating Innovation","description":"Acompanhe as \u00faltimas not\u00edcias sobre o mercado da Ind\u00fastria Farmac\u00eautica, de Sa\u00fade e Bem-Estar. Ler not\u00edcias!","robots":{"index":"index","follow":"follow","max-snippet":"max-snippet:-1","max-image-preview":"max-image-preview:large","max-video-preview":"max-video-preview:-1"},"canonical":"https:\/\/els-solutions.com\/pt-pt\/noticias\/","og_locale":"pt_PT","og_type":"article","og_title":"Not\u00edcias - ELS Group - Accelerating Innovation","og_description":"Acompanhe as \u00faltimas not\u00edcias sobre o mercado da Ind\u00fastria Farmac\u00eautica, de Sa\u00fade e Bem-Estar. Ler not\u00edcias!","og_url":"https:\/\/els-solutions.com\/pt-pt\/noticias\/","og_site_name":"ELS Group - Accelerating Innovation","article_publisher":"https:\/\/www.facebook.com\/els.solutions\/","article_modified_time":"2026-02-05T21:37:20+00:00","twitter_card":"summary_large_image","twitter_misc":{"Tempo estimado de leitura":"16 minutos"},"schema":{"@context":"https:\/\/schema.org","@graph":[{"@type":"WebPage","@id":"https:\/\/els-solutions.com\/pt-pt\/noticias\/","url":"https:\/\/els-solutions.com\/pt-pt\/noticias\/","name":"Not\u00edcias - ELS Group - Accelerating Innovation","isPartOf":{"@id":"https:\/\/els-solutions.com\/pt-pt\/#website"},"datePublished":"2020-08-20T17:08:41+00:00","dateModified":"2026-02-05T21:37:20+00:00","description":"Acompanhe as \u00faltimas not\u00edcias sobre o mercado da Ind\u00fastria Farmac\u00eautica, de Sa\u00fade e Bem-Estar. Ler not\u00edcias!","breadcrumb":{"@id":"https:\/\/els-solutions.com\/pt-pt\/noticias\/#breadcrumb"},"inLanguage":"pt-PT","potentialAction":[{"@type":"ReadAction","target":["https:\/\/els-solutions.com\/pt-pt\/noticias\/"]}]},{"@type":"BreadcrumbList","@id":"https:\/\/els-solutions.com\/pt-pt\/noticias\/#breadcrumb","itemListElement":[{"@type":"ListItem","position":1,"name":"In\u00edcio","item":"https:\/\/els-solutions.com\/pt-pt\/"},{"@type":"ListItem","position":2,"name":"Not\u00edcias"}]},{"@type":"WebSite","@id":"https:\/\/els-solutions.com\/pt-pt\/#website","url":"https:\/\/els-solutions.com\/pt-pt\/","name":"ELS Group - Accelerating Innovation","description":"Assessoria estrat\u00e9gia para a Ind\u00fastria Farmac\u00eautica","publisher":{"@id":"https:\/\/els-solutions.com\/pt-pt\/#organization"},"potentialAction":[{"@type":"SearchAction","target":{"@type":"EntryPoint","urlTemplate":"https:\/\/els-solutions.com\/pt-pt\/?s={search_term_string}"},"query-input":{"@type":"PropertyValueSpecification","valueRequired":true,"valueName":"search_term_string"}}],"inLanguage":"pt-PT"},{"@type":"Organization","@id":"https:\/\/els-solutions.com\/pt-pt\/#organization","name":"ELS Group - Accelerating Innovation","url":"https:\/\/els-solutions.com\/pt-pt\/","logo":{"@type":"ImageObject","inLanguage":"pt-PT","@id":"https:\/\/els-solutions.com\/pt-pt\/#\/schema\/logo\/image\/","url":"https:\/\/els-solutions.com\/cms\/wp-content\/uploads\/2023\/08\/ELS-NewLogo-ColorBlack-1-e1691153715735.png","contentUrl":"https:\/\/els-solutions.com\/cms\/wp-content\/uploads\/2023\/08\/ELS-NewLogo-ColorBlack-1-e1691153715735.png","width":2226,"height":1080,"caption":"ELS Group - Accelerating Innovation"},"image":{"@id":"https:\/\/els-solutions.com\/pt-pt\/#\/schema\/logo\/image\/"},"sameAs":["https:\/\/www.facebook.com\/els.solutions\/"]}]}},"_links":{"self":[{"href":"https:\/\/els-solutions.com\/pt-pt\/wp-json\/wp\/v2\/pages\/46","targetHints":{"allow":["GET"]}}],"collection":[{"href":"https:\/\/els-solutions.com\/pt-pt\/wp-json\/wp\/v2\/pages"}],"about":[{"href":"https:\/\/els-solutions.com\/pt-pt\/wp-json\/wp\/v2\/types\/page"}],"author":[{"embeddable":true,"href":"https:\/\/els-solutions.com\/pt-pt\/wp-json\/wp\/v2\/users\/9"}],"replies":[{"embeddable":true,"href":"https:\/\/els-solutions.com\/pt-pt\/wp-json\/wp\/v2\/comments?post=46"}],"version-history":[{"count":2,"href":"https:\/\/els-solutions.com\/pt-pt\/wp-json\/wp\/v2\/pages\/46\/revisions"}],"predecessor-version":[{"id":8360,"href":"https:\/\/els-solutions.com\/pt-pt\/wp-json\/wp\/v2\/pages\/46\/revisions\/8360"}],"wp:attachment":[{"href":"https:\/\/els-solutions.com\/pt-pt\/wp-json\/wp\/v2\/media?parent=46"}],"curies":[{"name":"wp","href":"https:\/\/api.w.org\/{rel}","templated":true}]}}